{"id":758168,"date":"2025-08-28T07:56:51","date_gmt":"2025-08-28T04:56:51","guid":{"rendered":"https:\/\/roveyayinevi.com.tr\/index.php\/urun\/buyumeden-once-yapilacaklar-listesi\/"},"modified":"2026-04-11T14:26:36","modified_gmt":"2026-04-11T11:26:36","slug":"buyumeden-once-yapilacaklar-listesi","status":"publish","type":"product","link":"https:\/\/roveyayinevi.com.tr\/index.php\/urun\/buyumeden-once-yapilacaklar-listesi\/","title":{"rendered":"B\u00fcy\u00fcmeden \u00d6nce Yap\u0131lacaklar Listesi"},"content":{"rendered":"<p>\u0130yi ki do\u011fdun Gu\u0308lce! Yar\u0131n Gu\u0308lce&#8217;nin b\u00fcy\u00fck bir \u00e7ocuk olarak ilk gu\u0308nu\u0308 olacakt\u0131. Art\u0131k yetis\u0327kin biri gibi davranacak, c\u0327ocukc\u0327a hareketleri 7 yas\u0327\u0131yla birlikte geride b\u0131rakacakt\u0131. Bugu\u0308nu\u0308 de c\u0327ocukken sevdig\u0306i s\u0327eyleri son kez yapma gu\u0308nu\u0308 ilan etmis\u0327ti. Bunun ic\u0327in \u201cBu\u0308yu\u0308meden \u00d6nce Yap\u0131lacaklar Listesi\u201d haz\u0131rd\u0131! <\/p>\n","protected":false},"excerpt":{"rendered":"<p>\u0130yi ki do\u011fdun Gu\u0308lce! Yar\u0131n Gu\u0308lce&#8217;nin b\u00fcy\u00fck bir \u00e7ocuk olarak ilk gu\u0308nu\u0308 olacakt\u0131. Art\u0131k yetis\u0327kin biri gibi davranacak, c\u0327ocukc\u0327a hareketleri 7 yas\u0327\u0131yla birlikte geride b\u0131rakacakt\u0131. Bugu\u0308nu\u0308<span class=\"excerpt-hellip\"> [\u2026]<\/span><\/p>\n","protected":false},"featured_media":0,"template":"","meta":{"_monsterinsights_skip_tracking":false,"_monsterinsights_sitenote_active":false,"_monsterinsights_sitenote_note":"","_monsterinsights_sitenote_category":0},"product_brand":[],"product_cat":[12274,12284],"product_tag":[],"class_list":{"0":"post-758168","1":"product","2":"type-product","3":"status-publish","5":"product_cat-cocuk-ve-genclik-kitaplari","6":"product_cat-hikayeler","7":"pa_cilt-ciltsiz","8":"pa_tur-kitap","9":"pa_yayinevi-us-yayinlari","10":"pa_yazar-sena-nur-ayan","12":"first","13":"instock","14":"sale","15":"shipping-taxable","16":"purchasable","17":"product-type-simple"},"_links":{"self":[{"href":"https:\/\/roveyayinevi.com.tr\/index.php\/wp-json\/wp\/v2\/product\/758168","targetHints":{"allow":["GET"]}}],"collection":[{"href":"https:\/\/roveyayinevi.com.tr\/index.php\/wp-json\/wp\/v2\/product"}],"about":[{"href":"https:\/\/roveyayinevi.com.tr\/index.php\/wp-json\/wp\/v2\/types\/product"}],"wp:attachment":[{"href":"https:\/\/roveyayinevi.com.tr\/index.php\/wp-json\/wp\/v2\/media?parent=758168"}],"wp:term":[{"taxonomy":"product_brand","embeddable":true,"href":"https:\/\/roveyayinevi.com.tr\/index.php\/wp-json\/wp\/v2\/product_brand?post=758168"},{"taxonomy":"product_cat","embeddable":true,"href":"https:\/\/roveyayinevi.com.tr\/index.php\/wp-json\/wp\/v2\/product_cat?post=758168"},{"taxonomy":"product_tag","embeddable":true,"href":"https:\/\/roveyayinevi.com.tr\/index.php\/wp-json\/wp\/v2\/product_tag?post=758168"}],"curies":[{"name":"wp","href":"https:\/\/api.w.org\/{rel}","templated":true}]}}