{"id":758167,"date":"2025-08-28T07:56:50","date_gmt":"2025-08-28T04:56:50","guid":{"rendered":"https:\/\/roveyayinevi.com.tr\/index.php\/urun\/cocuk-ve-ergen-odakli-klinik-gorusme\/"},"modified":"2026-04-16T03:11:18","modified_gmt":"2026-04-16T00:11:18","slug":"cocuk-ve-ergen-odakli-klinik-gorusme","status":"publish","type":"product","link":"https:\/\/roveyayinevi.com.tr\/index.php\/urun\/cocuk-ve-ergen-odakli-klinik-gorusme\/","title":{"rendered":"\u00c7ocuk ve Ergen Odakl\u0131 Klinik G\u00f6r\u00fc\u015fme"},"content":{"rendered":"<p>\u00c7ocuk ve Ergen Odakl\u0131 Klinik G\u00f6r\u00fc\u015fme, bir terapistin \u00e7ocukluk ve ergenlik d\u00f6nemini ya\u015fayan hastas\u0131na yakla\u015f\u0131m\u0131nda ihtiya\u00e7 duyabilece\u011fi ba\u015fl\u0131klar\u0131 bir araya getiriyor. Anne-bebek ili\u015fkilerinin dinami\u011fini, n\u00f6robiyolojisini, do\u011fum, bebeklik, ergenlik gibi kritik d\u00f6nemlerdeki sanc\u0131lar\u0131n ruhsall\u0131\u011fa yans\u0131malar\u0131n\u0131 ele alan \u00e7al\u0131\u015fma, \u00e7ocukla klinik \u00e7al\u0131\u015fmalar\u0131nda kullan\u0131lan y\u00f6ntem ve kuramlar ile en yayg\u0131n kullan\u0131lan test ve \u00f6l\u00e7eklere de yer vermektedir. Sade, net ve anla\u015f\u0131l\u0131r bir dilin hakim oldu\u011fu \u00c7ocuk ve Ergen Odakl\u0131 Klinik G\u00f6r\u00fc\u015fme kitab\u0131 gerek terapist adaylar\u0131n\u0131n gerek ise terapistin alan ile ilgili olarak her daim ba\u015fvurabilece\u011fi bir \u00e7al\u0131\u015fma olma \u00f6zelli\u011fini ta\u015f\u0131maktad\u0131r.<\/p>\n","protected":false},"excerpt":{"rendered":"<p>\u00c7ocuk ve Ergen Odakl\u0131 Klinik G\u00f6r\u00fc\u015fme, bir terapistin \u00e7ocukluk ve ergenlik d\u00f6nemini ya\u015fayan hastas\u0131na yakla\u015f\u0131m\u0131nda ihtiya\u00e7 duyabilece\u011fi ba\u015fl\u0131klar\u0131 bir araya getiriyor. Anne-bebek ili\u015fkilerinin dinami\u011fini, n\u00f6robiyolojisini, do\u011fum,<span class=\"excerpt-hellip\"> [\u2026]<\/span><\/p>\n","protected":false},"featured_media":0,"template":"","meta":{"_monsterinsights_skip_tracking":false,"_monsterinsights_sitenote_active":false,"_monsterinsights_sitenote_note":"","_monsterinsights_sitenote_category":0},"product_brand":[],"product_cat":[12679,12357],"product_tag":[],"class_list":{"0":"post-758167","1":"product","2":"type-product","3":"status-publish","5":"product_cat-cocuk-psikolojisi","6":"product_cat-psikoloji","7":"pa_cilt-ciltsiz","8":"pa_tur-kitap","9":"pa_yayinevi-ideal-kultur-akademik","10":"pa_yazar-ideal-kultur-kolektif","12":"first","13":"instock","14":"sale","15":"shipping-taxable","16":"purchasable","17":"product-type-simple"},"_links":{"self":[{"href":"https:\/\/roveyayinevi.com.tr\/index.php\/wp-json\/wp\/v2\/product\/758167","targetHints":{"allow":["GET"]}}],"collection":[{"href":"https:\/\/roveyayinevi.com.tr\/index.php\/wp-json\/wp\/v2\/product"}],"about":[{"href":"https:\/\/roveyayinevi.com.tr\/index.php\/wp-json\/wp\/v2\/types\/product"}],"wp:attachment":[{"href":"https:\/\/roveyayinevi.com.tr\/index.php\/wp-json\/wp\/v2\/media?parent=758167"}],"wp:term":[{"taxonomy":"product_brand","embeddable":true,"href":"https:\/\/roveyayinevi.com.tr\/index.php\/wp-json\/wp\/v2\/product_brand?post=758167"},{"taxonomy":"product_cat","embeddable":true,"href":"https:\/\/roveyayinevi.com.tr\/index.php\/wp-json\/wp\/v2\/product_cat?post=758167"},{"taxonomy":"product_tag","embeddable":true,"href":"https:\/\/roveyayinevi.com.tr\/index.php\/wp-json\/wp\/v2\/product_tag?post=758167"}],"curies":[{"name":"wp","href":"https:\/\/api.w.org\/{rel}","templated":true}]}}