{"id":758165,"date":"2025-08-28T07:56:47","date_gmt":"2025-08-28T04:56:47","guid":{"rendered":"https:\/\/roveyayinevi.com.tr\/index.php\/urun\/ortadogu-yilligi-2019\/"},"modified":"2026-04-16T03:11:18","modified_gmt":"2026-04-16T00:11:18","slug":"ortadogu-yilligi-2019","status":"publish","type":"product","link":"https:\/\/roveyayinevi.com.tr\/index.php\/urun\/ortadogu-yilligi-2019\/","title":{"rendered":"Ortado\u011fu Y\u0131ll\u0131\u011f\u0131 &#8211; 2019"},"content":{"rendered":"<p>Ortado\u011fu b\u00f6lgesi, her y\u0131l bir \u00f6ncekinden daha farkl\u0131 krizlere savrulmaktad\u0131r. Bu sebeple b\u00f6lgeyi do\u011fru okuman\u0131n ve analiz etmenin \u00f6nemi her ge\u00e7en g\u00fcn daha \u00e7ok anla\u015f\u0131lmaktad\u0131r. Do\u011fru analizin ilk \u015fart\u0131 olan do\u011fru bilgi ise, \u00f6zellikle b\u00f6lgesel \u00e7al\u0131\u015fmalar s\u00f6z konusu oldu\u011funda, ancak birincil ve anadilde kaynaklardan elde edilebilmektedir. \u00dcstelik do\u011fru bilgi de tek ba\u015f\u0131na yeterli olmamakta, ayr\u0131ca bilimsel bilginin sine qua non&#8217;u olan teorik yakla\u015f\u0131ma da ihtiya\u00e7 duyulmaktad\u0131r. Sayd\u0131\u011f\u0131m\u0131z bu iki \u00f6zelli\u011fi de b\u00fcnyesinde bar\u0131nd\u0131ran ve \u00fclkemizde bir benzeri olmayan Ortado\u011fu Y\u0131ll\u0131\u011f\u0131, di\u011fer almanak t\u00fcr\u00fc eserlerden farkl\u0131 bir noktada konumlanmaktad\u0131r. Birbiri ard\u0131na s\u0131ralanan geli\u015fmelerin anlaml\u0131 ve tutarl\u0131 bir \u00e7er\u00e7evede sunulmas\u0131, eserin temel kayg\u0131lar\u0131 aras\u0131nda yer almaktad\u0131r. 2005 y\u0131l\u0131ndan itibaren her y\u0131l kesintisiz olarak yay\u0131mlanan y\u0131ll\u0131k, elinizdeki kopya ile birlikte 15. say\u0131s\u0131na ula\u015fm\u0131\u015ft\u0131r. B\u00f6lgenin ve d\u00fcnyan\u0131n daha iyi anla\u015f\u0131lmas\u0131na olan katk\u0131s\u0131 tart\u0131\u015fmas\u0131z olan eserin, ge\u00e7en 15 y\u0131l i\u00e7erisinde alan\u0131n\u0131n temel referanslar\u0131ndan biri haline geldi\u011fi s\u00f6ylenebilir.<\/p>\n","protected":false},"excerpt":{"rendered":"<p>Ortado\u011fu b\u00f6lgesi, her y\u0131l bir \u00f6ncekinden daha farkl\u0131 krizlere savrulmaktad\u0131r. Bu sebeple b\u00f6lgeyi do\u011fru okuman\u0131n ve analiz etmenin \u00f6nemi her ge\u00e7en g\u00fcn daha \u00e7ok anla\u015f\u0131lmaktad\u0131r. Do\u011fru<span class=\"excerpt-hellip\"> [\u2026]<\/span><\/p>\n","protected":false},"featured_media":0,"template":"","meta":{"_monsterinsights_skip_tracking":false,"_monsterinsights_sitenote_active":false,"_monsterinsights_sitenote_note":"","_monsterinsights_sitenote_category":0},"product_brand":[],"product_cat":[12337],"product_tag":[],"class_list":{"0":"post-758165","1":"product","2":"type-product","3":"status-publish","5":"product_cat-politika-siyaset","6":"pa_cilt-ciltsiz","7":"pa_tur-kitap","8":"pa_yayinevi-ideal-kultur-akademik","9":"pa_yazar-kemal-inat","10":"pa_yazar-muhittin-ataman","12":"first","13":"instock","14":"sale","15":"shipping-taxable","16":"purchasable","17":"product-type-simple"},"_links":{"self":[{"href":"https:\/\/roveyayinevi.com.tr\/index.php\/wp-json\/wp\/v2\/product\/758165","targetHints":{"allow":["GET"]}}],"collection":[{"href":"https:\/\/roveyayinevi.com.tr\/index.php\/wp-json\/wp\/v2\/product"}],"about":[{"href":"https:\/\/roveyayinevi.com.tr\/index.php\/wp-json\/wp\/v2\/types\/product"}],"wp:attachment":[{"href":"https:\/\/roveyayinevi.com.tr\/index.php\/wp-json\/wp\/v2\/media?parent=758165"}],"wp:term":[{"taxonomy":"product_brand","embeddable":true,"href":"https:\/\/roveyayinevi.com.tr\/index.php\/wp-json\/wp\/v2\/product_brand?post=758165"},{"taxonomy":"product_cat","embeddable":true,"href":"https:\/\/roveyayinevi.com.tr\/index.php\/wp-json\/wp\/v2\/product_cat?post=758165"},{"taxonomy":"product_tag","embeddable":true,"href":"https:\/\/roveyayinevi.com.tr\/index.php\/wp-json\/wp\/v2\/product_tag?post=758165"}],"curies":[{"name":"wp","href":"https:\/\/api.w.org\/{rel}","templated":true}]}}