{"id":758164,"date":"2025-08-28T07:56:46","date_gmt":"2025-08-28T04:56:46","guid":{"rendered":"https:\/\/roveyayinevi.com.tr\/index.php\/urun\/ortadogu-yilligi-2018\/"},"modified":"2026-04-16T03:11:18","modified_gmt":"2026-04-16T00:11:18","slug":"ortadogu-yilligi-2018","status":"publish","type":"product","link":"https:\/\/roveyayinevi.com.tr\/index.php\/urun\/ortadogu-yilligi-2018\/","title":{"rendered":"Ortado\u011fu Y\u0131ll\u0131\u011f\u0131 2018"},"content":{"rendered":"<p>Ortado\u011fu&#8217;da var olan askeri, siyasi ve insani krizler ve bu krizler ba\u011flam\u0131nda b\u00f6lgesel\/k\u00fcresel akt\u00f6rlerin davran\u0131\u015flar\u0131 hakk\u0131nda akademik bilin\u00e7\/haf\u0131za olu\u015fturmak amac\u0131yla kaleme al\u0131nan Ortado\u011fu Y\u0131ll\u0131\u011f\u0131 on be\u015finci kitab\u0131na ula\u015ft\u0131. Bu y\u0131ll\u0131\u011f\u0131 yay\u0131mlayarak Ortado\u011fu alan\u0131nda ba\u015fta akademisyen ve ara\u015ft\u0131rmac\u0131lar ile konuya ilgi duyan kamuoyuna nitelikli bilgi verme amac\u0131m\u0131za b\u00fcy\u00fck \u00f6l\u00e7\u00fcde ula\u015ft\u0131\u011f\u0131m\u0131za inan\u0131yoruz. Bu amac\u0131 ger\u00e7ekle\u015ftirirken kitaptaki \u00fclkeler ve konular \u00fczerine uzmanla\u015fm\u0131\u015f yazarlar\u0131m\u0131z ara\u015ft\u0131rmalar\u0131nda hem objektif bir yakla\u015f\u0131m sergilemeye \u00f6zen g\u00f6stermekte hem de birincil kaynaklar kullanarak hedeflenen okuyucu kitlesini do\u011frudan sahayla bulu\u015fturmaktad\u0131r. B\u00f6ylece bu y\u0131ll\u0131k T\u00fcrkiye&#8217;de Ortado\u011fu&#8217;ya dair literat\u00fcr\u00fcn geli\u015fmesine katk\u0131da bulunan ve bu b\u00f6lgeyle ilgili ara\u015ft\u0131rmalar yapacak olan gelecek nesil ara\u015ft\u0131rmac\u0131lara yard\u0131mc\u0131 olacak bir kaynak haline gelmi\u015ftir.<\/p>\n","protected":false},"excerpt":{"rendered":"<p>Ortado\u011fu&#8217;da var olan askeri, siyasi ve insani krizler ve bu krizler ba\u011flam\u0131nda b\u00f6lgesel\/k\u00fcresel akt\u00f6rlerin davran\u0131\u015flar\u0131 hakk\u0131nda akademik bilin\u00e7\/haf\u0131za olu\u015fturmak amac\u0131yla kaleme al\u0131nan Ortado\u011fu Y\u0131ll\u0131\u011f\u0131 on be\u015finci<span class=\"excerpt-hellip\"> [\u2026]<\/span><\/p>\n","protected":false},"featured_media":0,"template":"","meta":{"_monsterinsights_skip_tracking":false,"_monsterinsights_sitenote_active":false,"_monsterinsights_sitenote_note":"","_monsterinsights_sitenote_category":0},"product_brand":[],"product_cat":[12337],"product_tag":[],"class_list":{"0":"post-758164","1":"product","2":"type-product","3":"status-publish","5":"product_cat-politika-siyaset","6":"pa_cilt-ciltsiz","7":"pa_tur-kitap","8":"pa_yayinevi-ideal-kultur-akademik","9":"pa_yazar-ideal-kultur-kolektif","11":"first","12":"instock","13":"sale","14":"shipping-taxable","15":"purchasable","16":"product-type-simple"},"_links":{"self":[{"href":"https:\/\/roveyayinevi.com.tr\/index.php\/wp-json\/wp\/v2\/product\/758164","targetHints":{"allow":["GET"]}}],"collection":[{"href":"https:\/\/roveyayinevi.com.tr\/index.php\/wp-json\/wp\/v2\/product"}],"about":[{"href":"https:\/\/roveyayinevi.com.tr\/index.php\/wp-json\/wp\/v2\/types\/product"}],"wp:attachment":[{"href":"https:\/\/roveyayinevi.com.tr\/index.php\/wp-json\/wp\/v2\/media?parent=758164"}],"wp:term":[{"taxonomy":"product_brand","embeddable":true,"href":"https:\/\/roveyayinevi.com.tr\/index.php\/wp-json\/wp\/v2\/product_brand?post=758164"},{"taxonomy":"product_cat","embeddable":true,"href":"https:\/\/roveyayinevi.com.tr\/index.php\/wp-json\/wp\/v2\/product_cat?post=758164"},{"taxonomy":"product_tag","embeddable":true,"href":"https:\/\/roveyayinevi.com.tr\/index.php\/wp-json\/wp\/v2\/product_tag?post=758164"}],"curies":[{"name":"wp","href":"https:\/\/api.w.org\/{rel}","templated":true}]}}