{"id":758163,"date":"2025-08-28T07:56:45","date_gmt":"2025-08-28T04:56:45","guid":{"rendered":"https:\/\/roveyayinevi.com.tr\/index.php\/urun\/medrese-egitimi\/"},"modified":"2026-04-16T03:11:18","modified_gmt":"2026-04-16T00:11:18","slug":"medrese-egitimi","status":"publish","type":"product","link":"https:\/\/roveyayinevi.com.tr\/index.php\/urun\/medrese-egitimi\/","title":{"rendered":"Medrese E\u011fitimi"},"content":{"rendered":"<p>\u0130sl\u00e2m d\u00fcnyas\u0131nda ilim ve e\u011fitim 8-13. as\u0131rlarda zirveye \u00e7\u0131km\u0131\u015f, \u0130sl\u00e2m\u00ee ilimlerin her alan\u0131nda birbiri ile s\u00fcrekli yar\u0131\u015fan y\u00fcksek nitelikli eserler kaleme al\u0131nd\u0131\u011f\u0131 gibi Do\u011fu ve Bat\u0131 d\u00fcnyalar\u0131ndan al\u0131nan felsefe, t\u0131p, matematik, astronomi gibi tabii ilimler de zirveye ta\u015f\u0131nm\u0131\u015ft\u0131r. M\u00fcsl\u00fcman \u00e2limler, Aristo mant\u0131\u011f\u0131n\u0131 geli\u015ftirmi\u015f ve fersah fersah ge\u00e7mi\u015flerdir.B\u00f6ylece ilmi ara\u015ft\u0131rmalar metodolojisi sa\u011flam bir \u015fekilde olu\u015fturulmu\u015f; M\u00fcsl\u00fcman \u00e2limler taraf\u0131ndan tecr\u00fcbecilik icat edilerek hem akli hem de nakli ilimler ara\u015ft\u0131rma y\u00f6ntemleri daha somut veriler \u00fczerine oturtulmu\u015ftur.Medrese, \u0130sl\u00e2m\u00ee e\u011fitim sisteminde temel e\u011fitimden sonraki orta, y\u00fcksek ve lisans\u00fcst\u00fc e\u011fitimi kapsayan b\u00fct\u00fcn e\u011fitim s\u00fcrecinin genel ismi olarak kullan\u0131lmaktad\u0131r. Medrese E\u011fitimi isimli bu \u00e7al\u0131\u015fmada e\u011fitim kurumu vazifesini g\u00f6ren medrese, iki b\u00f6l\u00fcm ile ele al\u0131nmaktad\u0131r. Birinci b\u00f6l\u00fcmde \u0130slam medeniyetinde medrese e\u011fitiminin ortaya \u00e7\u0131k\u0131\u015f\u0131 ve geli\u015fimi, medrese mekanlar\u0131n\u0131n i\u015flevi, medreselerde okutulan ders ve kad\u0131nlar\u0131n e\u011fitimi t\u00fcm y\u00f6nleriyle aktar\u0131l\u0131rken, ikinci b\u00f6l\u00fcmde Osmanl\u0131 medrese e\u011fitimi \u00fczerinde durulmu\u015ftur.<\/p>\n","protected":false},"excerpt":{"rendered":"<p>\u0130sl\u00e2m d\u00fcnyas\u0131nda ilim ve e\u011fitim 8-13. as\u0131rlarda zirveye \u00e7\u0131km\u0131\u015f, \u0130sl\u00e2m\u00ee ilimlerin her alan\u0131nda birbiri ile s\u00fcrekli yar\u0131\u015fan y\u00fcksek nitelikli eserler kaleme al\u0131nd\u0131\u011f\u0131 gibi Do\u011fu ve Bat\u0131<span class=\"excerpt-hellip\"> [\u2026]<\/span><\/p>\n","protected":false},"featured_media":0,"template":"","meta":{"_monsterinsights_skip_tracking":false,"_monsterinsights_sitenote_active":false,"_monsterinsights_sitenote_note":"","_monsterinsights_sitenote_category":0},"product_brand":[],"product_cat":[12312,12304],"product_tag":[],"class_list":{"0":"post-758163","1":"product","2":"type-product","3":"status-publish","5":"product_cat-diger","6":"product_cat-tarih","7":"pa_cilt-ciltsiz","8":"pa_tur-kitap","9":"pa_yayinevi-ideal-kultur-akademik","10":"pa_yazar-muammer-demirel","12":"first","13":"instock","14":"sale","15":"shipping-taxable","16":"purchasable","17":"product-type-simple"},"_links":{"self":[{"href":"https:\/\/roveyayinevi.com.tr\/index.php\/wp-json\/wp\/v2\/product\/758163","targetHints":{"allow":["GET"]}}],"collection":[{"href":"https:\/\/roveyayinevi.com.tr\/index.php\/wp-json\/wp\/v2\/product"}],"about":[{"href":"https:\/\/roveyayinevi.com.tr\/index.php\/wp-json\/wp\/v2\/types\/product"}],"wp:attachment":[{"href":"https:\/\/roveyayinevi.com.tr\/index.php\/wp-json\/wp\/v2\/media?parent=758163"}],"wp:term":[{"taxonomy":"product_brand","embeddable":true,"href":"https:\/\/roveyayinevi.com.tr\/index.php\/wp-json\/wp\/v2\/product_brand?post=758163"},{"taxonomy":"product_cat","embeddable":true,"href":"https:\/\/roveyayinevi.com.tr\/index.php\/wp-json\/wp\/v2\/product_cat?post=758163"},{"taxonomy":"product_tag","embeddable":true,"href":"https:\/\/roveyayinevi.com.tr\/index.php\/wp-json\/wp\/v2\/product_tag?post=758163"}],"curies":[{"name":"wp","href":"https:\/\/api.w.org\/{rel}","templated":true}]}}