{"id":758161,"date":"2025-08-28T07:56:42","date_gmt":"2025-08-28T04:56:42","guid":{"rendered":"https:\/\/roveyayinevi.com.tr\/index.php\/urun\/tarihin-pesinde-hayatin-icinde-selahaddin-ondere-armagan\/"},"modified":"2026-04-16T03:11:18","modified_gmt":"2026-04-16T00:11:18","slug":"tarihin-pesinde-hayatin-icinde-selahaddin-ondere-armagan","status":"publish","type":"product","link":"https:\/\/roveyayinevi.com.tr\/index.php\/urun\/tarihin-pesinde-hayatin-icinde-selahaddin-ondere-armagan\/","title":{"rendered":"Tarihin Pe\u015finde Hayat\u0131n \u0130\u00e7inde Selahaddin \u00d6nder&#8217;e Arma\u011fan"},"content":{"rendered":"<p>Ge\u00e7mi\u015fi konu alan tarih asl\u0131nda hayat\u0131n ta kendisidir. Ki\u015filer, olaylar, kurumlar ve daha bir\u00e7ok unsur \u00fczerinden de\u011ferlendirmeler yap\u0131l\u0131rken bug\u00fcne ve gelece\u011fe dair de ipu\u00e7lar\u0131na ula\u015f\u0131lmaktad\u0131r.Kitapda \u0130lk\u00e7a\u011f&#8217;dan Cumhuriyet d\u00f6nemine kadar farkl\u0131 konularda yaz\u0131lm\u0131\u015f akademik \u00e7al\u0131\u015fmalar bulunmaktad\u0131r. Bu \u00e7al\u0131\u015fmalar\u0131 bir araya getirmemize vesile olan Eski\u015fehir Osmangazi \u00dcniversitesi Tarih B\u00f6l\u00fcm\u00fc&#8217;n\u00fcn kurucu ba\u015fkan\u0131 olan k\u0131ymetli hocam\u0131z Selahaddin \u00d6nder&#8217;dir. Kendisi birle\u015ftirici ve ku\u015fat\u0131c\u0131 ki\u015fili\u011fi ile b\u00f6l\u00fcm\u00fcn temellerini atarken y\u00fczlerce \u00f6\u011frencinin de hayat\u0131na dokunmu\u015ftur.Tarih\u00e7ili\u011finin yan\u0131 s\u0131ra g\u00fczel hasletleriyle &#8216;Ya oldu\u011fun gibi g\u00f6r\u00fcn, ya g\u00f6r\u00fcnd\u00fc\u011f\u00fcn gibi ol&#8217; d\u00fcsturunu ya\u015fayarak g\u00f6steren, emeklili\u011fe u\u011furlad\u0131\u011f\u0131m\u0131z hocam\u0131z bizlere &#8216;Baki kalan bu kubbede ho\u015f bir sada&#8217; b\u0131rakm\u0131\u015ft\u0131r.<\/p>\n","protected":false},"excerpt":{"rendered":"<p>Ge\u00e7mi\u015fi konu alan tarih asl\u0131nda hayat\u0131n ta kendisidir. Ki\u015filer, olaylar, kurumlar ve daha bir\u00e7ok unsur \u00fczerinden de\u011ferlendirmeler yap\u0131l\u0131rken bug\u00fcne ve gelece\u011fe dair de ipu\u00e7lar\u0131na ula\u015f\u0131lmaktad\u0131r.Kitapda \u0130lk\u00e7a\u011f&#8217;dan<span class=\"excerpt-hellip\"> [\u2026]<\/span><\/p>\n","protected":false},"featured_media":0,"template":"","meta":{"_monsterinsights_skip_tracking":false,"_monsterinsights_sitenote_active":false,"_monsterinsights_sitenote_note":"","_monsterinsights_sitenote_category":0},"product_brand":[],"product_cat":[13072,12291],"product_tag":[],"class_list":{"0":"post-758161","1":"product","2":"type-product","3":"status-publish","5":"product_cat-arastirma-inceleme-referans","6":"product_cat-edebiyat","7":"pa_cilt-ciltsiz","8":"pa_tur-kitap","9":"pa_yayinevi-ideal-kultur-akademik","10":"pa_yazar-ideal-kultur-kolektif","12":"first","13":"instock","14":"sale","15":"shipping-taxable","16":"purchasable","17":"product-type-simple"},"_links":{"self":[{"href":"https:\/\/roveyayinevi.com.tr\/index.php\/wp-json\/wp\/v2\/product\/758161","targetHints":{"allow":["GET"]}}],"collection":[{"href":"https:\/\/roveyayinevi.com.tr\/index.php\/wp-json\/wp\/v2\/product"}],"about":[{"href":"https:\/\/roveyayinevi.com.tr\/index.php\/wp-json\/wp\/v2\/types\/product"}],"wp:attachment":[{"href":"https:\/\/roveyayinevi.com.tr\/index.php\/wp-json\/wp\/v2\/media?parent=758161"}],"wp:term":[{"taxonomy":"product_brand","embeddable":true,"href":"https:\/\/roveyayinevi.com.tr\/index.php\/wp-json\/wp\/v2\/product_brand?post=758161"},{"taxonomy":"product_cat","embeddable":true,"href":"https:\/\/roveyayinevi.com.tr\/index.php\/wp-json\/wp\/v2\/product_cat?post=758161"},{"taxonomy":"product_tag","embeddable":true,"href":"https:\/\/roveyayinevi.com.tr\/index.php\/wp-json\/wp\/v2\/product_tag?post=758161"}],"curies":[{"name":"wp","href":"https:\/\/api.w.org\/{rel}","templated":true}]}}