{"id":758152,"date":"2025-08-28T07:56:31","date_gmt":"2025-08-28T04:56:31","guid":{"rendered":"https:\/\/roveyayinevi.com.tr\/index.php\/urun\/ergenligin-terapisi\/"},"modified":"2026-04-16T03:11:18","modified_gmt":"2026-04-16T00:11:18","slug":"ergenligin-terapisi","status":"publish","type":"product","link":"https:\/\/roveyayinevi.com.tr\/index.php\/urun\/ergenligin-terapisi\/","title":{"rendered":"Ergenli\u011fin Terapisi"},"content":{"rendered":"<p>Ergenlik d\u00f6neminin \u00f6zellikleri nelerdir?Ergenli\u011fin ya\u015fam i\u00e7in anlam\u0131 nedir?Ergenlerle sa\u011fl\u0131kl\u0131 ileti\u015fim kurma teknikleri neler olabilir?Riskli davran\u0131\u015flar ve \u00f6fke kontrol\u00fc ile nas\u0131l ba\u015f edilebilir?Ergenlik, gencin oldu\u011fu kadar ebeveynler ve e\u011fitimciler i\u00e7in de cevaplar\u0131 havada kalan soru i\u015faretleri ile dolu bir d\u00f6nemdir. K\u0131sa bir s\u00fcre \u00f6ncesine kadar olduk\u00e7a uyumlu bir ili\u015fkiniz olan \u00e7ocu\u011funuz bir anda \u00f6fke patlamalar\u0131, \u00e7at\u0131\u015fmalar i\u00e7erisinde bamba\u015fka birine d\u00f6n\u00fc\u015febilir. Ba\u015fka bir deyi\u015fle \u00e7ocu\u011funuz yeti\u015fkinli\u011fine do\u011fru ilk ad\u0131m\u0131n\u0131 atm\u0131\u015f ve \u2018ergenlik d\u00f6nemi&#8217; sizin de kap\u0131n\u0131z\u0131 \u00e7alm\u0131\u015ft\u0131r.As\u0131l mesle\u011fi psikolog olan yazar\u0131n, 33 y\u0131ll\u0131k meslek ya\u015fam\u0131nda dan\u0131\u015fanlar\u0131n\u0131n dile getirdi\u011fi temel sorunlarda ve bir anne olarak kar\u015f\u0131la\u015ft\u0131\u011f\u0131 olaylarda deneyerek olumlu sonu\u00e7lar ald\u0131\u011f\u0131 yakla\u015f\u0131mlar\u0131ndan yola \u00e7\u0131karak haz\u0131rlanan eserde, ergenlik hakk\u0131nda her ebeveyn ve e\u011fitimcinin bilmesi gereken detaylar net bir \u015fekilde ele al\u0131n\u0131yor.Eserde ayr\u0131ca ebeveyn ve e\u011fitimciler, kendilerine ve ergenlere nas\u0131l destek verebileceklerine ili\u015fkin adeta haz\u0131r ve pratik re\u00e7etelerin yan\u0131 s\u0131ra ergenle ileti\u015fim i\u00e7erisinde olan ki\u015filerin izlemeleri gereken do\u011fru psikolojik yakla\u015f\u0131mlara ili\u015fkin \u00e7\u00f6z\u00fcm yollar\u0131n\u0131 da bulacaklar.<\/p>\n","protected":false},"excerpt":{"rendered":"<p>Ergenlik d\u00f6neminin \u00f6zellikleri nelerdir?Ergenli\u011fin ya\u015fam i\u00e7in anlam\u0131 nedir?Ergenlerle sa\u011fl\u0131kl\u0131 ileti\u015fim kurma teknikleri neler olabilir?Riskli davran\u0131\u015flar ve \u00f6fke kontrol\u00fc ile nas\u0131l ba\u015f edilebilir?Ergenlik, gencin oldu\u011fu kadar ebeveynler<span class=\"excerpt-hellip\"> [\u2026]<\/span><\/p>\n","protected":false},"featured_media":0,"template":"","meta":{"_monsterinsights_skip_tracking":false,"_monsterinsights_sitenote_active":false,"_monsterinsights_sitenote_note":"","_monsterinsights_sitenote_category":0},"product_brand":[],"product_cat":[12679,12357],"product_tag":[],"class_list":{"0":"post-758152","1":"product","2":"type-product","3":"status-publish","5":"product_cat-cocuk-psikolojisi","6":"product_cat-psikoloji","7":"pa_cilt-ciltsiz","8":"pa_tur-kitap","9":"pa_yayinevi-ideal-kultur-akademik","10":"pa_yazar-elif-kilinc-karagun","12":"first","13":"instock","14":"sale","15":"shipping-taxable","16":"purchasable","17":"product-type-simple"},"_links":{"self":[{"href":"https:\/\/roveyayinevi.com.tr\/index.php\/wp-json\/wp\/v2\/product\/758152","targetHints":{"allow":["GET"]}}],"collection":[{"href":"https:\/\/roveyayinevi.com.tr\/index.php\/wp-json\/wp\/v2\/product"}],"about":[{"href":"https:\/\/roveyayinevi.com.tr\/index.php\/wp-json\/wp\/v2\/types\/product"}],"wp:attachment":[{"href":"https:\/\/roveyayinevi.com.tr\/index.php\/wp-json\/wp\/v2\/media?parent=758152"}],"wp:term":[{"taxonomy":"product_brand","embeddable":true,"href":"https:\/\/roveyayinevi.com.tr\/index.php\/wp-json\/wp\/v2\/product_brand?post=758152"},{"taxonomy":"product_cat","embeddable":true,"href":"https:\/\/roveyayinevi.com.tr\/index.php\/wp-json\/wp\/v2\/product_cat?post=758152"},{"taxonomy":"product_tag","embeddable":true,"href":"https:\/\/roveyayinevi.com.tr\/index.php\/wp-json\/wp\/v2\/product_tag?post=758152"}],"curies":[{"name":"wp","href":"https:\/\/api.w.org\/{rel}","templated":true}]}}