{"id":758149,"date":"2025-08-28T07:56:28","date_gmt":"2025-08-28T04:56:28","guid":{"rendered":"https:\/\/roveyayinevi.com.tr\/index.php\/urun\/dogu-akdeniz\/"},"modified":"2026-04-08T03:19:28","modified_gmt":"2026-04-08T00:19:28","slug":"dogu-akdeniz","status":"publish","type":"product","link":"https:\/\/roveyayinevi.com.tr\/index.php\/urun\/dogu-akdeniz\/","title":{"rendered":"Do\u011fu Akdeniz"},"content":{"rendered":"<p>Asya, Afrika ve Avrupa k\u0131talar\u0131n\u0131 birbirine ba\u011flayan tek deniz yolu olma \u00f6zelli\u011fini ta\u015f\u0131yan Akdeniz, as\u0131rlar boyunca bu \u00fc\u00e7 k\u0131ta aras\u0131nda k\u00fclt\u00fcrden ticarete her t\u00fcrl\u00fc m\u00fcbadelenin ana ta\u015f\u0131y\u0131c\u0131s\u0131 olmu\u015ftur. \u0130lk medeniyetlerin do\u011fu\u015fu, geli\u015fimi, ilk b\u00fcy\u00fck imparatorluklar\u0131n kurulu\u015fu ve \u00e7\u00f6k\u00fc\u015f\u00fc, semavi dinlerin ortaya \u00e7\u0131k\u0131\u015f\u0131 gibi insan hayat\u0131n\u0131 bir\u00e7ok y\u00f6nden etkileyen olaylar\u0131n merkezinde Akdeniz d\u00fcnyas\u0131n\u0131 g\u00f6rmek m\u00fcmk\u00fcnd\u00fcr. Uluslararas\u0131 ticarette oynad\u0131\u011f\u0131 tarihi rol kadar enerji kaynaklar\u0131n\u0131n ke\u015ffi ve artan \u00f6nemi, Akdeniz&#8217;e farkl\u0131 bir jeopolitik \u00f6nem verilmesine kap\u0131 aralam\u0131\u015ft\u0131r. Son y\u0131llarda Do\u011fu Akdeniz&#8217;de enerji kaynaklar\u0131n\u0131n varl\u0131\u011f\u0131na dair yap\u0131lan ke\u015fifler, b\u00f6lge \u00fczerindeki stratejik hesaplar\u0131n artmas\u0131na yol a\u00e7m\u0131\u015ft\u0131r.Elinizdeki \u00e7al\u0131\u015fma b\u00f6lgedeki sorunlar\u0131 t\u00fcm boyutlar\u0131yla tart\u0131\u015fmaktad\u0131r. Kitap bu konudaki t\u00fcm sorunlar\u0131 cevap vermeye odaklanm\u0131\u015f ve alan\u0131nda uzman arkada\u015flar\u0131n katk\u0131lar\u0131yla olu\u015fmu\u015ftur. \u00c7al\u0131\u015fmada hem b\u00f6lgedeki enerji kaynaklar\u0131 ve bundan kaynaklanan sorunlar hem de hukuki ve siyasi sorunlar b\u00fct\u00fcn boyutlar\u0131yla tart\u0131\u015f\u0131lmaktad\u0131r.<\/p>\n","protected":false},"excerpt":{"rendered":"<p>Asya, Afrika ve Avrupa k\u0131talar\u0131n\u0131 birbirine ba\u011flayan tek deniz yolu olma \u00f6zelli\u011fini ta\u015f\u0131yan Akdeniz, as\u0131rlar boyunca bu \u00fc\u00e7 k\u0131ta aras\u0131nda k\u00fclt\u00fcrden ticarete her t\u00fcrl\u00fc m\u00fcbadelenin ana<span class=\"excerpt-hellip\"> [\u2026]<\/span><\/p>\n","protected":false},"featured_media":0,"template":"","meta":{"_monsterinsights_skip_tracking":false,"_monsterinsights_sitenote_active":false,"_monsterinsights_sitenote_note":"","_monsterinsights_sitenote_category":0},"product_brand":[],"product_cat":[12337],"product_tag":[],"class_list":{"0":"post-758149","1":"product","2":"type-product","3":"status-publish","5":"product_cat-politika-siyaset","6":"pa_cilt-ciltsiz","7":"pa_tur-kitap","8":"pa_yayinevi-ideal-kultur-akademik","9":"pa_yazar-ideal-kultur-kolektif","11":"first","12":"instock","13":"sale","14":"shipping-taxable","15":"purchasable","16":"product-type-simple"},"_links":{"self":[{"href":"https:\/\/roveyayinevi.com.tr\/index.php\/wp-json\/wp\/v2\/product\/758149","targetHints":{"allow":["GET"]}}],"collection":[{"href":"https:\/\/roveyayinevi.com.tr\/index.php\/wp-json\/wp\/v2\/product"}],"about":[{"href":"https:\/\/roveyayinevi.com.tr\/index.php\/wp-json\/wp\/v2\/types\/product"}],"wp:attachment":[{"href":"https:\/\/roveyayinevi.com.tr\/index.php\/wp-json\/wp\/v2\/media?parent=758149"}],"wp:term":[{"taxonomy":"product_brand","embeddable":true,"href":"https:\/\/roveyayinevi.com.tr\/index.php\/wp-json\/wp\/v2\/product_brand?post=758149"},{"taxonomy":"product_cat","embeddable":true,"href":"https:\/\/roveyayinevi.com.tr\/index.php\/wp-json\/wp\/v2\/product_cat?post=758149"},{"taxonomy":"product_tag","embeddable":true,"href":"https:\/\/roveyayinevi.com.tr\/index.php\/wp-json\/wp\/v2\/product_tag?post=758149"}],"curies":[{"name":"wp","href":"https:\/\/api.w.org\/{rel}","templated":true}]}}