{"id":758145,"date":"2025-08-28T07:56:22","date_gmt":"2025-08-28T04:56:22","guid":{"rendered":"https:\/\/roveyayinevi.com.tr\/index.php\/urun\/kent-ici-metro-tunelciligi\/"},"modified":"2026-04-16T03:11:18","modified_gmt":"2026-04-16T00:11:18","slug":"kent-ici-metro-tunelciligi","status":"publish","type":"product","link":"https:\/\/roveyayinevi.com.tr\/index.php\/urun\/kent-ici-metro-tunelciligi\/","title":{"rendered":"Kent \u0130\u00e7i Metro T\u00fcnelcili\u011fi"},"content":{"rendered":"<p>\u0130nsano\u011flunun son bir as\u0131rd\u0131r kar\u015f\u0131 kar\u015f\u0131ya kald\u0131\u011f\u0131 en b\u00fcy\u00fck salg\u0131nhastal\u0131k, COVID-19 ile kent i\u00e7inde ula\u015f\u0131m hizmeti veren toplu ta\u015f\u0131maara\u00e7lar\u0131 bir anda d\u00fcnyan\u0131n en g\u00fcvensiz alan\u0131 haline geldi. D\u00fcnyan\u0131nbir\u00e7ok \u00fclkesinde kent i\u00e7i toplu ta\u015f\u0131ma ula\u015f\u0131m\u0131 neredeyse hizmetverememe durumuna gelmi\u015f, bunun yan\u0131nda insanlar\u0131n \u00f6zel ara\u00e7laray\u00f6nelmesi sonucunda da kent i\u00e7i trafik s\u0131k\u0131\u015f\u0131kl\u0131\u011f\u0131, hayat\u0131 durdurmanoktas\u0131na getirmi\u015ftir.Geni\u015f istasyon alanlar\u0131na, vagon say\u0131lar\u0131 artt\u0131r\u0131lm\u0131\u015f h\u0131zl\u0131 tren ta\u015f\u0131tlar\u0131 ileson derece modern ve teknolojik donan\u0131ml\u0131 kent i\u00e7i metro a\u011f\u0131na sahip\u00fclkelerde, bir tak\u0131m k\u0131s\u0131tlamalar olsa bile ula\u015ft\u0131rma hizmetinin aral\u0131ks\u0131zdevam edebilmi\u015f olmas\u0131 kent i\u00e7i metrolar\u0131n \u00f6nemini bir kez dahag\u00f6zler \u00f6n\u00fcne sermi\u015ftir.Metro t\u00fcnelcili\u011fi, m\u00fchendislikten mimariye, k\u00fclt\u00fcrden sanata bir\u00e7okbilgi ve tekni\u011fi kapsayan bir aland\u0131r. Do\u011fru tekni\u011fin se\u00e7imindenuygulanmas\u0131na, metro hatt\u0131n\u0131n olu\u015fturulmas\u0131ndan yolcuyurahatlatacak bir mimari tasar\u0131m ile tamamlanmas\u0131na uzanan bir\u00e7ok\u00f6\u011feyi bar\u0131nd\u0131r\u0131r i\u00e7inde. Ger\u00e7ekten yerin alt\u0131nda bilinmeyen bir yoldaad\u0131m ad\u0131m ilerlemek macera dolu bir yolculuktur. T\u00fcnel yap\u0131m\u0131s\u0131ras\u0131nda zemin i\u00e7erisinde bo\u015fluk a\u00e7arak ilerlerken ortaya \u00e7\u0131kan, yerinalt\u0131nda ve yery\u00fcz\u00fcnde de\u011fi\u015fkenlik g\u00f6steren, bir\u00e7ok durumla kar\u015f\u0131kar\u015f\u0131ya kal\u0131nmaktad\u0131r. Bu de\u011fi\u015fken veriler alt\u0131nda s\u00fcrekli olarakyenilenen m\u00fchendislik tasar\u0131mlar\u0131 ve hesaplamalar\u0131 do\u011frultusundat\u00fcnel in\u015faat\u0131na devam edilmesi gerekmektedir.Eser, her biri adeta ya\u015fayan proje olarak tan\u0131mlanabilecek metro t\u00fcneliyap\u0131m\u0131n\u0131n yer alt\u0131ndaki kaz\u0131 safhas\u0131n\u0131 d\u00fcnyadan \u00f6rneklerleincelemektedir.<\/p>\n","protected":false},"excerpt":{"rendered":"<p>\u0130nsano\u011flunun son bir as\u0131rd\u0131r kar\u015f\u0131 kar\u015f\u0131ya kald\u0131\u011f\u0131 en b\u00fcy\u00fck salg\u0131nhastal\u0131k, COVID-19 ile kent i\u00e7inde ula\u015f\u0131m hizmeti veren toplu ta\u015f\u0131maara\u00e7lar\u0131 bir anda d\u00fcnyan\u0131n en g\u00fcvensiz alan\u0131 haline<span class=\"excerpt-hellip\"> [\u2026]<\/span><\/p>\n","protected":false},"featured_media":0,"template":"","meta":{"_monsterinsights_skip_tracking":false,"_monsterinsights_sitenote_active":false,"_monsterinsights_sitenote_note":"","_monsterinsights_sitenote_category":0},"product_brand":[],"product_cat":[13005],"product_tag":[],"class_list":{"0":"post-758145","1":"product","2":"type-product","3":"status-publish","5":"product_cat-bilim-muhendislik","6":"pa_cilt-ciltsiz","7":"pa_tur-kitap","8":"pa_yayinevi-ideal-kultur-akademik","9":"pa_yazar-murat-canbal","11":"first","12":"instock","13":"sale","14":"shipping-taxable","15":"purchasable","16":"product-type-simple"},"_links":{"self":[{"href":"https:\/\/roveyayinevi.com.tr\/index.php\/wp-json\/wp\/v2\/product\/758145","targetHints":{"allow":["GET"]}}],"collection":[{"href":"https:\/\/roveyayinevi.com.tr\/index.php\/wp-json\/wp\/v2\/product"}],"about":[{"href":"https:\/\/roveyayinevi.com.tr\/index.php\/wp-json\/wp\/v2\/types\/product"}],"wp:attachment":[{"href":"https:\/\/roveyayinevi.com.tr\/index.php\/wp-json\/wp\/v2\/media?parent=758145"}],"wp:term":[{"taxonomy":"product_brand","embeddable":true,"href":"https:\/\/roveyayinevi.com.tr\/index.php\/wp-json\/wp\/v2\/product_brand?post=758145"},{"taxonomy":"product_cat","embeddable":true,"href":"https:\/\/roveyayinevi.com.tr\/index.php\/wp-json\/wp\/v2\/product_cat?post=758145"},{"taxonomy":"product_tag","embeddable":true,"href":"https:\/\/roveyayinevi.com.tr\/index.php\/wp-json\/wp\/v2\/product_tag?post=758145"}],"curies":[{"name":"wp","href":"https:\/\/api.w.org\/{rel}","templated":true}]}}