{"id":758143,"date":"2025-08-28T07:56:20","date_gmt":"2025-08-28T04:56:20","guid":{"rendered":"https:\/\/roveyayinevi.com.tr\/index.php\/urun\/teorik-cercevesiyle-degerler-ve-degerler-egitimi\/"},"modified":"2026-04-16T03:11:18","modified_gmt":"2026-04-16T00:11:18","slug":"teorik-cercevesiyle-degerler-ve-degerler-egitimi","status":"publish","type":"product","link":"https:\/\/roveyayinevi.com.tr\/index.php\/urun\/teorik-cercevesiyle-degerler-ve-degerler-egitimi\/","title":{"rendered":"Teorik \u00c7er\u00e7evesiyle De\u011ferler ve De\u011ferler E\u011fitimi"},"content":{"rendered":"<p>\u0130ki \u015fey var ki ruhumu hep yeni,hep artan bir hayranl\u0131k ve m\u00fcthi\u015f bir sayg\u0131yla dolduruyor:\u00dczerimdeki y\u0131ld\u0131zl\u0131 g\u00f6k, i\u00e7imdeki ahl\u00e2k yasas\u0131&#8230;Immanuel KantHepimizde nas\u0131l olu\u015ftu\u011funu ya da nas\u0131l \u00f6\u011frendi\u011fimizi bilmedi\u011fimiz bir de\u011feryarg\u0131s\u0131 sistemi var. \u00d6nceliklerimiz farkl\u0131 olsa da de\u011ferlerimizi &#8216;an&#8217;\u0131 geldi\u011findeeyleme d\u00f6n\u00fc\u015ft\u00fcrebiliyoruz. Ama bu de\u011ferleri nas\u0131l kazand\u0131k? De\u011ferlerin\u00f6nceli\u011fi ne demek? Bu kavram\u0131 ger\u00e7ekten biliyor muyuz? Peki gelecek neslebu kavramlar\u0131 nas\u0131l ta\u015f\u0131yabiliriz? \u0130\u015fte bu sorular\u0131n ve daha fazlas\u0131n\u0131n cevab\u0131nay\u00f6nelik haz\u0131rlanan bu eserde, de\u011ferlerin tan\u0131m\u0131ndan de\u011ferler e\u011fitiminintarih\u00e7esine kadar pek \u00e7ok konuda ayr\u0131nt\u0131l\u0131 bilgiler sunulmakta.\u0130nan\u0131yoruz ki bu eser, \u00f6\u011fretmenlerin dolayl\u0131 ya da do\u011frudan kazand\u0131rmas\u0131gereken de\u011ferleri hangi bak\u0131\u015f a\u00e7\u0131s\u0131yla kazand\u0131rmak isteyeceklerine kararvermesine katk\u0131 sa\u011flayacak. \u00d6\u011fretmen adaylar\u0131na mesleklerineba\u015flad\u0131klar\u0131nda ihtiya\u00e7 duyacaklar\u0131 bilgileri \u00f6nceden edinmelerine f\u0131rsatolu\u015fturacak. De\u011ferler ve de\u011ferler e\u011fitimi \u00fczerine farkl\u0131 disiplinler \u00fczerineyo\u011funla\u015fan ara\u015ft\u0131rmac\u0131lara bir ba\u015fvuru kayna\u011f\u0131 olacak. \u0130nan\u0131yoruz kide\u011ferlerin teorik \u00e7er\u00e7evesini ayr\u0131nt\u0131lar\u0131yla sunan bu eser, okuyan herkese,de\u011ferlerin prati\u011fe d\u00f6n\u00fc\u015ft\u00fcr\u00fclmesinde yol g\u00f6sterici olacak. Ve yine inan\u0131yoruzki milli ve manevi de\u011ferleri i\u00e7selle\u015ftirmi\u015f bir nesil i\u00e7in hep beraber \u00e7al\u0131\u015faca\u011f\u0131z.<\/p>\n","protected":false},"excerpt":{"rendered":"<p>\u0130ki \u015fey var ki ruhumu hep yeni,hep artan bir hayranl\u0131k ve m\u00fcthi\u015f bir sayg\u0131yla dolduruyor:\u00dczerimdeki y\u0131ld\u0131zl\u0131 g\u00f6k, i\u00e7imdeki ahl\u00e2k yasas\u0131&#8230;Immanuel KantHepimizde nas\u0131l olu\u015ftu\u011funu ya da nas\u0131l<span class=\"excerpt-hellip\"> [\u2026]<\/span><\/p>\n","protected":false},"featured_media":0,"template":"","meta":{"_monsterinsights_skip_tracking":false,"_monsterinsights_sitenote_active":false,"_monsterinsights_sitenote_note":"","_monsterinsights_sitenote_category":0},"product_brand":[],"product_cat":[12364],"product_tag":[],"class_list":{"0":"post-758143","1":"product","2":"type-product","3":"status-publish","5":"product_cat-genel-konular","6":"pa_cilt-ciltsiz","7":"pa_tur-kitap","8":"pa_yayinevi-ideal-kultur-akademik","9":"pa_yazar-muammer-demirel","10":"pa_yazar-sevda-gulsah-yildirim","12":"first","13":"instock","14":"sale","15":"shipping-taxable","16":"purchasable","17":"product-type-simple"},"_links":{"self":[{"href":"https:\/\/roveyayinevi.com.tr\/index.php\/wp-json\/wp\/v2\/product\/758143","targetHints":{"allow":["GET"]}}],"collection":[{"href":"https:\/\/roveyayinevi.com.tr\/index.php\/wp-json\/wp\/v2\/product"}],"about":[{"href":"https:\/\/roveyayinevi.com.tr\/index.php\/wp-json\/wp\/v2\/types\/product"}],"wp:attachment":[{"href":"https:\/\/roveyayinevi.com.tr\/index.php\/wp-json\/wp\/v2\/media?parent=758143"}],"wp:term":[{"taxonomy":"product_brand","embeddable":true,"href":"https:\/\/roveyayinevi.com.tr\/index.php\/wp-json\/wp\/v2\/product_brand?post=758143"},{"taxonomy":"product_cat","embeddable":true,"href":"https:\/\/roveyayinevi.com.tr\/index.php\/wp-json\/wp\/v2\/product_cat?post=758143"},{"taxonomy":"product_tag","embeddable":true,"href":"https:\/\/roveyayinevi.com.tr\/index.php\/wp-json\/wp\/v2\/product_tag?post=758143"}],"curies":[{"name":"wp","href":"https:\/\/api.w.org\/{rel}","templated":true}]}}