{"id":758142,"date":"2025-08-28T07:56:19","date_gmt":"2025-08-28T04:56:19","guid":{"rendered":"https:\/\/roveyayinevi.com.tr\/index.php\/urun\/temel-nufus-cografyasi\/"},"modified":"2025-09-30T13:46:17","modified_gmt":"2025-09-30T10:46:17","slug":"temel-nufus-cografyasi","status":"publish","type":"product","link":"https:\/\/roveyayinevi.com.tr\/index.php\/urun\/temel-nufus-cografyasi\/","title":{"rendered":"Temel N\u00fcfus Co\u011frafyas\u0131"},"content":{"rendered":"<p>N\u00fcfus, konu itibariyle kapsaml\u0131 ve ayr\u0131nt\u0131l\u0131 hususlar\u0131 i\u00e7ermektedir.Bir\u00e7ok istatistikten elde edilen verilerin yorumlan\u0131p analiz edilmesigerekir. N\u00fcfus konusu hakk\u0131nda bilgi sahibi olmak i\u00e7in n\u00fcfus co\u011frafyas\u0131hakk\u0131nda genel hususlar ile birlikte n\u00fcfus ara\u015ft\u0131rma y\u00f6ntemlerinin veveriler hakk\u0131nda yorumlama yapma bilgisinin verilmesi, \u00f6\u011fretilmesi ayr\u0131bir \u00f6nem kazanmaktad\u0131r. \u00c7\u00fcnk\u00fc n\u00fcfus co\u011frafyas\u0131, s\u00fcrekli takip isteyenve g\u00fcncel olaylar\u0131n takibini gerekli k\u0131lan bir \u00f6zelli\u011fe sahiptir.Ara\u015ft\u0131rmac\u0131n\u0131n g\u00fc\u00e7l\u00fc bir co\u011frafya bilgisi olmas\u0131, sava\u015f ve g\u00f6\u00e7 gibin\u00fcfusu etkileyen olaylar\u0131n bilinmesi bu verilerin do\u011fru anla\u015f\u0131lmas\u0131na veco\u011frafi anlamda analizler yap\u0131labilmesine olanak sa\u011flayacakt\u0131r.Eserin en \u00f6nemli \u00f6zelli\u011fi d\u00fcnya \u00f6l\u00e7e\u011finde n\u00fcfus konusunun g\u00fcncel\u00e7er\u00e7evesini yans\u0131tan tek kaynak olmas\u0131d\u0131r. Eser haz\u0131rlan\u0131rken say\u0131lar\u0131nm\u00fcmk\u00fcn oldu\u011funca grafik ve tablolar ile g\u00f6sterilmesine \u00e7al\u0131\u015f\u0131lm\u0131\u015ft\u0131r.B\u00f6ylece okuyucunun ve ara\u015ft\u0131rmac\u0131n\u0131n rakamlar aras\u0131ndakaybolmadan konu \u00fczerinde yorum yap\u0131lmas\u0131na te\u015fvik edilmi\u015ftir.<\/p>\n","protected":false},"excerpt":{"rendered":"<p>N\u00fcfus, konu itibariyle kapsaml\u0131 ve ayr\u0131nt\u0131l\u0131 hususlar\u0131 i\u00e7ermektedir.Bir\u00e7ok istatistikten elde edilen verilerin yorumlan\u0131p analiz edilmesigerekir. N\u00fcfus konusu hakk\u0131nda bilgi sahibi olmak i\u00e7in n\u00fcfus co\u011frafyas\u0131hakk\u0131nda genel hususlar<span class=\"excerpt-hellip\"> [\u2026]<\/span><\/p>\n","protected":false},"featured_media":0,"template":"","meta":{"_monsterinsights_skip_tracking":false,"_monsterinsights_sitenote_active":false,"_monsterinsights_sitenote_note":"","_monsterinsights_sitenote_category":0},"product_brand":[],"product_cat":[13005],"product_tag":[],"class_list":{"0":"post-758142","1":"product","2":"type-product","3":"status-publish","5":"product_cat-bilim-muhendislik","6":"pa_cilt-ciltsiz","7":"pa_tur-kitap","8":"pa_yayinevi-aktif-yayinevi","9":"pa_yazar-vedat-sahin","11":"first","12":"onbackorder","13":"sale","14":"shipping-taxable","15":"purchasable","16":"product-type-simple"},"_links":{"self":[{"href":"https:\/\/roveyayinevi.com.tr\/index.php\/wp-json\/wp\/v2\/product\/758142","targetHints":{"allow":["GET"]}}],"collection":[{"href":"https:\/\/roveyayinevi.com.tr\/index.php\/wp-json\/wp\/v2\/product"}],"about":[{"href":"https:\/\/roveyayinevi.com.tr\/index.php\/wp-json\/wp\/v2\/types\/product"}],"wp:attachment":[{"href":"https:\/\/roveyayinevi.com.tr\/index.php\/wp-json\/wp\/v2\/media?parent=758142"}],"wp:term":[{"taxonomy":"product_brand","embeddable":true,"href":"https:\/\/roveyayinevi.com.tr\/index.php\/wp-json\/wp\/v2\/product_brand?post=758142"},{"taxonomy":"product_cat","embeddable":true,"href":"https:\/\/roveyayinevi.com.tr\/index.php\/wp-json\/wp\/v2\/product_cat?post=758142"},{"taxonomy":"product_tag","embeddable":true,"href":"https:\/\/roveyayinevi.com.tr\/index.php\/wp-json\/wp\/v2\/product_tag?post=758142"}],"curies":[{"name":"wp","href":"https:\/\/api.w.org\/{rel}","templated":true}]}}