{"id":758141,"date":"2025-08-28T07:56:18","date_gmt":"2025-08-28T04:56:18","guid":{"rendered":"https:\/\/roveyayinevi.com.tr\/index.php\/urun\/nukleer-kabus\/"},"modified":"2026-04-16T03:11:18","modified_gmt":"2026-04-16T00:11:18","slug":"nukleer-kabus","status":"publish","type":"product","link":"https:\/\/roveyayinevi.com.tr\/index.php\/urun\/nukleer-kabus\/","title":{"rendered":"N\u00fckleer Kabus"},"content":{"rendered":"<p>Ge\u00e7ti\u011fimiz y\u00fczy\u0131lda atom bombas\u0131 pe\u015finde ko\u015fan bilim insanlar\u0131n\u0131n t\u00fcm\u00fc, yaln\u0131zca kendi \u00fclkelerinin bombay\u0131 do\u011fru ama\u00e7lar do\u011frultusunda kullanaca\u011f\u0131na inan\u0131yordu; ancak zaman onlara yan\u0131ld\u0131klar\u0131n\u0131 g\u00f6sterdi.Bilim tarihinde, bilimin bu denli sava\u015f\u0131n hizmetinde oldu\u011fu bir ba\u015fka d\u00f6nem herhalde ya\u015fanmam\u0131\u015ft\u0131r.\u0130lk sava\u015f\u0131n ne zaman oldu\u011funu bilmiyor olsak da, tarih bize bu sava\u015flarla birlikte insan topluluklar\u0131n\u0131n g\u00fc\u00e7 pe\u015finde ko\u015fmaya ba\u015flad\u0131\u011f\u0131n\u0131 s\u00f6yl\u00fcyor.\u015eimdi, hi\u00e7bir g\u00fcc\u00fc yeterli bulmayan insanlar\u0131n d\u00fcnyas\u0131nda ya\u015f\u0131yoruz.Hastal\u0131\u011f\u0131n ad\u0131 g\u00fc\u00e7 zehirlenmesi ve bir pandemiye d\u00f6n\u00fc\u015fm\u00fc\u015f g\u00f6r\u00fcn\u00fcyor.Bu kitapta, ilk atom bombas\u0131 testi Trinity ile \u00c7ernobil facias\u0131 aras\u0131, g\u00fcc\u00fcn esareti alt\u0131nda kalm\u0131\u015f bir d\u00f6nemin \u00f6zet hikayesini bulacaks\u0131n\u0131z.<\/p>\n","protected":false},"excerpt":{"rendered":"<p>Ge\u00e7ti\u011fimiz y\u00fczy\u0131lda atom bombas\u0131 pe\u015finde ko\u015fan bilim insanlar\u0131n\u0131n t\u00fcm\u00fc, yaln\u0131zca kendi \u00fclkelerinin bombay\u0131 do\u011fru ama\u00e7lar do\u011frultusunda kullanaca\u011f\u0131na inan\u0131yordu; ancak zaman onlara yan\u0131ld\u0131klar\u0131n\u0131 g\u00f6sterdi.Bilim tarihinde, bilimin bu<span class=\"excerpt-hellip\"> [\u2026]<\/span><\/p>\n","protected":false},"featured_media":0,"template":"","meta":{"_monsterinsights_skip_tracking":false,"_monsterinsights_sitenote_active":false,"_monsterinsights_sitenote_note":"","_monsterinsights_sitenote_category":0},"product_brand":[],"product_cat":[13005],"product_tag":[],"class_list":{"0":"post-758141","1":"product","2":"type-product","3":"status-publish","5":"product_cat-bilim-muhendislik","6":"pa_cilt-ciltsiz","7":"pa_tur-kitap","8":"pa_yayinevi-ideal-kultur-akademik","9":"pa_yazar-gunec-kiyak","11":"first","12":"instock","13":"sale","14":"shipping-taxable","15":"purchasable","16":"product-type-simple"},"_links":{"self":[{"href":"https:\/\/roveyayinevi.com.tr\/index.php\/wp-json\/wp\/v2\/product\/758141","targetHints":{"allow":["GET"]}}],"collection":[{"href":"https:\/\/roveyayinevi.com.tr\/index.php\/wp-json\/wp\/v2\/product"}],"about":[{"href":"https:\/\/roveyayinevi.com.tr\/index.php\/wp-json\/wp\/v2\/types\/product"}],"wp:attachment":[{"href":"https:\/\/roveyayinevi.com.tr\/index.php\/wp-json\/wp\/v2\/media?parent=758141"}],"wp:term":[{"taxonomy":"product_brand","embeddable":true,"href":"https:\/\/roveyayinevi.com.tr\/index.php\/wp-json\/wp\/v2\/product_brand?post=758141"},{"taxonomy":"product_cat","embeddable":true,"href":"https:\/\/roveyayinevi.com.tr\/index.php\/wp-json\/wp\/v2\/product_cat?post=758141"},{"taxonomy":"product_tag","embeddable":true,"href":"https:\/\/roveyayinevi.com.tr\/index.php\/wp-json\/wp\/v2\/product_tag?post=758141"}],"curies":[{"name":"wp","href":"https:\/\/api.w.org\/{rel}","templated":true}]}}