{"id":758136,"date":"2025-08-28T07:56:11","date_gmt":"2025-08-28T04:56:11","guid":{"rendered":"https:\/\/roveyayinevi.com.tr\/index.php\/urun\/basra-donanmasi\/"},"modified":"2026-04-16T03:11:18","modified_gmt":"2026-04-16T00:11:18","slug":"basra-donanmasi","status":"publish","type":"product","link":"https:\/\/roveyayinevi.com.tr\/index.php\/urun\/basra-donanmasi\/","title":{"rendered":"Basra Donanmas\u0131"},"content":{"rendered":"<p>Osmanl\u0131 Devleti 1534&#8217;te Ba\u011fdat&#8217;\u0131n, 1546 y\u0131l\u0131nda da Basra&#8217;n\u0131n fethiyle Basra K\u00f6rfezi&#8217;ne h\u00e2kim olarak Hint Denizi&#8217;nde Portekizlere ve Basra&#8217;da ise Safaviler ve Portekiz ile ittifak halinde bulunan asi Arap kabilelerine kar\u015f\u0131 b\u00f6lgede g\u00fcc\u00fcn\u00fc Basra ve Birecik tersanelerinde in\u015fa edilen b\u00fcy\u00fck gemiler ve ince donanma gemileriyle korumaya \u00e7al\u0131\u015fm\u0131\u015ft\u0131r. Basra donanmas\u0131 ile XVI. y\u00fczy\u0131l\u0131n ikinci yar\u0131s\u0131ndan XVII. y\u00fczy\u0131l\u0131n ba\u015flar\u0131na kadar Portekizlerle m\u00fccadelede ba\u015far\u0131 sa\u011flan\u0131rken, XVII. y\u00fczy\u0131lda Osmanl\u0131 Devleti&#8217;nin Hint Okyanusu&#8217;ndan \u00e7ekilmesiyle donanma daha \u00e7ok Basra ve \u00e7evresini Safaviler ve Arap kabilelerine kar\u015f\u0131 koruyan \u015eat donanmas\u0131na d\u00f6n\u00fc\u015fm\u00fc\u015ft\u00fcr.XVII. y\u00fczy\u0131l\u0131n ilk \u00e7eyre\u011finden itibaren Portekiz&#8217;in Basra K\u00f6rfezi&#8217;nden \u00e7ekilmesiyle b\u00f6lgenin siyasi ve ticari kontrol\u00fcn\u00fc \u0130ngilizler sa\u011flamaya \u00e7al\u0131\u015fm\u0131\u015flard\u0131r. Bu \u00e7al\u0131\u015fmada XVI-XVIII. y\u00fczy\u0131llar aras\u0131n\u0131 kapsayan geni\u015f bir zaman diliminde, Hint Okyanusu&#8217;nun ba\u015flang\u0131\u00e7 noktas\u0131ndaki Basra K\u00f6rfezi&#8217;nde, Portekiz&#8217;e kar\u015f\u0131 verilen m\u00fccadele ve sonras\u0131nda \u0130ngiliz etkisiyle olu\u015fan Safav\u00ee yay\u0131lmac\u0131l\u0131\u011f\u0131na kar\u015f\u0131 \u00f6nemli bir g\u00fc\u00e7 unsuru olarak kullan\u0131lan Basra donanmas\u0131n\u0131n rol ve fonksiyonu ele al\u0131nm\u0131\u015ft\u0131r.<\/p>\n","protected":false},"excerpt":{"rendered":"<p>Osmanl\u0131 Devleti 1534&#8217;te Ba\u011fdat&#8217;\u0131n, 1546 y\u0131l\u0131nda da Basra&#8217;n\u0131n fethiyle Basra K\u00f6rfezi&#8217;ne h\u00e2kim olarak Hint Denizi&#8217;nde Portekizlere ve Basra&#8217;da ise Safaviler ve Portekiz ile ittifak halinde bulunan<span class=\"excerpt-hellip\"> [\u2026]<\/span><\/p>\n","protected":false},"featured_media":0,"template":"","meta":{"_monsterinsights_skip_tracking":false,"_monsterinsights_sitenote_active":false,"_monsterinsights_sitenote_note":"","_monsterinsights_sitenote_category":0},"product_brand":[],"product_cat":[12370,12304],"product_tag":[],"class_list":{"0":"post-758136","1":"product","2":"type-product","3":"status-publish","5":"product_cat-arastirma-inceleme","6":"product_cat-tarih","7":"pa_cilt-ciltsiz","8":"pa_tur-kitap","9":"pa_yayinevi-ideal-kultur-akademik","10":"pa_yazar-tahir-sevinc","12":"first","13":"instock","14":"sale","15":"shipping-taxable","16":"purchasable","17":"product-type-simple"},"_links":{"self":[{"href":"https:\/\/roveyayinevi.com.tr\/index.php\/wp-json\/wp\/v2\/product\/758136","targetHints":{"allow":["GET"]}}],"collection":[{"href":"https:\/\/roveyayinevi.com.tr\/index.php\/wp-json\/wp\/v2\/product"}],"about":[{"href":"https:\/\/roveyayinevi.com.tr\/index.php\/wp-json\/wp\/v2\/types\/product"}],"wp:attachment":[{"href":"https:\/\/roveyayinevi.com.tr\/index.php\/wp-json\/wp\/v2\/media?parent=758136"}],"wp:term":[{"taxonomy":"product_brand","embeddable":true,"href":"https:\/\/roveyayinevi.com.tr\/index.php\/wp-json\/wp\/v2\/product_brand?post=758136"},{"taxonomy":"product_cat","embeddable":true,"href":"https:\/\/roveyayinevi.com.tr\/index.php\/wp-json\/wp\/v2\/product_cat?post=758136"},{"taxonomy":"product_tag","embeddable":true,"href":"https:\/\/roveyayinevi.com.tr\/index.php\/wp-json\/wp\/v2\/product_tag?post=758136"}],"curies":[{"name":"wp","href":"https:\/\/api.w.org\/{rel}","templated":true}]}}