{"id":758131,"date":"2025-08-28T07:56:05","date_gmt":"2025-08-28T04:56:05","guid":{"rendered":"https:\/\/roveyayinevi.com.tr\/index.php\/urun\/gecmisten-gelecege-kocaeli-muze-calismalari\/"},"modified":"2026-04-16T03:11:18","modified_gmt":"2026-04-16T00:11:18","slug":"gecmisten-gelecege-kocaeli-muze-calismalari","status":"publish","type":"product","link":"https:\/\/roveyayinevi.com.tr\/index.php\/urun\/gecmisten-gelecege-kocaeli-muze-calismalari\/","title":{"rendered":"Ge\u00e7mi\u015ften Gelece\u011fe Kocaeli M\u00fcze \u00c7al\u0131\u015fmalar\u0131"},"content":{"rendered":"<p>Kocaeli, sanayi kenti olu\u015funun d\u0131\u015f\u0131nda do\u011fal g\u00fczellikleri ve modern kentin derinliklerinde bulunan zengin tarihi ile kadim bir \u015fehir olarak bilinmektedir. Bu zengin co\u011frafya hakk\u0131nda son y\u0131llarda yap\u0131lan arkeolojik kaz\u0131lar ve m\u00fcze \u00e7al\u0131\u015fmalar\u0131 sonucu Kocaeli&#8217;ne dair bir\u00e7ok yeni bilgiye sahibiz. Kocaeli Arkeolojisi ve Etnografyas\u0131n\u0131n g\u00fcncel bilgilerini yans\u0131tan bu kitap Kocaeli k\u00fclt\u00fcr hayat\u0131na farkl\u0131 bir kesit sunuyor. Bu \u00f6zel \u00e7al\u0131\u015fma sayesinde Kocaeli&#8217;nde yap\u0131lan ara\u015ft\u0131rmalar\u0131, Kocaeli m\u00fczelerini ve m\u00fcze koleksiyonlar\u0131n\u0131 yak\u0131ndan tan\u0131yarak ge\u00e7mi\u015fin gelecekle bulu\u015ftu\u011funa \u015fahit olacaks\u0131n\u0131z.<\/p>\n","protected":false},"excerpt":{"rendered":"<p>Kocaeli, sanayi kenti olu\u015funun d\u0131\u015f\u0131nda do\u011fal g\u00fczellikleri ve modern kentin derinliklerinde bulunan zengin tarihi ile kadim bir \u015fehir olarak bilinmektedir. Bu zengin co\u011frafya hakk\u0131nda son y\u0131llarda<span class=\"excerpt-hellip\"> [\u2026]<\/span><\/p>\n","protected":false},"featured_media":0,"template":"","meta":{"_monsterinsights_skip_tracking":false,"_monsterinsights_sitenote_active":false,"_monsterinsights_sitenote_note":"","_monsterinsights_sitenote_category":0},"product_brand":[],"product_cat":[12370,12304],"product_tag":[],"class_list":{"0":"post-758131","1":"product","2":"type-product","3":"status-publish","5":"product_cat-arastirma-inceleme","6":"product_cat-tarih","7":"pa_cilt-ciltsiz","8":"pa_tur-kitap","9":"pa_yayinevi-ideal-kultur-akademik","10":"pa_yazar-ideal-kultur-kolektif","12":"first","13":"instock","14":"sale","15":"shipping-taxable","16":"purchasable","17":"product-type-simple"},"_links":{"self":[{"href":"https:\/\/roveyayinevi.com.tr\/index.php\/wp-json\/wp\/v2\/product\/758131","targetHints":{"allow":["GET"]}}],"collection":[{"href":"https:\/\/roveyayinevi.com.tr\/index.php\/wp-json\/wp\/v2\/product"}],"about":[{"href":"https:\/\/roveyayinevi.com.tr\/index.php\/wp-json\/wp\/v2\/types\/product"}],"wp:attachment":[{"href":"https:\/\/roveyayinevi.com.tr\/index.php\/wp-json\/wp\/v2\/media?parent=758131"}],"wp:term":[{"taxonomy":"product_brand","embeddable":true,"href":"https:\/\/roveyayinevi.com.tr\/index.php\/wp-json\/wp\/v2\/product_brand?post=758131"},{"taxonomy":"product_cat","embeddable":true,"href":"https:\/\/roveyayinevi.com.tr\/index.php\/wp-json\/wp\/v2\/product_cat?post=758131"},{"taxonomy":"product_tag","embeddable":true,"href":"https:\/\/roveyayinevi.com.tr\/index.php\/wp-json\/wp\/v2\/product_tag?post=758131"}],"curies":[{"name":"wp","href":"https:\/\/api.w.org\/{rel}","templated":true}]}}