{"id":758130,"date":"2025-08-28T07:56:04","date_gmt":"2025-08-28T04:56:04","guid":{"rendered":"https:\/\/roveyayinevi.com.tr\/index.php\/urun\/osmanlida-sikiyonetim\/"},"modified":"2026-04-16T03:11:18","modified_gmt":"2026-04-16T00:11:18","slug":"osmanlida-sikiyonetim","status":"publish","type":"product","link":"https:\/\/roveyayinevi.com.tr\/index.php\/urun\/osmanlida-sikiyonetim\/","title":{"rendered":"Osmanl\u0131&#8217;da S\u0131k\u0131y\u00f6netim"},"content":{"rendered":"<p>\u00d6rfi \u0130dare y\u00f6netimi ile Div\u00e2n-\u0131 Harb-i \u00d6rf\u00eelerin uygulanmas\u0131nda \u00f6n plana \u00e7\u0131kan 31 Mart Vak&#8217;as\u0131, Anadolu ve Rumeli&#8217;deki kalk\u0131\u015fma ve e\u015fk\u0131yal\u0131k eylemleri ile Mahmut \u015eevket Pa\u015fa Suikast\u0131 gibi geli\u015fmeler meydana geli\u015f bi\u00e7imleri ve sonu\u00e7lar\u0131 itibar\u0131yla kamu d\u00fczenini bozmakla kalmam\u0131\u015f, devletin birlik ve b\u00fct\u00fcnl\u00fc\u011f\u00fcn\u00fc de tehdit etmi\u015ftir. \u00d6rfi \u0130dare ile Div\u00e2n-\u0131 Harb-i \u00d6rf\u00eeler, bu t\u00fcr tehditlerin sona erdirilmesinde ve olaylara kar\u0131\u015fanlar\u0131n cezaland\u0131r\u0131lmas\u0131nda, merkezi h\u00fck\u00fcmet taraf\u0131ndan kullan\u0131lan en etkili ara\u00e7lardan biri olmu\u015ftur. Bununla birlikte bilhassa \u0130ttihat\u00e7\u0131lar\u0131n denetimindeki h\u00fck\u00fcmetler, \u00d6rfi \u0130dare ile Div\u00e2n-\u0131 Harb-i \u00d6rf\u00eeleri hem g\u00fcvenlik politikas\u0131n\u0131n me\u015fru bir arac\u0131 olarak hem de iktidara tutunabilmenin ve muhalif kesimleri susturman\u0131n en kestirme yolu olarak g\u00f6rm\u00fc\u015flerdir.Bu eserde, \u00d6rfi \u0130dare rejiminin bir uzvu olarak kurulan Div\u00e2n-\u0131 Harb-i \u00d6rf\u00eeler, ba\u011f\u0131ms\u0131z ve tarafs\u0131z mahkemeler miydi?, 31 Mart Vak&#8217;as\u0131&#8217;n\u0131n \u00d6rfi \u0130dare ile Div\u00e2n-\u0131 Harb-i \u00d6rf\u00eeler a\u00e7\u0131s\u0131ndan \u00f6nemi neydi?, \u00d6rfi \u0130dare ile Div\u00e2n-\u0131 Harb-i \u00d6rf\u00eelerin i\u00e7 ve d\u0131\u015f g\u00fcvenli\u011fin sa\u011flanmas\u0131ndaki rolleri neydi?, \u00d6rfi \u0130dare ile Div\u00e2n-\u0131 Harb-i \u00d6rf\u00eeler iktidar ve muhalefet ili\u015fkilerini ne \u00f6l\u00e7\u00fcde etkilemi\u015fti?, \u0130ttihat ve Terakki Cemiyeti siyasetin dizayn edilmesinde bu yap\u0131lar\u0131 kulland\u0131 m\u0131?, Div\u00e2n-\u0131 Harb-i \u00d6rf\u00eeler su\u00e7 faillerine hangi gerek\u00e7elerle ne gibi cezalar verdi?, \u0130syan, e\u015fk\u0131yal\u0131k gibi kamu d\u00fczenini bozan eylemlerin \u00f6nlenmesinde \u00d6rfi \u0130dare ile Div\u00e2n-\u0131 Harb-i \u00d6rf\u00eeler nas\u0131l bir i\u015flev \u00fcstlenmi\u015flerdi? sorular\u0131na cevap aranm\u0131\u015ft\u0131r.<\/p>\n","protected":false},"excerpt":{"rendered":"<p>\u00d6rfi \u0130dare y\u00f6netimi ile Div\u00e2n-\u0131 Harb-i \u00d6rf\u00eelerin uygulanmas\u0131nda \u00f6n plana \u00e7\u0131kan 31 Mart Vak&#8217;as\u0131, Anadolu ve Rumeli&#8217;deki kalk\u0131\u015fma ve e\u015fk\u0131yal\u0131k eylemleri ile Mahmut \u015eevket Pa\u015fa Suikast\u0131<span class=\"excerpt-hellip\"> [\u2026]<\/span><\/p>\n","protected":false},"featured_media":0,"template":"","meta":{"_monsterinsights_skip_tracking":false,"_monsterinsights_sitenote_active":false,"_monsterinsights_sitenote_note":"","_monsterinsights_sitenote_category":0},"product_brand":[],"product_cat":[13517,12304],"product_tag":[],"class_list":{"0":"post-758130","1":"product","2":"type-product","3":"status-publish","5":"product_cat-osmanli-tarihi","6":"product_cat-tarih","7":"pa_cilt-ciltsiz","8":"pa_tur-kitap","9":"pa_yayinevi-ideal-kultur-akademik","10":"pa_yazar-ercument-sariay","12":"first","13":"instock","14":"sale","15":"shipping-taxable","16":"purchasable","17":"product-type-simple"},"_links":{"self":[{"href":"https:\/\/roveyayinevi.com.tr\/index.php\/wp-json\/wp\/v2\/product\/758130","targetHints":{"allow":["GET"]}}],"collection":[{"href":"https:\/\/roveyayinevi.com.tr\/index.php\/wp-json\/wp\/v2\/product"}],"about":[{"href":"https:\/\/roveyayinevi.com.tr\/index.php\/wp-json\/wp\/v2\/types\/product"}],"wp:attachment":[{"href":"https:\/\/roveyayinevi.com.tr\/index.php\/wp-json\/wp\/v2\/media?parent=758130"}],"wp:term":[{"taxonomy":"product_brand","embeddable":true,"href":"https:\/\/roveyayinevi.com.tr\/index.php\/wp-json\/wp\/v2\/product_brand?post=758130"},{"taxonomy":"product_cat","embeddable":true,"href":"https:\/\/roveyayinevi.com.tr\/index.php\/wp-json\/wp\/v2\/product_cat?post=758130"},{"taxonomy":"product_tag","embeddable":true,"href":"https:\/\/roveyayinevi.com.tr\/index.php\/wp-json\/wp\/v2\/product_tag?post=758130"}],"curies":[{"name":"wp","href":"https:\/\/api.w.org\/{rel}","templated":true}]}}