{"id":758127,"date":"2025-08-28T07:56:00","date_gmt":"2025-08-28T04:56:00","guid":{"rendered":"https:\/\/roveyayinevi.com.tr\/index.php\/urun\/anlaticinin-sen-siz-hali\/"},"modified":"2026-04-16T03:11:17","modified_gmt":"2026-04-16T00:11:17","slug":"anlaticinin-sen-siz-hali","status":"publish","type":"product","link":"https:\/\/roveyayinevi.com.tr\/index.php\/urun\/anlaticinin-sen-siz-hali\/","title":{"rendered":"Anlat\u0131c\u0131n\u0131n Sen\/Siz Hali"},"content":{"rendered":"<p>Anlat\u0131da \u201csen\/siz diline dair neler biliyorsunuz?G\u00fcn\u00fcm\u00fczde bas\u0131l\u0131 edebiyat eserlerine ilaveten \u00e7e\u015fitli sosyal medya mecralar\u0131 \u00fczerinden payla\u015f\u0131lan dijital edeb\u00ee \u00fcr\u00fcnlerle bilgisayar oyunlar\u0131n\u0131n metinleri ve \u201cg\u00f6rsel roman\u201d olarak nitelendirilen filmler sayesinde \u201csen\/siz\u201d dili farkl\u0131la\u015f\u0131p geni\u015fleyerek daha fazla \u00f6nem kazanmaktad\u0131r. \u0130kinci ki\u015fili anlat\u0131c\u0131 ve bak\u0131\u015f a\u00e7\u0131s\u0131 olarak tan\u0131mlanan bu anlat\u0131 modunu, yenilik\u00e7i yazarlar deneysel ve \u00f6zel bir bi\u00e7imde kullan\u0131rlar. Bu ba\u011flamda akademik \u00e7evreler taraf\u0131ndan da d\u00fcnyan\u0131n \u00e7e\u015fitli \u00fclkelerinde konuyla ilgili bir\u00e7ok bilimsel \u00e7al\u0131\u015fma yap\u0131lmaktad\u0131r. Baz\u0131 ara\u015ft\u0131rmac\u0131lar\u0131n \u201cmarjinal\u201d, \u201cyapay\u201d ve \u201ckarma\u015f\u0131k\u201d bularak k\u00fc\u00e7\u00fcmsemesine kar\u015f\u0131n ikinci ki\u015fi anlat\u0131m\u0131n\u0131n sanat ve bilgi boyutunda 1980\u2019lerin sonundan itibaren s\u00fcrekli artan bir geli\u015fme s\u00f6z konusudur.T\u00fcrk edebiyat\u0131nda ikinci ki\u015fili anlat\u0131c\u0131 ve bak\u0131\u015f a\u00e7\u0131s\u0131yla yaz\u0131lm\u0131\u015f hik\u00e2ye ve romanlar\u0131n say\u0131s\u0131, her ge\u00e7en g\u00fcn \u00e7o\u011falmas\u0131na ra\u011fmen konunun teorik y\u00f6n\u00fcn\u00fc ele alan yay\u0131nlar yok denecek kadar azd\u0131r.Anlat\u0131c\u0131n\u0131n Sen\/Siz H\u00e2li isimli bu eser, ikinci ki\u015fili anlat\u0131c\u0131 ve bak\u0131\u015f a\u00e7\u0131s\u0131 (sen\/siz anlat\u0131m\u0131) hakk\u0131nda teorik bilgiler vermenin yan\u0131 s\u0131ra T\u00fcrk ve d\u00fcnya edebiyat\u0131ndan se\u00e7ilmi\u015f \u00f6rnek eserleri tahlil eden ilk bilimsel \u00e7al\u0131\u015fmad\u0131r.<\/p>\n","protected":false},"excerpt":{"rendered":"<p>Anlat\u0131da \u201csen\/siz diline dair neler biliyorsunuz?G\u00fcn\u00fcm\u00fczde bas\u0131l\u0131 edebiyat eserlerine ilaveten \u00e7e\u015fitli sosyal medya mecralar\u0131 \u00fczerinden payla\u015f\u0131lan dijital edeb\u00ee \u00fcr\u00fcnlerle bilgisayar oyunlar\u0131n\u0131n metinleri ve \u201cg\u00f6rsel roman\u201d olarak<span class=\"excerpt-hellip\"> [\u2026]<\/span><\/p>\n","protected":false},"featured_media":0,"template":"","meta":{"_monsterinsights_skip_tracking":false,"_monsterinsights_sitenote_active":false,"_monsterinsights_sitenote_note":"","_monsterinsights_sitenote_category":0},"product_brand":[],"product_cat":[18545,12291],"product_tag":[],"class_list":{"0":"post-758127","1":"product","2":"type-product","3":"status-publish","5":"product_cat-anlati","6":"product_cat-edebiyat","7":"pa_cilt-ciltsiz","8":"pa_tur-kitap","9":"pa_yayinevi-ideal-kultur-akademik","10":"pa_yazar-meral-demiryurek","12":"first","13":"instock","14":"sale","15":"shipping-taxable","16":"purchasable","17":"product-type-simple"},"_links":{"self":[{"href":"https:\/\/roveyayinevi.com.tr\/index.php\/wp-json\/wp\/v2\/product\/758127","targetHints":{"allow":["GET"]}}],"collection":[{"href":"https:\/\/roveyayinevi.com.tr\/index.php\/wp-json\/wp\/v2\/product"}],"about":[{"href":"https:\/\/roveyayinevi.com.tr\/index.php\/wp-json\/wp\/v2\/types\/product"}],"wp:attachment":[{"href":"https:\/\/roveyayinevi.com.tr\/index.php\/wp-json\/wp\/v2\/media?parent=758127"}],"wp:term":[{"taxonomy":"product_brand","embeddable":true,"href":"https:\/\/roveyayinevi.com.tr\/index.php\/wp-json\/wp\/v2\/product_brand?post=758127"},{"taxonomy":"product_cat","embeddable":true,"href":"https:\/\/roveyayinevi.com.tr\/index.php\/wp-json\/wp\/v2\/product_cat?post=758127"},{"taxonomy":"product_tag","embeddable":true,"href":"https:\/\/roveyayinevi.com.tr\/index.php\/wp-json\/wp\/v2\/product_tag?post=758127"}],"curies":[{"name":"wp","href":"https:\/\/api.w.org\/{rel}","templated":true}]}}