{"id":758125,"date":"2025-08-28T07:55:58","date_gmt":"2025-08-28T04:55:58","guid":{"rendered":"https:\/\/roveyayinevi.com.tr\/index.php\/urun\/coklu-evrenler-2\/"},"modified":"2026-04-16T03:11:17","modified_gmt":"2026-04-16T00:11:17","slug":"coklu-evrenler-2","status":"publish","type":"product","link":"https:\/\/roveyayinevi.com.tr\/index.php\/urun\/coklu-evrenler-2\/","title":{"rendered":"\u00c7oklu Evrenler"},"content":{"rendered":"<p>Kozmos ve Kuantum kitaplar\u0131n\u0131n ard\u0131ndan bu kitapta insan akl\u0131, bizleri ba\u015flang\u0131c\u0131n \u00f6tesine g\u00f6t\u00fcr\u00fcyor ve \u00e7oklu evrenlerle tan\u0131\u015ft\u0131r\u0131yor.Oysa bir y\u00fcz y\u0131l \u00f6ncesine kadar yaln\u0131zca G\u00fcne\u015f Sistemi i\u00e7indeydik, sonra bir galaksiler havuzunda oldu\u011fumuzu \u00f6\u011frendik. \u015eimdi ise \u00e7oklu evrenlerden s\u00f6z ediyoruz.Evrenimiz gibi ba\u015fka evrenler de var m\u0131d\u0131r?Bug\u00fcn \u00e7ok daha geli\u015fmi\u015f cihazlarla yeni s\u0131rlar\u0131n pe\u015finde sorular\u0131m\u0131z\u0131n yan\u0131tlar\u0131n\u0131 yine g\u00f6ky\u00fcz\u00fcnde ar\u0131yoruz.\u015ea\u015f\u0131rt\u0131c\u0131 kan\u0131tlar olsa da gizemli \u015feyler \u00e7ok daha fazla.\u0130nsan akl\u0131n\u0131n bilinmeyene yolculu\u011fu devam ediyor.<\/p>\n","protected":false},"excerpt":{"rendered":"<p>Kozmos ve Kuantum kitaplar\u0131n\u0131n ard\u0131ndan bu kitapta insan akl\u0131, bizleri ba\u015flang\u0131c\u0131n \u00f6tesine g\u00f6t\u00fcr\u00fcyor ve \u00e7oklu evrenlerle tan\u0131\u015ft\u0131r\u0131yor.Oysa bir y\u00fcz y\u0131l \u00f6ncesine kadar yaln\u0131zca G\u00fcne\u015f Sistemi i\u00e7indeydik,<span class=\"excerpt-hellip\"> [\u2026]<\/span><\/p>\n","protected":false},"featured_media":0,"template":"","meta":{"_monsterinsights_skip_tracking":false,"_monsterinsights_sitenote_active":false,"_monsterinsights_sitenote_note":"","_monsterinsights_sitenote_category":0},"product_brand":[],"product_cat":[13005],"product_tag":[],"class_list":{"0":"post-758125","1":"product","2":"type-product","3":"status-publish","5":"product_cat-bilim-muhendislik","6":"pa_cilt-ciltsiz","7":"pa_tur-kitap","8":"pa_yayinevi-ideal-kultur-akademik","9":"pa_yazar-gunec-kiyak","11":"first","12":"instock","13":"sale","14":"shipping-taxable","15":"purchasable","16":"product-type-simple"},"_links":{"self":[{"href":"https:\/\/roveyayinevi.com.tr\/index.php\/wp-json\/wp\/v2\/product\/758125","targetHints":{"allow":["GET"]}}],"collection":[{"href":"https:\/\/roveyayinevi.com.tr\/index.php\/wp-json\/wp\/v2\/product"}],"about":[{"href":"https:\/\/roveyayinevi.com.tr\/index.php\/wp-json\/wp\/v2\/types\/product"}],"wp:attachment":[{"href":"https:\/\/roveyayinevi.com.tr\/index.php\/wp-json\/wp\/v2\/media?parent=758125"}],"wp:term":[{"taxonomy":"product_brand","embeddable":true,"href":"https:\/\/roveyayinevi.com.tr\/index.php\/wp-json\/wp\/v2\/product_brand?post=758125"},{"taxonomy":"product_cat","embeddable":true,"href":"https:\/\/roveyayinevi.com.tr\/index.php\/wp-json\/wp\/v2\/product_cat?post=758125"},{"taxonomy":"product_tag","embeddable":true,"href":"https:\/\/roveyayinevi.com.tr\/index.php\/wp-json\/wp\/v2\/product_tag?post=758125"}],"curies":[{"name":"wp","href":"https:\/\/api.w.org\/{rel}","templated":true}]}}