{"id":758120,"date":"2025-08-28T07:55:51","date_gmt":"2025-08-28T04:55:51","guid":{"rendered":"https:\/\/roveyayinevi.com.tr\/index.php\/urun\/claudeun-itiraflari\/"},"modified":"2026-04-16T03:11:17","modified_gmt":"2026-04-16T00:11:17","slug":"claudeun-itiraflari","status":"publish","type":"product","link":"https:\/\/roveyayinevi.com.tr\/index.php\/urun\/claudeun-itiraflari\/","title":{"rendered":"Claude&#8217;un \u0130tiraflar\u0131"},"content":{"rendered":"<p>\u201cBiz, \u015fair ve yazarlardan, ahl\u00e2k dersi vermemiz bekleniyor. Ben, cana can katmay\u0131 bilemem, ama kan ve g\u00f6zya\u015flar\u0131yla dolu bir eserin sahibiydim, bana d\u00fc\u015fen bilgilendirmek ve teselli etmektir.\u201cBu sayfalar\u0131 topluma kazand\u0131rmadan \u00f6nce uzun s\u00fcre teredd\u00fct ettim. Bir v\u00fccudun ve bir kalbin t\u00fcm \u00e7\u0131plakl\u0131\u011f\u0131n\u0131 g\u00f6zler \u00f6n\u00fcne sermek gibi bir hak oldu\u011fundan emin de\u011fildim; bir itiraf\u0131n gizlili\u011fini a\u00e7\u0131\u011fa \u00e7\u0131karmama izin verilir mi diye kendimi sorguluyordum\u2026\u201d<\/p>\n","protected":false},"excerpt":{"rendered":"<p>\u201cBiz, \u015fair ve yazarlardan, ahl\u00e2k dersi vermemiz bekleniyor. Ben, cana can katmay\u0131 bilemem, ama kan ve g\u00f6zya\u015flar\u0131yla dolu bir eserin sahibiydim, bana d\u00fc\u015fen bilgilendirmek ve teselli<span class=\"excerpt-hellip\"> [\u2026]<\/span><\/p>\n","protected":false},"featured_media":0,"template":"","meta":{"_monsterinsights_skip_tracking":false,"_monsterinsights_sitenote_active":false,"_monsterinsights_sitenote_note":"","_monsterinsights_sitenote_category":0},"product_brand":[],"product_cat":[12291,13376],"product_tag":[],"class_list":{"0":"post-758120","1":"product","2":"type-product","3":"status-publish","5":"product_cat-edebiyat","6":"product_cat-fransiz-edebiyati","7":"pa_cilt-ciltsiz","8":"pa_tur-kitap","9":"pa_yayinevi-ideal-kultur-yayincilik","10":"pa_yazar-emile-zola","12":"first","13":"instock","14":"sale","15":"shipping-taxable","16":"purchasable","17":"product-type-simple"},"_links":{"self":[{"href":"https:\/\/roveyayinevi.com.tr\/index.php\/wp-json\/wp\/v2\/product\/758120","targetHints":{"allow":["GET"]}}],"collection":[{"href":"https:\/\/roveyayinevi.com.tr\/index.php\/wp-json\/wp\/v2\/product"}],"about":[{"href":"https:\/\/roveyayinevi.com.tr\/index.php\/wp-json\/wp\/v2\/types\/product"}],"wp:attachment":[{"href":"https:\/\/roveyayinevi.com.tr\/index.php\/wp-json\/wp\/v2\/media?parent=758120"}],"wp:term":[{"taxonomy":"product_brand","embeddable":true,"href":"https:\/\/roveyayinevi.com.tr\/index.php\/wp-json\/wp\/v2\/product_brand?post=758120"},{"taxonomy":"product_cat","embeddable":true,"href":"https:\/\/roveyayinevi.com.tr\/index.php\/wp-json\/wp\/v2\/product_cat?post=758120"},{"taxonomy":"product_tag","embeddable":true,"href":"https:\/\/roveyayinevi.com.tr\/index.php\/wp-json\/wp\/v2\/product_tag?post=758120"}],"curies":[{"name":"wp","href":"https:\/\/api.w.org\/{rel}","templated":true}]}}