{"id":758118,"date":"2025-08-28T07:55:49","date_gmt":"2025-08-28T04:55:49","guid":{"rendered":"https:\/\/roveyayinevi.com.tr\/index.php\/urun\/iv-muradin-bagdad-seferi-menzilnamesi\/"},"modified":"2026-04-16T03:11:17","modified_gmt":"2026-04-16T00:11:17","slug":"iv-muradin-bagdad-seferi-menzilnamesi","status":"publish","type":"product","link":"https:\/\/roveyayinevi.com.tr\/index.php\/urun\/iv-muradin-bagdad-seferi-menzilnamesi\/","title":{"rendered":"IV. Murad&#8217;\u0131n Ba\u011fdad Seferi Menzilnamesi"},"content":{"rendered":"<p>Sultan IV. Murad, 17. y\u00fczy\u0131l Osmanl\u0131 padi\u015fahlar\u0131n\u0131n en ta- n\u0131nm\u0131\u015f olan\u0131d\u0131r. Onu \u00f6n plana \u00e7\u0131karan unsurlar ise fiziki g\u00fcc\u00fc, koydu\u011fu yasaklar, \u0130ran \u00fczeine ger\u00e7ekle\u015ftirdi\u011fi Revan ve Ba\u011fdat sefeiridir. \u00d6zellikle Ba\u011fdat Seferi Osmanl\u0131 tarihinin en ihti\u015faml\u0131 sefelerinden biridir. Bu sefer , bizzat Padi\u015fah&#8217;\u0131n maiyetinde yer alan fakat kim oldu\u011fu bilinmeyen bir \u015fah\u0131s taraf\u0131ndan g\u00fcnbeg\u00fcn, menzil menzil kaydedilmi\u015ftir. \u00c7al\u0131\u015fmam\u0131za kaynakl\u0131k eden ve Berlin Staatsbibliothek (Devlet K\u00fct\u00fcphanesi)&#8217;ten temin edilen bu anonim elyazmas\u0131nda IV. Murad, hem \u015fahsi \u00f6zellikleri hem de askeri y\u00f6n\u00fc ile ayr\u0131nt\u0131l\u0131 bir \u015fekilde yer almaktadir. M\u00fcellif Ba\u011fdat seferi boyunca Sultan IV. Murad&#8217;\u0131 her&#8217; haliyle vermeye \u00e7al\u0131\u015ft\u0131\u011f\u0131 gibi Haseki Sultan&#8217;dan da yer yer bahsetmi\u015ftir. Yapt\u0131\u011f\u0131m\u0131z \u00e7al\u0131\u015fma ile bu anonim elyazmas\u0131n\u0131n 17. y\u00fczy\u0131l Osmanl\u0131 tarihine kaynakl\u0131k etmesi ama\u00e7lanm\u0131\u015ft\u0131r.G\u00fcn\u00fcm\u00fczde Osmanl\u0131 tarihine kaynakl\u0131k edecek \u00e7ok say\u0131da elyazmas\u0131n\u0131n yurt d\u0131\u015f\u0131nda oldu\u011fu bilinmektedir. Olaylara dair tarihi de\u011ferlendirmelerin yeni bilgiler ile farkl\u0131 bir boyut kazanabilece\u011fi g\u00f6z \u00f6n\u00fcnde bulundurulacak olursa bu kaynaklar\u0131n\u0131n tespitinin ve ara\u015ft\u0131r\u0131lmas\u0131n\u0131n \u00f6nemi ortaya \u00e7\u0131kacakt\u0131r. Bu ba\u011flamda Berlin&#8217;den temin etti\u011fimiz IV. Murad d\u00f6nemine ait bir menziln\u00e2meyi yay\u0131nlamay\u0131 dikkate de\u011fer bulduk.<\/p>\n","protected":false},"excerpt":{"rendered":"<p>Sultan IV. Murad, 17. y\u00fczy\u0131l Osmanl\u0131 padi\u015fahlar\u0131n\u0131n en ta- n\u0131nm\u0131\u015f olan\u0131d\u0131r. Onu \u00f6n plana \u00e7\u0131karan unsurlar ise fiziki g\u00fcc\u00fc, koydu\u011fu yasaklar, \u0130ran \u00fczeine ger\u00e7ekle\u015ftirdi\u011fi Revan ve<span class=\"excerpt-hellip\"> [\u2026]<\/span><\/p>\n","protected":false},"featured_media":0,"template":"","meta":{"_monsterinsights_skip_tracking":false,"_monsterinsights_sitenote_active":false,"_monsterinsights_sitenote_note":"","_monsterinsights_sitenote_category":0},"product_brand":[],"product_cat":[13517,12304],"product_tag":[],"class_list":{"0":"post-758118","1":"product","2":"type-product","3":"status-publish","5":"product_cat-osmanli-tarihi","6":"product_cat-tarih","7":"pa_cilt-ciltsiz","8":"pa_tur-kitap","9":"pa_yayinevi-ideal-kultur-yayincilik","10":"pa_yazar-songul-colak","12":"first","13":"instock","14":"sale","15":"shipping-taxable","16":"purchasable","17":"product-type-simple"},"_links":{"self":[{"href":"https:\/\/roveyayinevi.com.tr\/index.php\/wp-json\/wp\/v2\/product\/758118","targetHints":{"allow":["GET"]}}],"collection":[{"href":"https:\/\/roveyayinevi.com.tr\/index.php\/wp-json\/wp\/v2\/product"}],"about":[{"href":"https:\/\/roveyayinevi.com.tr\/index.php\/wp-json\/wp\/v2\/types\/product"}],"wp:attachment":[{"href":"https:\/\/roveyayinevi.com.tr\/index.php\/wp-json\/wp\/v2\/media?parent=758118"}],"wp:term":[{"taxonomy":"product_brand","embeddable":true,"href":"https:\/\/roveyayinevi.com.tr\/index.php\/wp-json\/wp\/v2\/product_brand?post=758118"},{"taxonomy":"product_cat","embeddable":true,"href":"https:\/\/roveyayinevi.com.tr\/index.php\/wp-json\/wp\/v2\/product_cat?post=758118"},{"taxonomy":"product_tag","embeddable":true,"href":"https:\/\/roveyayinevi.com.tr\/index.php\/wp-json\/wp\/v2\/product_tag?post=758118"}],"curies":[{"name":"wp","href":"https:\/\/api.w.org\/{rel}","templated":true}]}}