{"id":758116,"date":"2025-08-28T07:55:46","date_gmt":"2025-08-28T04:55:46","guid":{"rendered":"https:\/\/roveyayinevi.com.tr\/index.php\/urun\/istanbulun-sirlari\/"},"modified":"2026-04-16T03:11:17","modified_gmt":"2026-04-16T00:11:17","slug":"istanbulun-sirlari","status":"publish","type":"product","link":"https:\/\/roveyayinevi.com.tr\/index.php\/urun\/istanbulun-sirlari\/","title":{"rendered":"\u0130stanbul&#8217;un S\u0131rlar\u0131"},"content":{"rendered":"<p>Eseri de, hayat\u0131 da s\u0131rlarla doludur Evliya \u00c7elebi&#8217;nin\u2026 17. asra \u015fahitlik yapan ancak eseri i\u00e7in d\u00fcnya edebiyat\u0131n\u0131n en geni\u015f ve en \u00f6nemli seyahat kitab\u0131, kendisi i\u00e7in de d\u00fcnyan\u0131n en b\u00fcy\u00fck ve en esrarl\u0131 seyyah\u0131 demek hi\u00e7 de yanl\u0131\u015f olmaz\u2026Evliya \u00c7elebi Seyahatname&#8217;sinde yer alan s\u0131rlarla dolu \u0130stanbul&#8217;u okumak, ayn\u0131 zamanda 400 y\u0131l \u00f6ncesinin \u0130stanbul&#8217;unda ve daha \u00f6ncesinde yolculuk yapmakt\u0131r\u2026 O devirlerde t\u0131ls\u0131ml\u0131 ve esrarl\u0131 mek\u00e2nlar, eserler ve hadiselerin bir\u00e7o\u011fu g\u00fcn\u00fcm\u00fczde hen\u00fcz bilinmemekteyken; bir\u00e7o\u011fu da zaman\u0131n ac\u0131mas\u0131z r\u00fczg\u00e2r\u0131nda savrulup gitmi\u015ftir. Ancak, bu de\u011ferler Seyahatname&#8217;de ya\u015famaya h\u00e2l\u00e2 devam ediyor\u2026Umar\u0131z bu eser, Evliya \u00c7elebi&#8217;nin tan\u0131nmas\u0131nda, daha da \u00f6nemlisi onu anlatma ve tan\u0131tma sevdas\u0131nda bir ad\u0131m olur\u2026<\/p>\n","protected":false},"excerpt":{"rendered":"<p>Eseri de, hayat\u0131 da s\u0131rlarla doludur Evliya \u00c7elebi&#8217;nin\u2026 17. asra \u015fahitlik yapan ancak eseri i\u00e7in d\u00fcnya edebiyat\u0131n\u0131n en geni\u015f ve en \u00f6nemli seyahat kitab\u0131, kendisi i\u00e7in<span class=\"excerpt-hellip\"> [\u2026]<\/span><\/p>\n","protected":false},"featured_media":0,"template":"","meta":{"_monsterinsights_skip_tracking":false,"_monsterinsights_sitenote_active":false,"_monsterinsights_sitenote_note":"","_monsterinsights_sitenote_category":0},"product_brand":[],"product_cat":[12312,12304],"product_tag":[],"class_list":{"0":"post-758116","1":"product","2":"type-product","3":"status-publish","5":"product_cat-diger","6":"product_cat-tarih","7":"pa_cilt-ciltsiz","8":"pa_tur-kitap","9":"pa_yayinevi-ideal-kultur-yayincilik","10":"pa_yazar-rasit-gundogdu","12":"first","13":"instock","14":"sale","15":"shipping-taxable","16":"purchasable","17":"product-type-simple"},"_links":{"self":[{"href":"https:\/\/roveyayinevi.com.tr\/index.php\/wp-json\/wp\/v2\/product\/758116","targetHints":{"allow":["GET"]}}],"collection":[{"href":"https:\/\/roveyayinevi.com.tr\/index.php\/wp-json\/wp\/v2\/product"}],"about":[{"href":"https:\/\/roveyayinevi.com.tr\/index.php\/wp-json\/wp\/v2\/types\/product"}],"wp:attachment":[{"href":"https:\/\/roveyayinevi.com.tr\/index.php\/wp-json\/wp\/v2\/media?parent=758116"}],"wp:term":[{"taxonomy":"product_brand","embeddable":true,"href":"https:\/\/roveyayinevi.com.tr\/index.php\/wp-json\/wp\/v2\/product_brand?post=758116"},{"taxonomy":"product_cat","embeddable":true,"href":"https:\/\/roveyayinevi.com.tr\/index.php\/wp-json\/wp\/v2\/product_cat?post=758116"},{"taxonomy":"product_tag","embeddable":true,"href":"https:\/\/roveyayinevi.com.tr\/index.php\/wp-json\/wp\/v2\/product_tag?post=758116"}],"curies":[{"name":"wp","href":"https:\/\/api.w.org\/{rel}","templated":true}]}}