{"id":758113,"date":"2025-08-28T07:55:42","date_gmt":"2025-08-28T04:55:42","guid":{"rendered":"https:\/\/roveyayinevi.com.tr\/index.php\/urun\/osmanli-devleti-ve-diplomasi\/"},"modified":"2026-04-16T03:11:17","modified_gmt":"2026-04-16T00:11:17","slug":"osmanli-devleti-ve-diplomasi","status":"publish","type":"product","link":"https:\/\/roveyayinevi.com.tr\/index.php\/urun\/osmanli-devleti-ve-diplomasi\/","title":{"rendered":"Osmanl\u0131 Devleti ve Diplomasi"},"content":{"rendered":"<p>Henry Kissinger \u201cDiplomasi\u201d isimli eserinde \u201cXX. y\u00fczy\u0131lda, uluslararas\u0131 ili\u015fkileri hi\u00e7bir \u00fclke Birle\u015fik Devletler kadar kesin, fakat ayn\u0131 zamanda karars\u0131z bir \u015fekilde etkilememi\u015ftir. Hi\u00e7bir toplum, onun kadar ba\u015fka devletlerin i\u00e7i\u015flerine kar\u0131\u015fmama ilkesinde \u0131srarl\u0131 veya kendi de\u011ferlerinin b\u00fct\u00fcn d\u00fcnyaca uygulanmas\u0131 d\u00fc\u015f\u00fcncesine onun kadar ate\u015fli olmam\u0131\u015ft\u0131r.\u201d ifadelerini kullan\u0131r. Bu yakla\u015f\u0131m do\u011fru olabilir veya tart\u0131\u015f\u0131labilir. Fakat kesin ve tart\u0131\u015fmas\u0131z bir \u015fey vard\u0131r ki, XV. ve XVI. y\u00fczy\u0131lda hatta XVII. y\u00fczy\u0131lda Osmanl\u0131 Devleti&#8217;nin d\u00fcnya siyasetini y\u00f6nlendirdi\u011fi kadar hi\u00e7bir devlet d\u00fcnya siyasetine y\u00f6n verememi\u015ftir. Bu y\u00f6n verme Birle\u015fik Devletlerin yapt\u0131\u011f\u0131 \u015fekilde karars\u0131z da de\u011fildir. Kendi de\u011ferlerini di\u011fer devletlere dayatma veya uygulatma konusunda da Birle\u015fik Devletler kadar \u0131srarc\u0131 da olmam\u0131\u015ft\u0131r.<\/p>\n","protected":false},"excerpt":{"rendered":"<p>Henry Kissinger \u201cDiplomasi\u201d isimli eserinde \u201cXX. y\u00fczy\u0131lda, uluslararas\u0131 ili\u015fkileri hi\u00e7bir \u00fclke Birle\u015fik Devletler kadar kesin, fakat ayn\u0131 zamanda karars\u0131z bir \u015fekilde etkilememi\u015ftir. Hi\u00e7bir toplum, onun kadar<span class=\"excerpt-hellip\"> [\u2026]<\/span><\/p>\n","protected":false},"featured_media":0,"template":"","meta":{"_monsterinsights_skip_tracking":false,"_monsterinsights_sitenote_active":false,"_monsterinsights_sitenote_note":"","_monsterinsights_sitenote_category":0},"product_brand":[],"product_cat":[13517,12304],"product_tag":[],"class_list":{"0":"post-758113","1":"product","2":"type-product","3":"status-publish","5":"product_cat-osmanli-tarihi","6":"product_cat-tarih","7":"pa_cilt-ciltsiz","8":"pa_tur-kitap","9":"pa_yayinevi-ideal-kultur-yayincilik","10":"pa_yazar-selim-hilmi-ozkan","12":"first","13":"instock","14":"sale","15":"shipping-taxable","16":"purchasable","17":"product-type-simple"},"_links":{"self":[{"href":"https:\/\/roveyayinevi.com.tr\/index.php\/wp-json\/wp\/v2\/product\/758113","targetHints":{"allow":["GET"]}}],"collection":[{"href":"https:\/\/roveyayinevi.com.tr\/index.php\/wp-json\/wp\/v2\/product"}],"about":[{"href":"https:\/\/roveyayinevi.com.tr\/index.php\/wp-json\/wp\/v2\/types\/product"}],"wp:attachment":[{"href":"https:\/\/roveyayinevi.com.tr\/index.php\/wp-json\/wp\/v2\/media?parent=758113"}],"wp:term":[{"taxonomy":"product_brand","embeddable":true,"href":"https:\/\/roveyayinevi.com.tr\/index.php\/wp-json\/wp\/v2\/product_brand?post=758113"},{"taxonomy":"product_cat","embeddable":true,"href":"https:\/\/roveyayinevi.com.tr\/index.php\/wp-json\/wp\/v2\/product_cat?post=758113"},{"taxonomy":"product_tag","embeddable":true,"href":"https:\/\/roveyayinevi.com.tr\/index.php\/wp-json\/wp\/v2\/product_tag?post=758113"}],"curies":[{"name":"wp","href":"https:\/\/api.w.org\/{rel}","templated":true}]}}