{"id":758112,"date":"2025-08-28T07:55:41","date_gmt":"2025-08-28T04:55:41","guid":{"rendered":"https:\/\/roveyayinevi.com.tr\/index.php\/urun\/osmanli-sigorta-sirketi\/"},"modified":"2026-04-16T03:11:17","modified_gmt":"2026-04-16T00:11:17","slug":"osmanli-sigorta-sirketi","status":"publish","type":"product","link":"https:\/\/roveyayinevi.com.tr\/index.php\/urun\/osmanli-sigorta-sirketi\/","title":{"rendered":"Osmanl\u0131 Sigorta \u015eirketi"},"content":{"rendered":"<p>Osmanl\u0131 Devleti sigortac\u0131l\u0131k sistemiyle olduk\u00e7a ge\u00e7 d\u00f6nemde tan\u0131\u015ft\u0131. Sultan II. Abd\u00fclhamid zaman\u0131na kadar sigorta i\u015flemleri, Bat\u0131l\u0131 sigorta \u015firketleri taraf\u0131ndan yap\u0131lmaktayd\u0131. \u00dclke kaynaklar\u0131n\u0131n yurt d\u0131\u015f\u0131na ak\u0131\u015f\u0131n\u0131 engellemek i\u00e7in bu d\u00f6nemde yerli ve milli aray\u0131\u015flar ba\u015flad\u0131. Nihayetinde 1892&#8217;de Osmanl\u0131 Sigorta \u015eirketi ad\u0131yla ilk yerli sigorta \u015firketi kuruldu. Osmanl\u0131 kanunlar\u0131na ba\u011fl\u0131 ve h\u00fck\u00fcmet denetimine a\u00e7\u0131k i\u015flem yapmay\u0131 taahh\u00fct eden \u015firketin genel merkezi \u0130stanbul&#8217;du. Sa\u011flad\u0131\u011f\u0131 devlet deste\u011fiyle k\u0131sa s\u00fcrede piyasaya egemen oldu. I. D\u00fcnya Sava\u015f\u0131 sonlar\u0131na kadar varl\u0131\u011f\u0131n\u0131 sorunsuz s\u00fcrd\u00fcrd\u00fc. 1918&#8217;de i\u015flemlerine son vererek tasfiye s\u00fcrecine girdi. Ayn\u0131 y\u0131l Osmanl\u0131 Milli Umum Sigorta \u015eirketi&#8217;ne kat\u0131ld\u0131. \u0130ki y\u0131l sonra t\u00fcz\u00fck de\u011fi\u015fikli\u011fiyle \u0130stanbul Umum Sigorta \u015eirketi&#8217;ne d\u00f6n\u00fc\u015ft\u00fc. Elinizdeki kitap, s\u00f6z konusu \u015firketin kurulu\u015f ser\u00fcvenini, te\u015fkilat yap\u0131s\u0131n\u0131 ve sigortac\u0131l\u0131k i\u015flemlerini incelemektedir.<\/p>\n","protected":false},"excerpt":{"rendered":"<p>Osmanl\u0131 Devleti sigortac\u0131l\u0131k sistemiyle olduk\u00e7a ge\u00e7 d\u00f6nemde tan\u0131\u015ft\u0131. Sultan II. Abd\u00fclhamid zaman\u0131na kadar sigorta i\u015flemleri, Bat\u0131l\u0131 sigorta \u015firketleri taraf\u0131ndan yap\u0131lmaktayd\u0131. \u00dclke kaynaklar\u0131n\u0131n yurt d\u0131\u015f\u0131na ak\u0131\u015f\u0131n\u0131 engellemek<span class=\"excerpt-hellip\"> [\u2026]<\/span><\/p>\n","protected":false},"featured_media":0,"template":"","meta":{"_monsterinsights_skip_tracking":false,"_monsterinsights_sitenote_active":false,"_monsterinsights_sitenote_note":"","_monsterinsights_sitenote_category":0},"product_brand":[],"product_cat":[13517,12304],"product_tag":[],"class_list":{"0":"post-758112","1":"product","2":"type-product","3":"status-publish","5":"product_cat-osmanli-tarihi","6":"product_cat-tarih","7":"pa_cilt-ciltsiz","8":"pa_tur-kitap","9":"pa_yayinevi-ideal-kultur-yayincilik","10":"pa_yazar-yunus-ozger","12":"first","13":"instock","14":"sale","15":"shipping-taxable","16":"purchasable","17":"product-type-simple"},"_links":{"self":[{"href":"https:\/\/roveyayinevi.com.tr\/index.php\/wp-json\/wp\/v2\/product\/758112","targetHints":{"allow":["GET"]}}],"collection":[{"href":"https:\/\/roveyayinevi.com.tr\/index.php\/wp-json\/wp\/v2\/product"}],"about":[{"href":"https:\/\/roveyayinevi.com.tr\/index.php\/wp-json\/wp\/v2\/types\/product"}],"wp:attachment":[{"href":"https:\/\/roveyayinevi.com.tr\/index.php\/wp-json\/wp\/v2\/media?parent=758112"}],"wp:term":[{"taxonomy":"product_brand","embeddable":true,"href":"https:\/\/roveyayinevi.com.tr\/index.php\/wp-json\/wp\/v2\/product_brand?post=758112"},{"taxonomy":"product_cat","embeddable":true,"href":"https:\/\/roveyayinevi.com.tr\/index.php\/wp-json\/wp\/v2\/product_cat?post=758112"},{"taxonomy":"product_tag","embeddable":true,"href":"https:\/\/roveyayinevi.com.tr\/index.php\/wp-json\/wp\/v2\/product_tag?post=758112"}],"curies":[{"name":"wp","href":"https:\/\/api.w.org\/{rel}","templated":true}]}}