{"id":758111,"date":"2025-08-28T07:55:40","date_gmt":"2025-08-28T04:55:40","guid":{"rendered":"https:\/\/roveyayinevi.com.tr\/index.php\/urun\/osmanli-topculari\/"},"modified":"2026-04-16T03:11:17","modified_gmt":"2026-04-16T00:11:17","slug":"osmanli-topculari","status":"publish","type":"product","link":"https:\/\/roveyayinevi.com.tr\/index.php\/urun\/osmanli-topculari\/","title":{"rendered":"Osmanl\u0131 Top\u00e7ular\u0131"},"content":{"rendered":"<p>Ferik Ahmed Muhtar XIX. Y\u00fczy\u0131lda bat\u0131 tarz\u0131 okullarda yeti\u015fmi\u015f bir Osmanl\u0131 ayd\u0131n\u0131d\u0131r. Yazar\u0131n esas mesle\u011fi askerliktir. Ancak daha dikkatle bak\u0131ld\u0131\u011f\u0131nda; Ferik Ahmed Muhtar&#8217;\u0131n iyi bir komutan olman\u0131n yan\u0131 s\u0131ra, iyi bir e\u011fitimci ve ayn\u0131 zamanda iyi bir m\u00fczeci oldu\u011fu g\u00f6r\u00fclecektir. Ferik Ahmed Muhtar&#8217;\u0131n yazarl\u0131\u011f\u0131 bunlara ba\u011fl\u0131 olarak geli\u015fmi\u015ftir. Yazar, Osmanl\u0131 toplumunun geli\u015fmesi i\u00e7in tarihten co\u011frafyaya, ilahiyattan sa\u011fl\u0131\u011fa ve top d\u00f6k\u00fcm teknolojisinden asker\u00ee lojisti\u011fine kadar \u00e7e\u015fitli alanlarda eserler vermi\u015ftir. Ferik Ahmed Muhtar&#8217;\u0131n Osmanl\u0131 Top\u00e7ular\u0131 isimli bu eseri, Osmanl\u0131 top d\u00f6k\u00fcm\u00fc teknolojisinin ve XIX. Y\u00fczy\u0131ldaki top\u00e7u oca\u011f\u0131n\u0131n \u0130stanbul ve Ta\u015fradaki idar\u00ee hiyerar\u015fisini ortaya koymaktad\u0131r. Bunlar\u0131n d\u0131\u015f\u0131nda Ferik Ahmed Muhtar, oca\u011f\u0131n hem asker ve komutan say\u0131lar\u0131n\u0131 hem de m\u00fchimmat miktarlar\u0131n\u0131 vermektedir. Son olarak eserinde, Osmanl\u0131 top\u00e7ular\u0131n\u0131n daha ba\u015far\u0131l\u0131 olmas\u0131 i\u00e7in at\u0131lmas\u0131 gereken ad\u0131mlar\u0131 saymaktad\u0131r. Eser bu h\u00e2liyle, XIX. Y\u00fczy\u0131l\u0131n ikinci yar\u0131s\u0131nda Osmanl\u0131 top\u00e7ular\u0131n\u0131n bat\u0131 tarz\u0131 silah ve m\u00fchimmatla nas\u0131l \u015fekillendirildi\u011fini ortaya koydu\u011fu gibi, -tavsiye niteli\u011finde de olsa- daha ba\u015fka at\u0131lmas\u0131 gereken ad\u0131mlar\u0131 da belirtmektedir.<\/p>\n","protected":false},"excerpt":{"rendered":"<p>Ferik Ahmed Muhtar XIX. Y\u00fczy\u0131lda bat\u0131 tarz\u0131 okullarda yeti\u015fmi\u015f bir Osmanl\u0131 ayd\u0131n\u0131d\u0131r. Yazar\u0131n esas mesle\u011fi askerliktir. Ancak daha dikkatle bak\u0131ld\u0131\u011f\u0131nda; Ferik Ahmed Muhtar&#8217;\u0131n iyi bir komutan<span class=\"excerpt-hellip\"> [\u2026]<\/span><\/p>\n","protected":false},"featured_media":0,"template":"","meta":{"_monsterinsights_skip_tracking":false,"_monsterinsights_sitenote_active":false,"_monsterinsights_sitenote_note":"","_monsterinsights_sitenote_category":0},"product_brand":[],"product_cat":[13517,12304],"product_tag":[],"class_list":{"0":"post-758111","1":"product","2":"type-product","3":"status-publish","5":"product_cat-osmanli-tarihi","6":"product_cat-tarih","7":"pa_cilt-ciltsiz","8":"pa_tur-kitap","9":"pa_yayinevi-ideal-kultur-yayincilik","10":"pa_yazar-miralay-ahmet-muhtar","12":"first","13":"instock","14":"sale","15":"shipping-taxable","16":"purchasable","17":"product-type-simple"},"_links":{"self":[{"href":"https:\/\/roveyayinevi.com.tr\/index.php\/wp-json\/wp\/v2\/product\/758111","targetHints":{"allow":["GET"]}}],"collection":[{"href":"https:\/\/roveyayinevi.com.tr\/index.php\/wp-json\/wp\/v2\/product"}],"about":[{"href":"https:\/\/roveyayinevi.com.tr\/index.php\/wp-json\/wp\/v2\/types\/product"}],"wp:attachment":[{"href":"https:\/\/roveyayinevi.com.tr\/index.php\/wp-json\/wp\/v2\/media?parent=758111"}],"wp:term":[{"taxonomy":"product_brand","embeddable":true,"href":"https:\/\/roveyayinevi.com.tr\/index.php\/wp-json\/wp\/v2\/product_brand?post=758111"},{"taxonomy":"product_cat","embeddable":true,"href":"https:\/\/roveyayinevi.com.tr\/index.php\/wp-json\/wp\/v2\/product_cat?post=758111"},{"taxonomy":"product_tag","embeddable":true,"href":"https:\/\/roveyayinevi.com.tr\/index.php\/wp-json\/wp\/v2\/product_tag?post=758111"}],"curies":[{"name":"wp","href":"https:\/\/api.w.org\/{rel}","templated":true}]}}