{"id":758108,"date":"2025-08-28T07:55:36","date_gmt":"2025-08-28T04:55:36","guid":{"rendered":"https:\/\/roveyayinevi.com.tr\/index.php\/urun\/turk-bogazlarinda-uluslararasi-kontrol-1918-1936\/"},"modified":"2026-04-16T03:11:17","modified_gmt":"2026-04-16T00:11:17","slug":"turk-bogazlarinda-uluslararasi-kontrol-1918-1936","status":"publish","type":"product","link":"https:\/\/roveyayinevi.com.tr\/index.php\/urun\/turk-bogazlarinda-uluslararasi-kontrol-1918-1936\/","title":{"rendered":"T\u00fcrk Bo\u011fazlar\u0131nda Uluslararas\u0131 Kontrol (1918-1936)"},"content":{"rendered":"<p>Mitolojik d\u00f6nemde ya\u015fanan Truva Sava\u015flar\u0131&#8217;ndan yak\u0131n tarihlerde patlayan K\u0131r\u0131m olaylar\u0131na de\u011fin b\u00f6lgesel ve uluslararas\u0131 g\u00fc\u00e7lerin hakimiyet m\u00fccadelerine sahne olan \u201cT\u00fcrk Bo\u011fazlar\u0131\u201d tarihi, co\u011frafi, siyasi, askeri, hukuki, iktisadi, ticari ve hatta sosyo-k\u00fclt\u00fcrel dinamikleri etkilemi\u015f, s\u00fcrekli ilgi oda\u011f\u0131 olmu\u015ftur. G\u00fcn\u00fcm\u00fczde dahi \u00c7anakkale yada \u0130stanbul Bo\u011fazlar\u0131&#8217;na y\u00f6nelik projeler g\u00fcndeme geldi\u011finde hegemonik g\u00fc\u00e7ler T\u00fcrkiye&#8217;nin Bo\u011fazlar \u00fczerindeki egemenli\u011fini tart\u0131\u015fmaya a\u00e7mak istiyorlar. Peki b\u00f6yle bir hakk\u0131 nereden buluyorlar?I.D\u00fcnya Sava\u015f\u0131 sonras\u0131nda \u0130tilaf Devletleri, T\u00fcrk Bo\u011fazlar\u0131n\u0131 hangi gerek\u00e7elerle i\u015fgal etmi\u015flerdi?TBMM Bo\u011fazlarda hakimiyeti geri alabilmek amac\u0131yla neler yapt\u0131?Lozan Konferas\u0131&#8217;nda T\u00fcrk Bo\u011fazlar\u0131n\u0131n uluslar aras\u0131 kontrole tabi tutulmas\u0131na neden m\u00fcsaade edildi?T\u00fcrk Bo\u011fazlar\u0131n\u0131n uluslar aras\u0131 kontrol alt\u0131nda kald\u0131\u011f\u0131 d\u00f6nemlerde neler ya\u015fand\u0131?Montreux Bo\u011fazlar S\u00f6zle\u015fmesi ile uluslararas\u0131 kontrole nas\u0131l son verildi?Bu \u00e7al\u0131\u015fma yerli ve yabanc\u0131 ar\u015fiv belgelerine dayanarak bu soru ve tart\u0131\u015fmalara cevap aramakta, T\u00fcrk Bo\u011fazlar\u0131 ile ilgili spek\u00fclasyonlar\u0131 sorgulamaktad\u0131r.<\/p>\n","protected":false},"excerpt":{"rendered":"<p>Mitolojik d\u00f6nemde ya\u015fanan Truva Sava\u015flar\u0131&#8217;ndan yak\u0131n tarihlerde patlayan K\u0131r\u0131m olaylar\u0131na de\u011fin b\u00f6lgesel ve uluslararas\u0131 g\u00fc\u00e7lerin hakimiyet m\u00fccadelerine sahne olan \u201cT\u00fcrk Bo\u011fazlar\u0131\u201d tarihi, co\u011frafi, siyasi, askeri, hukuki,<span class=\"excerpt-hellip\"> [\u2026]<\/span><\/p>\n","protected":false},"featured_media":0,"template":"","meta":{"_monsterinsights_skip_tracking":false,"_monsterinsights_sitenote_active":false,"_monsterinsights_sitenote_note":"","_monsterinsights_sitenote_category":0},"product_brand":[],"product_cat":[13590,12337],"product_tag":[],"class_list":{"0":"post-758108","1":"product","2":"type-product","3":"status-publish","5":"product_cat-arastirma-inceleme-politika-siyaset","6":"product_cat-politika-siyaset","7":"pa_cilt-ciltsiz","8":"pa_tur-kitap","9":"pa_yayinevi-ideal-kultur-yayincilik","10":"pa_yazar-abdurrahman-bozkurt","12":"first","13":"instock","14":"sale","15":"shipping-taxable","16":"purchasable","17":"product-type-simple"},"_links":{"self":[{"href":"https:\/\/roveyayinevi.com.tr\/index.php\/wp-json\/wp\/v2\/product\/758108","targetHints":{"allow":["GET"]}}],"collection":[{"href":"https:\/\/roveyayinevi.com.tr\/index.php\/wp-json\/wp\/v2\/product"}],"about":[{"href":"https:\/\/roveyayinevi.com.tr\/index.php\/wp-json\/wp\/v2\/types\/product"}],"wp:attachment":[{"href":"https:\/\/roveyayinevi.com.tr\/index.php\/wp-json\/wp\/v2\/media?parent=758108"}],"wp:term":[{"taxonomy":"product_brand","embeddable":true,"href":"https:\/\/roveyayinevi.com.tr\/index.php\/wp-json\/wp\/v2\/product_brand?post=758108"},{"taxonomy":"product_cat","embeddable":true,"href":"https:\/\/roveyayinevi.com.tr\/index.php\/wp-json\/wp\/v2\/product_cat?post=758108"},{"taxonomy":"product_tag","embeddable":true,"href":"https:\/\/roveyayinevi.com.tr\/index.php\/wp-json\/wp\/v2\/product_tag?post=758108"}],"curies":[{"name":"wp","href":"https:\/\/api.w.org\/{rel}","templated":true}]}}