{"id":758107,"date":"2025-08-28T07:55:35","date_gmt":"2025-08-28T04:55:35","guid":{"rendered":"https:\/\/roveyayinevi.com.tr\/index.php\/urun\/turk-amerikan-iliskileri-1971-1984\/"},"modified":"2026-04-16T03:11:17","modified_gmt":"2026-04-16T00:11:17","slug":"turk-amerikan-iliskileri-1971-1984","status":"publish","type":"product","link":"https:\/\/roveyayinevi.com.tr\/index.php\/urun\/turk-amerikan-iliskileri-1971-1984\/","title":{"rendered":"T\u00fcrk-Amerikan \u0130li\u015fkileri (1971-1984)"},"content":{"rendered":"<p>\u0130kinci D\u00fcnya Sava\u015f\u0131n\u0131 takip eden s\u00fcre\u00e7te ABD ile kurulan ittifak T\u00fcrkiye siyasetinde merkezde konumland\u0131r\u0131lm\u0131\u015ft\u0131r. So\u011fuk Sava\u015f y\u0131llar\u0131 s\u00fcresince T\u00fcrkiye ABD&#8217;nin yan\u0131nda kararl\u0131 bir m\u00fcttefik olarak yer alm\u0131\u015ft\u0131r. 1970&#8217;li y\u0131llar\u0131n ilk yar\u0131s\u0131nda ABD ve SSCB&#8217;nin So\u011fuk Sava\u015ftan \u201cSo\u011fuk Bar\u0131\u015fa\u201d do\u011fru y\u00f6neli\u015fi, T\u00fcrkiye gibi ittifak\u0131n kanat \u00fclkeleri taraf\u0131ndan hissedilebilmi\u015ftir. T\u00fcrkiye&#8217;de bir askeri muht\u0131ran\u0131n ba\u015flang\u0131c\u0131ndan bir darbenin sona eri\u015fine kadar olan d\u00f6nemi ele alan bu kitap, T\u00fcrk-Amerikan ili\u015fkilerinin en ini\u015f \u00e7\u0131k\u0131\u015fl\u0131 oldu\u011fu y\u0131llar\u0131 de\u011ferlendirmeyi ama\u00e7lam\u0131\u015ft\u0131r. T\u00fcrkiye&#8217;de y\u00fckselen Amerikan kar\u015f\u0131tl\u0131\u011f\u0131, ha\u015fha\u015f sorunu, K\u0131br\u0131s krizi, silah ambargosu, Amerikan \u00fcslerinin kapat\u0131lmas\u0131 gibi ikili ili\u015fkilere damgas\u0131n\u0131 vuran sorunlar Amerikan belgeleri \u0131\u015f\u0131\u011f\u0131nda incelenmi\u015ftir. Bu sorunlar\u0131n \u00e7\u00f6z\u00fcm s\u00fcrecine yak\u0131ndan bak\u0131ld\u0131\u011f\u0131nda ise T\u00fcrkiye&#8217;de ger\u00e7ekle\u015fen askeri m\u00fcdahalelerle Amerikan y\u00f6netiminin girift ili\u015fkisi t\u00fcm a\u00e7\u0131kl\u0131\u011f\u0131yla ortaya \u00e7\u0131kmaktad\u0131r.<\/p>\n","protected":false},"excerpt":{"rendered":"<p>\u0130kinci D\u00fcnya Sava\u015f\u0131n\u0131 takip eden s\u00fcre\u00e7te ABD ile kurulan ittifak T\u00fcrkiye siyasetinde merkezde konumland\u0131r\u0131lm\u0131\u015ft\u0131r. So\u011fuk Sava\u015f y\u0131llar\u0131 s\u00fcresince T\u00fcrkiye ABD&#8217;nin yan\u0131nda kararl\u0131 bir m\u00fcttefik olarak yer<span class=\"excerpt-hellip\"> [\u2026]<\/span><\/p>\n","protected":false},"featured_media":0,"template":"","meta":{"_monsterinsights_skip_tracking":false,"_monsterinsights_sitenote_active":false,"_monsterinsights_sitenote_note":"","_monsterinsights_sitenote_category":0},"product_brand":[],"product_cat":[12337],"product_tag":[],"class_list":{"0":"post-758107","1":"product","2":"type-product","3":"status-publish","5":"product_cat-politika-siyaset","6":"pa_cilt-ciltsiz","7":"pa_tur-kitap","8":"pa_yayinevi-ideal-kultur-yayincilik","9":"pa_yazar-murat-ozata","11":"first","12":"instock","13":"sale","14":"shipping-taxable","15":"purchasable","16":"product-type-simple"},"_links":{"self":[{"href":"https:\/\/roveyayinevi.com.tr\/index.php\/wp-json\/wp\/v2\/product\/758107","targetHints":{"allow":["GET"]}}],"collection":[{"href":"https:\/\/roveyayinevi.com.tr\/index.php\/wp-json\/wp\/v2\/product"}],"about":[{"href":"https:\/\/roveyayinevi.com.tr\/index.php\/wp-json\/wp\/v2\/types\/product"}],"wp:attachment":[{"href":"https:\/\/roveyayinevi.com.tr\/index.php\/wp-json\/wp\/v2\/media?parent=758107"}],"wp:term":[{"taxonomy":"product_brand","embeddable":true,"href":"https:\/\/roveyayinevi.com.tr\/index.php\/wp-json\/wp\/v2\/product_brand?post=758107"},{"taxonomy":"product_cat","embeddable":true,"href":"https:\/\/roveyayinevi.com.tr\/index.php\/wp-json\/wp\/v2\/product_cat?post=758107"},{"taxonomy":"product_tag","embeddable":true,"href":"https:\/\/roveyayinevi.com.tr\/index.php\/wp-json\/wp\/v2\/product_tag?post=758107"}],"curies":[{"name":"wp","href":"https:\/\/api.w.org\/{rel}","templated":true}]}}