{"id":758101,"date":"2025-08-28T07:55:27","date_gmt":"2025-08-28T04:55:27","guid":{"rendered":"https:\/\/roveyayinevi.com.tr\/index.php\/urun\/ongorulemeyen-krizler-caginda-yonetim\/"},"modified":"2026-04-16T03:11:17","modified_gmt":"2026-04-16T00:11:17","slug":"ongorulemeyen-krizler-caginda-yonetim","status":"publish","type":"product","link":"https:\/\/roveyayinevi.com.tr\/index.php\/urun\/ongorulemeyen-krizler-caginda-yonetim\/","title":{"rendered":"\u00d6ng\u00f6r\u00fclemeyen Krizler \u00c7a\u011f\u0131nda Y\u00f6netim"},"content":{"rendered":"<p>D\u00fcnyan\u0131n giderek k\u0131r\u0131lgan bir hale geldi\u011fi bir d\u00f6neme do\u011fru h\u0131zl\u0131ca yol ald\u0131\u011f\u0131m\u0131z bug\u00fcnlerde ya\u015fad\u0131\u011f\u0131m\u0131z krizler, \u00f6rg\u00fctlerin acil cevap vermesini gerektiren ancak bu cevap i\u00e7in gerekli olan karar verme s\u00fcresini k\u0131s\u0131tlayan, karar birimlerini \u015fa\u015f\u0131rtabilen ve hatta karars\u0131zl\u0131\u011fa s\u00fcr\u00fckleyebilen durumlara neden olmaktad\u0131r. \u00d6rg\u00fctler, g\u00fc\u00e7l\u00fc y\u00f6nleri ile kriz d\u00f6nemlerini daha kolay atlat\u0131rken b\u00fct\u00fcnsel d\u00fczenin par\u00e7as\u0131 olarak devam ederler. Baz\u0131 \u00f6rg\u00fctler olumsuz ko\u015fullar kar\u015f\u0131s\u0131nda varl\u0131\u011f\u0131n\u0131 koruyabilmekte hatta bu olumsuz ko\u015fullar\u0131 f\u0131rsata \u00e7evirerek daha da g\u00fc\u00e7lenirken, kimi \u00f6rg\u00fctler ise engelleri a\u015fmak i\u00e7in yo\u011fun \u00e7aba g\u00f6stermelerine ra\u011fmen varl\u0131klar\u0131n\u0131 s\u00fcrd\u00fcrememektedirler.Eser, g\u00fcn\u00fcm\u00fczde y\u00f6neticilerin \u00f6rg\u00fctsel dayan\u0131kl\u0131l\u0131k kavram\u0131na nas\u0131l yakla\u015ft\u0131klar\u0131na y\u00f6nelik bir ara\u015ft\u0131rmadan yola \u00e7\u0131karak y\u00f6neticilerin \u00f6rg\u00fctleri krizler kar\u015f\u0131s\u0131nda nas\u0131l dayan\u0131kl\u0131 hale getirmeye \u00e7al\u0131\u015ft\u0131klar\u0131n\u0131 ve bu dayan\u0131kl\u0131l\u0131\u011f\u0131n geli\u015ftirilebilmesi i\u00e7in sahip olduklar\u0131 bak\u0131\u015f a\u00e7\u0131lar\u0131n\u0131 ele almaktad\u0131r.<\/p>\n","protected":false},"excerpt":{"rendered":"<p>D\u00fcnyan\u0131n giderek k\u0131r\u0131lgan bir hale geldi\u011fi bir d\u00f6neme do\u011fru h\u0131zl\u0131ca yol ald\u0131\u011f\u0131m\u0131z bug\u00fcnlerde ya\u015fad\u0131\u011f\u0131m\u0131z krizler, \u00f6rg\u00fctlerin acil cevap vermesini gerektiren ancak bu cevap i\u00e7in gerekli olan<span class=\"excerpt-hellip\"> [\u2026]<\/span><\/p>\n","protected":false},"featured_media":0,"template":"","meta":{"_monsterinsights_skip_tracking":false,"_monsterinsights_sitenote_active":false,"_monsterinsights_sitenote_note":"","_monsterinsights_sitenote_category":0},"product_brand":[],"product_cat":[13043,19008],"product_tag":[],"class_list":{"0":"post-758101","1":"product","2":"type-product","3":"status-publish","5":"product_cat-ekonomi","6":"product_cat-yonetim","7":"pa_cilt-ciltsiz","8":"pa_tur-kitap","9":"pa_yayinevi-ideal-kultur-akademik","10":"pa_yazar-ahmet-yildirim","12":"first","13":"instock","14":"sale","15":"shipping-taxable","16":"purchasable","17":"product-type-simple"},"_links":{"self":[{"href":"https:\/\/roveyayinevi.com.tr\/index.php\/wp-json\/wp\/v2\/product\/758101","targetHints":{"allow":["GET"]}}],"collection":[{"href":"https:\/\/roveyayinevi.com.tr\/index.php\/wp-json\/wp\/v2\/product"}],"about":[{"href":"https:\/\/roveyayinevi.com.tr\/index.php\/wp-json\/wp\/v2\/types\/product"}],"wp:attachment":[{"href":"https:\/\/roveyayinevi.com.tr\/index.php\/wp-json\/wp\/v2\/media?parent=758101"}],"wp:term":[{"taxonomy":"product_brand","embeddable":true,"href":"https:\/\/roveyayinevi.com.tr\/index.php\/wp-json\/wp\/v2\/product_brand?post=758101"},{"taxonomy":"product_cat","embeddable":true,"href":"https:\/\/roveyayinevi.com.tr\/index.php\/wp-json\/wp\/v2\/product_cat?post=758101"},{"taxonomy":"product_tag","embeddable":true,"href":"https:\/\/roveyayinevi.com.tr\/index.php\/wp-json\/wp\/v2\/product_tag?post=758101"}],"curies":[{"name":"wp","href":"https:\/\/api.w.org\/{rel}","templated":true}]}}