{"id":758100,"date":"2025-08-28T07:55:26","date_gmt":"2025-08-28T04:55:26","guid":{"rendered":"https:\/\/roveyayinevi.com.tr\/index.php\/urun\/yesil-lojistik-ve-tedarik-zinciri-yonetimi\/"},"modified":"2026-04-16T03:11:17","modified_gmt":"2026-04-16T00:11:17","slug":"yesil-lojistik-ve-tedarik-zinciri-yonetimi","status":"publish","type":"product","link":"https:\/\/roveyayinevi.com.tr\/index.php\/urun\/yesil-lojistik-ve-tedarik-zinciri-yonetimi\/","title":{"rendered":"Ye\u015fil Lojistik ve Tedarik Zinciri Y\u00f6netimi"},"content":{"rendered":"<p>Modern ta\u015f\u0131ma sistemleri i\u00e7inde lojistik en \u00f6nemli unsurlardan biridir. \u00d6zellikle son y\u0131llarda teknolojinin ilerlemesi ile birlikte y\u00fck ve yolcu ta\u015f\u0131mac\u0131l\u0131\u011f\u0131n\u0131n maliyeti, etkinli\u011fi ve g\u00fcvenilirli\u011fi de artmaktad\u0131r. Son y\u0131llarda lojistik sekt\u00f6r\u00fcnde ya\u015fanan h\u0131zl\u0131 b\u00fcy\u00fcme hi\u00e7 \u015f\u00fcphesiz olumsuz etkileri de beraberinde getirmektedir. Bu etkilerin en aza indirilebilmesi i\u00e7in lojistik sekt\u00f6r\u00fc ekonomik, \u00e7evresel ve sosyal hedeflerini s\u00fcrd\u00fcr\u00fclebilir ye\u015fil lojistik anlay\u0131\u015f\u0131 ile dengelemeye \u00e7al\u0131\u015fmaktad\u0131r.Eser lojistik faaliyetlerin \u00e7evreye etkileri, ye\u015fil tedarik zincirinin y\u00f6netimi, \u00e7evreye duyarl\u0131 tedarik\u00e7inin se\u00e7imi vb. g\u00fcn\u00fcm\u00fcz lojisti\u011finin elzem konular\u0131na odaklanmaktad\u0131r.<\/p>\n","protected":false},"excerpt":{"rendered":"<p>Modern ta\u015f\u0131ma sistemleri i\u00e7inde lojistik en \u00f6nemli unsurlardan biridir. \u00d6zellikle son y\u0131llarda teknolojinin ilerlemesi ile birlikte y\u00fck ve yolcu ta\u015f\u0131mac\u0131l\u0131\u011f\u0131n\u0131n maliyeti, etkinli\u011fi ve g\u00fcvenilirli\u011fi de artmaktad\u0131r.<span class=\"excerpt-hellip\"> [\u2026]<\/span><\/p>\n","protected":false},"featured_media":0,"template":"","meta":{"_monsterinsights_skip_tracking":false,"_monsterinsights_sitenote_active":false,"_monsterinsights_sitenote_note":"","_monsterinsights_sitenote_category":0},"product_brand":[],"product_cat":[13043,17647],"product_tag":[],"class_list":{"0":"post-758100","1":"product","2":"type-product","3":"status-publish","5":"product_cat-ekonomi","6":"product_cat-is-dunyasi","7":"pa_cilt-ciltsiz","8":"pa_tur-kitap","9":"pa_yayinevi-ideal-kultur-akademik","10":"pa_yazar-cihan-cetinkaya","11":"pa_yazar-eren-ozceylan","12":"pa_yazar-ibrahim-halil-korkmaz","13":"pa_yazar-turan-paksoy","15":"first","16":"instock","17":"sale","18":"shipping-taxable","19":"purchasable","20":"product-type-simple"},"_links":{"self":[{"href":"https:\/\/roveyayinevi.com.tr\/index.php\/wp-json\/wp\/v2\/product\/758100","targetHints":{"allow":["GET"]}}],"collection":[{"href":"https:\/\/roveyayinevi.com.tr\/index.php\/wp-json\/wp\/v2\/product"}],"about":[{"href":"https:\/\/roveyayinevi.com.tr\/index.php\/wp-json\/wp\/v2\/types\/product"}],"wp:attachment":[{"href":"https:\/\/roveyayinevi.com.tr\/index.php\/wp-json\/wp\/v2\/media?parent=758100"}],"wp:term":[{"taxonomy":"product_brand","embeddable":true,"href":"https:\/\/roveyayinevi.com.tr\/index.php\/wp-json\/wp\/v2\/product_brand?post=758100"},{"taxonomy":"product_cat","embeddable":true,"href":"https:\/\/roveyayinevi.com.tr\/index.php\/wp-json\/wp\/v2\/product_cat?post=758100"},{"taxonomy":"product_tag","embeddable":true,"href":"https:\/\/roveyayinevi.com.tr\/index.php\/wp-json\/wp\/v2\/product_tag?post=758100"}],"curies":[{"name":"wp","href":"https:\/\/api.w.org\/{rel}","templated":true}]}}