{"id":758099,"date":"2025-08-28T07:55:25","date_gmt":"2025-08-28T04:55:25","guid":{"rendered":"https:\/\/roveyayinevi.com.tr\/index.php\/urun\/27-mayistan-12-marta-turkiyenin-ortadogu-politikasi\/"},"modified":"2026-04-16T03:11:17","modified_gmt":"2026-04-16T00:11:17","slug":"27-mayistan-12-marta-turkiyenin-ortadogu-politikasi","status":"publish","type":"product","link":"https:\/\/roveyayinevi.com.tr\/index.php\/urun\/27-mayistan-12-marta-turkiyenin-ortadogu-politikasi\/","title":{"rendered":"27 May\u0131s&#8217;tan 12 Mart&#8217;a T\u00fcrkiye&#8217;nin Ortado\u011fu Politikas\u0131"},"content":{"rendered":"<p>1960\u2019lar T\u00fcrkiye\u2019nin on y\u0131l\u0131 deviren d\u0131\u015f politika anlay\u0131\u015f\u0131n\u0131 g\u00f6zden ge\u00e7irmesine yol a\u00e7m\u0131\u015ft\u0131r. Ba\u011flant\u0131s\u0131zlar ve BM toplant\u0131lar\u0131ndaki K\u0131br\u0131s\u2019la ilgili g\u00f6r\u00fc\u015fmelerde T\u00fcrkiye\u2019nin yaln\u0131z b\u0131rak\u0131lmas\u0131, Johnson Mektubu\u2019nun ABD\u2019ye y\u00f6nelik yaratt\u0131\u011f\u0131 hayal k\u0131r\u0131kl\u0131\u011f\u0131 gibi geli\u015fmeler T\u00fcrkiye\u2019nin Bat\u0131 ittifak\u0131 ile ili\u015fkilerini sorgulama d\u00f6nemini ba\u015flatm\u0131\u015ft\u0131r. Bu sorgulama T\u00fcrkiye\u2019nin bu ittifaktan kopmas\u0131 neticesini vermemi\u015ftir. 1960\u2019lar, \u00f6zellikle de ortas\u0131ndan itibaren, T\u00fcrkiye\u2019nin d\u0131\u015f politikadaki hatalar\u0131n\u0131 d\u00fczeltmeye ve telafi etmeye \u00e7abalad\u0131\u011f\u0131, Ortado\u011fu\u2019ya yak\u0131n ilgi g\u00f6sterdi\u011fi, b\u00f6lgede h\u00e2kim olan \u201cBat\u0131\u2019n\u0131n s\u00f6zc\u00fcs\u00fc\u201d imaj\u0131n\u0131 silmeye \u00e7al\u0131\u015ft\u0131\u011f\u0131, Asya ve Afrika \u00fclkelerinin ba\u011f\u0131ms\u0131zl\u0131k ve emperyalizmle m\u00fccadelelerine destek verdi\u011fi y\u0131llar olacakt\u0131r. D\u0131\u015f politikadaki b\u00fct\u00fcn bu de\u011fi\u015fimi d\u00f6nemin h\u00fck\u00fcmet programlar\u0131ndan takip etmek m\u00fcmk\u00fcnd\u00fcr.T\u00fcrkiye\u2019nin i\u00e7 siyasetindeki geli\u015fmeler de Ortado\u011fu\u2019ya a\u00e7\u0131lmas\u0131 ve ili\u015fkilerini tamir etmesini etkilemi\u015f ve kolayla\u015ft\u0131rm\u0131\u015ft\u0131r. 1961 Anayasas\u0131\u2019n\u0131n sa\u011flad\u0131\u011f\u0131 h\u00fcrriyet ortam\u0131 i\u00e7inde \u00f6zellikle sol\/sosyalist hareketlerin Ortado\u011fu meselelerine y\u00f6nelik ilgisi; 1965\u2019te tek ba\u015f\u0131na iktidara gelen Adalet Partisinin milli \u00e7\u0131kar\u0131n yan\u0131nda milli refah\u0131 -dolay\u0131s\u0131yla d\u0131\u015f politikan\u0131n ekonomik boyutunu- merkeze alan siyaseti, dinsel\/\u0130slam\u00ee kimli\u011fin d\u0131\u015f politikada dikkate al\u0131nmas\u0131n\u0131n i\u00e7 siyasette kendisine yarar getirece\u011fine inanmas\u0131 bu \u00e7er\u00e7evede verilebilecek \u00f6rneklerdir.<\/p>\n","protected":false},"excerpt":{"rendered":"<p>1960\u2019lar T\u00fcrkiye\u2019nin on y\u0131l\u0131 deviren d\u0131\u015f politika anlay\u0131\u015f\u0131n\u0131 g\u00f6zden ge\u00e7irmesine yol a\u00e7m\u0131\u015ft\u0131r. Ba\u011flant\u0131s\u0131zlar ve BM toplant\u0131lar\u0131ndaki K\u0131br\u0131s\u2019la ilgili g\u00f6r\u00fc\u015fmelerde T\u00fcrkiye\u2019nin yaln\u0131z b\u0131rak\u0131lmas\u0131, Johnson Mektubu\u2019nun ABD\u2019ye y\u00f6nelik<span class=\"excerpt-hellip\"> [\u2026]<\/span><\/p>\n","protected":false},"featured_media":0,"template":"","meta":{"_monsterinsights_skip_tracking":false,"_monsterinsights_sitenote_active":false,"_monsterinsights_sitenote_note":"","_monsterinsights_sitenote_category":0},"product_brand":[],"product_cat":[12337,17225],"product_tag":[],"class_list":{"0":"post-758099","1":"product","2":"type-product","3":"status-publish","5":"product_cat-politika-siyaset","6":"product_cat-uluslararasi-iliskiler","7":"pa_cilt-ciltsiz","8":"pa_tur-kitap","9":"pa_yayinevi-ideal-kultur-akademik","10":"pa_yazar-ersin-muezzinoglu","12":"first","13":"instock","14":"sale","15":"shipping-taxable","16":"purchasable","17":"product-type-simple"},"_links":{"self":[{"href":"https:\/\/roveyayinevi.com.tr\/index.php\/wp-json\/wp\/v2\/product\/758099","targetHints":{"allow":["GET"]}}],"collection":[{"href":"https:\/\/roveyayinevi.com.tr\/index.php\/wp-json\/wp\/v2\/product"}],"about":[{"href":"https:\/\/roveyayinevi.com.tr\/index.php\/wp-json\/wp\/v2\/types\/product"}],"wp:attachment":[{"href":"https:\/\/roveyayinevi.com.tr\/index.php\/wp-json\/wp\/v2\/media?parent=758099"}],"wp:term":[{"taxonomy":"product_brand","embeddable":true,"href":"https:\/\/roveyayinevi.com.tr\/index.php\/wp-json\/wp\/v2\/product_brand?post=758099"},{"taxonomy":"product_cat","embeddable":true,"href":"https:\/\/roveyayinevi.com.tr\/index.php\/wp-json\/wp\/v2\/product_cat?post=758099"},{"taxonomy":"product_tag","embeddable":true,"href":"https:\/\/roveyayinevi.com.tr\/index.php\/wp-json\/wp\/v2\/product_tag?post=758099"}],"curies":[{"name":"wp","href":"https:\/\/api.w.org\/{rel}","templated":true}]}}