{"id":758094,"date":"2025-08-28T07:55:18","date_gmt":"2025-08-28T04:55:18","guid":{"rendered":"https:\/\/roveyayinevi.com.tr\/index.php\/urun\/cumhuriyetin-100-yilinda-100-inci-kalem\/"},"modified":"2026-04-16T03:11:17","modified_gmt":"2026-04-16T00:11:17","slug":"cumhuriyetin-100-yilinda-100-inci-kalem","status":"publish","type":"product","link":"https:\/\/roveyayinevi.com.tr\/index.php\/urun\/cumhuriyetin-100-yilinda-100-inci-kalem\/","title":{"rendered":"Cumhuriyetin 100. Y\u0131l\u0131nda 100 \u0130nci Kalem"},"content":{"rendered":"<p>T\u00fcrkiye Cumhuriyeti\u2019ne, Atat\u00fcrk ilke ve ink\u0131l\u00e2plar\u0131na g\u00f6n\u00fclden ba\u011fl\u0131Kad\u0131n Akademisyenler Derne\u011fi (T\u00dcRKKAB), Cumhuriyetimizin 100.Y\u0131l\u0131nda 1933 \u00dcniversite Reformu\u2019ndan sonra sosyal, be\u015fer\u00ee, idar\u00ee,m\u00fchendislik, fen, sa\u011fl\u0131k, spor ve g\u00fczel sanatlar alanlar\u0131nda gerek yurtd\u0131\u015f\u0131ndagerekse T\u00fcrkiye\u2019de e\u011fitim alarak yeti\u015fen ve b\u00fcy\u00fck \u00e7o\u011funlu\u011fu alan\u0131nda ilkkad\u0131n akademisyen ve ilk kad\u0131n profes\u00f6r \u00fcnvan\u0131n\u0131 alan 109 bilim kad\u0131n\u0131m\u0131z\u0131sizlerle bulu\u015fturmak \u00fczere bu eseri haz\u0131rlam\u0131\u015ft\u0131r.Bu eserle sonsuz minnetimizi sunmak istedi\u011fimiz ki\u015fi hi\u00e7 \u015f\u00fcphesiz kiT\u00fcrk kad\u0131n\u0131n\u0131 tarihte sahip oldu\u011fu yerine ve haklar\u0131na yeniden kavu\u015fturanCumhuriyetimizin kurucusu Ulu \u00d6nder Gazi Mustafa Kemal Atat\u00fcrk\u2019t\u00fcr.Eserde yer alan ya\u015fam \u00f6yk\u00fclerinde Ata\u2019m\u0131z\u0131n Cumhuriyetin ilk y\u0131llar\u0131nda\u00fcniversitelere ve kad\u0131n akademisyenlere tan\u0131d\u0131\u011f\u0131 imk\u00e2nlar ve bu imk\u00e2nlar\u0131nakademisyenlerimizde yaratt\u0131\u011f\u0131 vefa ve motivasyon duygular\u0131 ile ula\u015ft\u0131klar\u0131ba\u015far\u0131lardaki rolleri canl\u0131 bir \u015fekilde g\u00f6r\u00fclmektedir. Yine bu ya\u015fam\u00f6yk\u00fclerinden hocalar\u0131m\u0131z\u0131n sadece alanlar\u0131nda ilk olma \u00f6zelli\u011fita\u015f\u0131mad\u0131klar\u0131n\u0131; toplumun ayd\u0131nlanmas\u0131, bilin\u00e7lenmesi i\u00e7in \u00e7e\u015fitli sivil toplumkurulu\u015flar\u0131 kurduklar\u0131n\u0131, \u00fclkemizde toplumsal duyarl\u0131l\u0131\u011f\u0131 olu\u015fturmak i\u00e7in varg\u00fc\u00e7leri ile \u00e7al\u0131\u015ft\u0131klar\u0131na da \u015fahit oluyoruz. Nitekim bu \u00f6zge\u00e7mi\u015flerin bizlerdeb\u0131rakt\u0131\u011f\u0131 iz g\u00fc\u00e7l\u00fc toplum olabilmenin yolunun g\u00fc\u00e7l\u00fc kad\u0131nlar yeti\u015ftirmektenge\u00e7ti\u011fidir.<\/p>\n","protected":false},"excerpt":{"rendered":"<p>T\u00fcrkiye Cumhuriyeti\u2019ne, Atat\u00fcrk ilke ve ink\u0131l\u00e2plar\u0131na g\u00f6n\u00fclden ba\u011fl\u0131Kad\u0131n Akademisyenler Derne\u011fi (T\u00dcRKKAB), Cumhuriyetimizin 100.Y\u0131l\u0131nda 1933 \u00dcniversite Reformu\u2019ndan sonra sosyal, be\u015fer\u00ee, idar\u00ee,m\u00fchendislik, fen, sa\u011fl\u0131k, spor ve g\u00fczel sanatlar<span class=\"excerpt-hellip\"> [\u2026]<\/span><\/p>\n","protected":false},"featured_media":0,"template":"","meta":{"_monsterinsights_skip_tracking":false,"_monsterinsights_sitenote_active":false,"_monsterinsights_sitenote_note":"","_monsterinsights_sitenote_category":0},"product_brand":[],"product_cat":[14009,12291],"product_tag":[],"class_list":{"0":"post-758094","1":"product","2":"type-product","3":"status-publish","5":"product_cat-biyografi-otobiyografi-edebiyat","6":"product_cat-edebiyat","7":"pa_cilt-ciltsiz","8":"pa_tur-kitap","9":"pa_yayinevi-ideal-kultur-akademik","10":"pa_yazar-ideal-kultur-kolektif","12":"first","13":"instock","14":"sale","15":"shipping-taxable","16":"purchasable","17":"product-type-simple"},"_links":{"self":[{"href":"https:\/\/roveyayinevi.com.tr\/index.php\/wp-json\/wp\/v2\/product\/758094","targetHints":{"allow":["GET"]}}],"collection":[{"href":"https:\/\/roveyayinevi.com.tr\/index.php\/wp-json\/wp\/v2\/product"}],"about":[{"href":"https:\/\/roveyayinevi.com.tr\/index.php\/wp-json\/wp\/v2\/types\/product"}],"wp:attachment":[{"href":"https:\/\/roveyayinevi.com.tr\/index.php\/wp-json\/wp\/v2\/media?parent=758094"}],"wp:term":[{"taxonomy":"product_brand","embeddable":true,"href":"https:\/\/roveyayinevi.com.tr\/index.php\/wp-json\/wp\/v2\/product_brand?post=758094"},{"taxonomy":"product_cat","embeddable":true,"href":"https:\/\/roveyayinevi.com.tr\/index.php\/wp-json\/wp\/v2\/product_cat?post=758094"},{"taxonomy":"product_tag","embeddable":true,"href":"https:\/\/roveyayinevi.com.tr\/index.php\/wp-json\/wp\/v2\/product_tag?post=758094"}],"curies":[{"name":"wp","href":"https:\/\/api.w.org\/{rel}","templated":true}]}}