{"id":758091,"date":"2025-08-28T07:55:15","date_gmt":"2025-08-28T04:55:15","guid":{"rendered":"https:\/\/roveyayinevi.com.tr\/index.php\/urun\/iki-imparatorluk-bir-eyalet-osmanli-misirinda-ingiliz-idaresi-1882-1923\/"},"modified":"2026-04-16T03:11:17","modified_gmt":"2026-04-16T00:11:17","slug":"iki-imparatorluk-bir-eyalet-osmanli-misirinda-ingiliz-idaresi-1882-1923","status":"publish","type":"product","link":"https:\/\/roveyayinevi.com.tr\/index.php\/urun\/iki-imparatorluk-bir-eyalet-osmanli-misirinda-ingiliz-idaresi-1882-1923\/","title":{"rendered":"\u0130ki \u0130mparatorluk Bir Eyalet Osmanl\u0131 M\u0131s\u0131r&#8217;\u0131nda \u0130ngiliz \u0130daresi (1882-1923)"},"content":{"rendered":"<p>19. y\u00fczy\u0131lda Kavalal\u0131 Mehmet Ali Pa\u015fa\u2019n\u0131n valili\u011fi d\u00f6neminde M\u0131s\u0131r,Osmanl\u0131 Devleti idari sistemi i\u00e7inde imtiyazl\u0131 bir stat\u00fc elde etti. M\u0131s\u0131r\u2019\u0131nimtiyazlar\u0131 zaman i\u00e7inde fermanlarla daha da geni\u015fletildi. \u00d6zellikle Hidiv\u0130smail Pa\u015fa d\u00f6neminde bu imtiyazlar M\u0131s\u0131r\u2019\u0131n gelece\u011finde \u00f6nemli roloynayacak geli\u015fmeleri de beraberinde getirdi. S\u00f6m\u00fcrgecilik yar\u0131\u015f\u0131n\u0131nh\u0131zlanmaya ba\u015flad\u0131\u011f\u0131 d\u00f6nemde M\u0131s\u0131r, do\u011fu-bat\u0131 ticaret rotas\u0131 \u00fczerindekikonumu, Do\u011fu Akdeniz\u2019de \u00fcs olabilecek limanlar\u0131, pamuk mahsul\u00fc vekazan\u00e7l\u0131 imtiyazlar\u0131 ile \u00f6zellikle \u0130ngiltere ve Fransa i\u00e7in dikkat \u00e7ekici birb\u00f6lge haline geldi. M\u0131s\u0131r\u2019a dair Avrupal\u0131 ilgisi Hidiv \u0130smail Pa\u015fa\u2019n\u0131n 16 y\u0131ll\u0131kidaresi d\u00f6neminde al\u0131nan d\u0131\u015f bor\u00e7lar ve modernle\u015fme u\u011fruna yap\u0131lan a\u015f\u0131r\u0131harcamalar ile daha da derinle\u015fti.1877-1878 Osmanl\u0131-Rus Sava\u015f\u0131 ve 1878 Berlin Konferans\u0131, Osmanl\u0131idarecilerinin dikkatini imparatorlu\u011fun muhafazas\u0131na yo\u011funla\u015ft\u0131rd\u0131\u011f\u0131 bir andaAvrupal\u0131 g\u00fc\u00e7leri de \u00e7\u0131karlar\u0131 y\u00f6n\u00fcnde hareket etmeye y\u00f6nlendirdi. \u0130ngiltere\u00f6zelinde S\u00fcvey\u015f Kanal\u0131\u2019n\u0131n a\u00e7\u0131lmas\u0131ndan sonra M\u0131s\u0131r, imparatorluk ticaretrotas\u0131nda hayat\u00ee bir konuma yerle\u015fmi\u015fti. Bu nedenle 1876\u2019da mal\u00ee olarak iflaseden M\u0131s\u0131r\u2019da ya\u015fanan milliyet\u00e7i geli\u015fmeler g\u00f6z ard\u0131 edilemezdi.Bu \u00e7al\u0131\u015fmada M\u0131s\u0131r\u2019\u0131n Temmuz 1882\u2019de \u0130ngiltere taraf\u0131ndan \u201cge\u00e7ici\u201d i\u015fgalininzamanla kal\u0131c\u0131l\u0131\u011fa evrilmesi, M\u0131s\u0131r\u2019da \u0130ngiliz dolayl\u0131 y\u00f6netiminin tesisi, \u015eubat1922\u2019de M\u0131s\u0131r\u2019\u0131n tek tarafl\u0131 ba\u011f\u0131ms\u0131zl\u0131\u011f\u0131 ile Lozan Antla\u015fmas\u0131\u2019yla birlikteM\u0131s\u0131r\u2019daki T\u00fcrk hakimiyetinin sonland\u0131r\u0131lmas\u0131 etrafl\u0131ca ele al\u0131nm\u0131\u015ft\u0131r. Ba\u015fkabir ifade ile Osmanl\u0131 Devleti\u2019nin son d\u00f6neminde Afrika k\u0131tas\u0131ndaki varl\u0131\u011f\u0131n\u0131nderin ve kapsaml\u0131 oldu\u011fu tek yer olan M\u0131s\u0131r\u2019da Osmanl\u0131 Devleti\u2019nin yakla\u015f\u0131kd\u00f6rt as\u0131rl\u0131k h\u00e2kimiyetinin 40 y\u0131l\u0131 a\u015fk\u0131n devam eden \u201cge\u00e7ici\u201d \u0130ngiliz i\u015fgald\u00f6nemiyle sona ermesi bu kitab\u0131n ana konusunu te\u015fkil etmektedir.<\/p>\n","protected":false},"excerpt":{"rendered":"<p>19. y\u00fczy\u0131lda Kavalal\u0131 Mehmet Ali Pa\u015fa\u2019n\u0131n valili\u011fi d\u00f6neminde M\u0131s\u0131r,Osmanl\u0131 Devleti idari sistemi i\u00e7inde imtiyazl\u0131 bir stat\u00fc elde etti. M\u0131s\u0131r\u2019\u0131nimtiyazlar\u0131 zaman i\u00e7inde fermanlarla daha da geni\u015fletildi. \u00d6zellikle<span class=\"excerpt-hellip\"> [\u2026]<\/span><\/p>\n","protected":false},"featured_media":0,"template":"","meta":{"_monsterinsights_skip_tracking":false,"_monsterinsights_sitenote_active":false,"_monsterinsights_sitenote_note":"","_monsterinsights_sitenote_category":0},"product_brand":[],"product_cat":[12337],"product_tag":[],"class_list":{"0":"post-758091","1":"product","2":"type-product","3":"status-publish","5":"product_cat-politika-siyaset","6":"pa_cilt-ciltsiz","7":"pa_tur-kitap","8":"pa_yayinevi-ideal-kultur-akademik","9":"pa_yazar-fatih-ozcelik","11":"first","12":"instock","13":"sale","14":"shipping-taxable","15":"purchasable","16":"product-type-simple"},"_links":{"self":[{"href":"https:\/\/roveyayinevi.com.tr\/index.php\/wp-json\/wp\/v2\/product\/758091","targetHints":{"allow":["GET"]}}],"collection":[{"href":"https:\/\/roveyayinevi.com.tr\/index.php\/wp-json\/wp\/v2\/product"}],"about":[{"href":"https:\/\/roveyayinevi.com.tr\/index.php\/wp-json\/wp\/v2\/types\/product"}],"wp:attachment":[{"href":"https:\/\/roveyayinevi.com.tr\/index.php\/wp-json\/wp\/v2\/media?parent=758091"}],"wp:term":[{"taxonomy":"product_brand","embeddable":true,"href":"https:\/\/roveyayinevi.com.tr\/index.php\/wp-json\/wp\/v2\/product_brand?post=758091"},{"taxonomy":"product_cat","embeddable":true,"href":"https:\/\/roveyayinevi.com.tr\/index.php\/wp-json\/wp\/v2\/product_cat?post=758091"},{"taxonomy":"product_tag","embeddable":true,"href":"https:\/\/roveyayinevi.com.tr\/index.php\/wp-json\/wp\/v2\/product_tag?post=758091"}],"curies":[{"name":"wp","href":"https:\/\/api.w.org\/{rel}","templated":true}]}}