{"id":758084,"date":"2025-08-28T07:55:05","date_gmt":"2025-08-28T04:55:05","guid":{"rendered":"https:\/\/roveyayinevi.com.tr\/index.php\/urun\/cesitli-boyutlari-ile-okul-kutuphaneleri\/"},"modified":"2026-04-16T03:11:16","modified_gmt":"2026-04-16T00:11:16","slug":"cesitli-boyutlari-ile-okul-kutuphaneleri","status":"publish","type":"product","link":"https:\/\/roveyayinevi.com.tr\/index.php\/urun\/cesitli-boyutlari-ile-okul-kutuphaneleri\/","title":{"rendered":"\u00c7e\u015fitli Boyutlar\u0131 ile Okul K\u00fct\u00fcphaneleri"},"content":{"rendered":"<p>Okul k\u00fct\u00fcphaneleri, b\u00fct\u00e7e, mek\u00e2n, insan kaynaklar\u0131, bas\u0131l\u0131 ve\/ya da dijital materyaller, teknoloji, kullan\u0131c\u0131lar gibi bile\u015fenlerinin sa\u011fl\u0131kl\u0131 bir entegrasyonu sa\u011fland\u0131\u011f\u0131nda, okuma ve ara\u015ft\u0131rma k\u00fclt\u00fcr\u00fcn\u00fc geli\u015ftirmekte; bilgi ve teknoloji okuryazar\u0131; demokrasi, insan haklar\u0131 ve benzeri pek \u00e7ok toplumsal de\u011fer ile ilkelere kar\u015f\u0131 duyarl\u0131 bireyler yeti\u015ftirmekte, s\u00f6z konusu ve di\u011fer pek \u00e7ok katk\u0131lar\u0131 ile hem bireysel hem de toplumsal geli\u015fimin mihenk ta\u015f\u0131 niteli\u011fini kazanmaktad\u0131r. Etkin bir okul k\u00fct\u00fcphanesi, \u00e7a\u011f\u0131n gerektirdi\u011fi donan\u0131m, teknoloji ve kaynaklar\u0131 ile ya\u015fam boyu \u00f6\u011frenme, \u00f6\u011frenmeyi \u00f6\u011frenme, ara\u015ft\u0131rma, e\u011flenme ve sosyalle\u015fmenin merkezi olmay\u0131 ba\u015farabilmektedir.Dile\u011fimiz, her biri yo\u011fun emek ile haz\u0131rlanm\u0131\u015f toplam yedi makaleden olu\u015fan bu \u00e7al\u0131\u015fman\u0131n, ili\u015fkili konular ile sorunlar ba\u011flam\u0131nda alan\u0131m\u0131za katk\u0131 sunmas\u0131 ve yeni ara\u015ft\u0131rmalara \u0131\u015f\u0131k tutmas\u0131d\u0131r.<\/p>\n","protected":false},"excerpt":{"rendered":"<p>Okul k\u00fct\u00fcphaneleri, b\u00fct\u00e7e, mek\u00e2n, insan kaynaklar\u0131, bas\u0131l\u0131 ve\/ya da dijital materyaller, teknoloji, kullan\u0131c\u0131lar gibi bile\u015fenlerinin sa\u011fl\u0131kl\u0131 bir entegrasyonu sa\u011fland\u0131\u011f\u0131nda, okuma ve ara\u015ft\u0131rma k\u00fclt\u00fcr\u00fcn\u00fc geli\u015ftirmekte; bilgi ve<span class=\"excerpt-hellip\"> [\u2026]<\/span><\/p>\n","protected":false},"featured_media":0,"template":"","meta":{"_monsterinsights_skip_tracking":false,"_monsterinsights_sitenote_active":false,"_monsterinsights_sitenote_note":"","_monsterinsights_sitenote_category":0},"product_brand":[],"product_cat":[12567,12566],"product_tag":[],"class_list":{"0":"post-758084","1":"product","2":"type-product","3":"status-publish","5":"product_cat-diger-egitim","6":"product_cat-egitim","7":"pa_cilt-ciltsiz","8":"pa_tur-kitap","9":"pa_yayinevi-ideal-kultur-akademik","10":"pa_yazar-ideal-kultur-kolektif","12":"first","13":"instock","14":"sale","15":"shipping-taxable","16":"purchasable","17":"product-type-simple"},"_links":{"self":[{"href":"https:\/\/roveyayinevi.com.tr\/index.php\/wp-json\/wp\/v2\/product\/758084","targetHints":{"allow":["GET"]}}],"collection":[{"href":"https:\/\/roveyayinevi.com.tr\/index.php\/wp-json\/wp\/v2\/product"}],"about":[{"href":"https:\/\/roveyayinevi.com.tr\/index.php\/wp-json\/wp\/v2\/types\/product"}],"wp:attachment":[{"href":"https:\/\/roveyayinevi.com.tr\/index.php\/wp-json\/wp\/v2\/media?parent=758084"}],"wp:term":[{"taxonomy":"product_brand","embeddable":true,"href":"https:\/\/roveyayinevi.com.tr\/index.php\/wp-json\/wp\/v2\/product_brand?post=758084"},{"taxonomy":"product_cat","embeddable":true,"href":"https:\/\/roveyayinevi.com.tr\/index.php\/wp-json\/wp\/v2\/product_cat?post=758084"},{"taxonomy":"product_tag","embeddable":true,"href":"https:\/\/roveyayinevi.com.tr\/index.php\/wp-json\/wp\/v2\/product_tag?post=758084"}],"curies":[{"name":"wp","href":"https:\/\/api.w.org\/{rel}","templated":true}]}}