{"id":758083,"date":"2025-08-28T07:55:03","date_gmt":"2025-08-28T04:55:03","guid":{"rendered":"https:\/\/roveyayinevi.com.tr\/index.php\/urun\/halife-ve-sultanlar-mucadelesi\/"},"modified":"2026-04-16T03:11:16","modified_gmt":"2026-04-16T00:11:16","slug":"halife-ve-sultanlar-mucadelesi","status":"publish","type":"product","link":"https:\/\/roveyayinevi.com.tr\/index.php\/urun\/halife-ve-sultanlar-mucadelesi\/","title":{"rendered":"Halife ve Sultanlar M\u00fccadelesi"},"content":{"rendered":"<p>Tu\u011frul Bey&#8217;in 1055 y\u0131l\u0131nda Ba\u011fdat&#8217;a geli\u015fiyle ba\u015flayan Abb\u00e2s\u00ee-Sel\u00e7uklu m\u00fcnasebetleri uzun bir d\u00f6nem \u0130kincilerin bask\u0131n oldu\u011fu bir siyas\u00ee ortamda devam etmi\u015ftir. \u00c7\u00fcnk\u00fc Sel\u00e7uklular muhataplar\u0131na hi\u00e7bir zaman y\u00f6netim erkini vermek niyetinde olmam\u0131\u015flard\u0131r. Bahsetti\u011fimiz bu durum onlar\u0131n hilafet makam\u0131yla ilgili en temel hareket tarz\u0131n\u0131 ifade etmektedir. Mamafih Sultan Sencer&#8217;in iktidar makam\u0131na ge\u00e7ti\u011fi s\u0131rada ikili te\u015fkilat anlay\u0131\u015f\u0131 \u00e7er\u00e7evesinde devleti ikiye b\u00f6l\u00fcp Irak Sel\u00e7uklular\u0131n\u0131 kurmas\u0131 Abb\u00e2s\u00eeler i\u00e7in ba\u011f\u0131ms\u0131zl\u0131k yolunda bir umut \u0131\u015f\u0131\u011f\u0131 olmu\u015ftur. Zira yeni kurulan Irak Sel\u00e7uklular\u0131n\u0131n hikayesi tam anlam\u0131yla bir karma\u015fan\u0131n tarihidir.Bu s\u00fcre\u00e7te Abb\u00e2s\u00eeler ise el-M\u00fcster\u015fid Bill\u00e2h&#8217;\u0131n eliyle durumu kendi lehlerine \u00e7evirmek ad\u0131na Sel\u00e7uklularla m\u00fccadeleye giri\u015fmi\u015flerdir. Elinizdeki kitap ad\u0131 ge\u00e7en halifenin liderli\u011findeki Abb\u00e2s\u00eelerin, Sel\u00e7uklulara kar\u015f\u0131 ba\u015flatt\u0131klar\u0131 iktidar m\u00fccadelesi ile bunun sonu\u00e7lar\u0131 \u00fczerine kaleme al\u0131nm\u0131\u015f olup \u0130sl\u00e2m tarihinin \u00f6nemli safhalar\u0131ndan birini te\u015fkil etmektedir. Muhtevas\u0131 itibar\u0131yla da gerek d\u00f6nemine gerekse sonras\u0131ndaki bir\u00e7ok geli\u015fmeye \u0131\u015f\u0131k tutacak niteliktedir.Prof. Dr. Ayd\u0131n Usta<\/p>\n","protected":false},"excerpt":{"rendered":"<p>Tu\u011frul Bey&#8217;in 1055 y\u0131l\u0131nda Ba\u011fdat&#8217;a geli\u015fiyle ba\u015flayan Abb\u00e2s\u00ee-Sel\u00e7uklu m\u00fcnasebetleri uzun bir d\u00f6nem \u0130kincilerin bask\u0131n oldu\u011fu bir siyas\u00ee ortamda devam etmi\u015ftir. \u00c7\u00fcnk\u00fc Sel\u00e7uklular muhataplar\u0131na hi\u00e7bir zaman y\u00f6netim<span class=\"excerpt-hellip\"> [\u2026]<\/span><\/p>\n","protected":false},"featured_media":0,"template":"","meta":{"_monsterinsights_skip_tracking":false,"_monsterinsights_sitenote_active":false,"_monsterinsights_sitenote_note":"","_monsterinsights_sitenote_category":0},"product_brand":[],"product_cat":[12370,12304],"product_tag":[],"class_list":{"0":"post-758083","1":"product","2":"type-product","3":"status-publish","5":"product_cat-arastirma-inceleme","6":"product_cat-tarih","7":"pa_cilt-ciltsiz","8":"pa_tur-kitap","9":"pa_yayinevi-ideal-kultur-akademik","10":"pa_yazar-nuran-unal","12":"first","13":"instock","14":"sale","15":"shipping-taxable","16":"purchasable","17":"product-type-simple"},"_links":{"self":[{"href":"https:\/\/roveyayinevi.com.tr\/index.php\/wp-json\/wp\/v2\/product\/758083","targetHints":{"allow":["GET"]}}],"collection":[{"href":"https:\/\/roveyayinevi.com.tr\/index.php\/wp-json\/wp\/v2\/product"}],"about":[{"href":"https:\/\/roveyayinevi.com.tr\/index.php\/wp-json\/wp\/v2\/types\/product"}],"wp:attachment":[{"href":"https:\/\/roveyayinevi.com.tr\/index.php\/wp-json\/wp\/v2\/media?parent=758083"}],"wp:term":[{"taxonomy":"product_brand","embeddable":true,"href":"https:\/\/roveyayinevi.com.tr\/index.php\/wp-json\/wp\/v2\/product_brand?post=758083"},{"taxonomy":"product_cat","embeddable":true,"href":"https:\/\/roveyayinevi.com.tr\/index.php\/wp-json\/wp\/v2\/product_cat?post=758083"},{"taxonomy":"product_tag","embeddable":true,"href":"https:\/\/roveyayinevi.com.tr\/index.php\/wp-json\/wp\/v2\/product_tag?post=758083"}],"curies":[{"name":"wp","href":"https:\/\/api.w.org\/{rel}","templated":true}]}}