{"id":758082,"date":"2025-08-28T07:55:02","date_gmt":"2025-08-28T04:55:02","guid":{"rendered":"https:\/\/roveyayinevi.com.tr\/index.php\/urun\/21-yuzyilda-uzay-gucu-ve-hava-hakimiyeti\/"},"modified":"2026-04-16T03:11:16","modified_gmt":"2026-04-16T00:11:16","slug":"21-yuzyilda-uzay-gucu-ve-hava-hakimiyeti","status":"publish","type":"product","link":"https:\/\/roveyayinevi.com.tr\/index.php\/urun\/21-yuzyilda-uzay-gucu-ve-hava-hakimiyeti\/","title":{"rendered":"21. Y\u00fczy\u0131lda Uzay G\u00fcc\u00fc ve Hava H\u00e2kimiyeti"},"content":{"rendered":"<p>1957&#8217;de Sovyetler Birli\u011fi taraf\u0131ndan Sputnik&#8217;in f\u0131rlat\u0131lmas\u0131yla ba\u015flayan Uzay \u00c7a\u011f\u0131, uluslararas\u0131 ili\u015fkiler i\u00e7in farkl\u0131 bir d\u00f6nemi ba\u015flatm\u0131\u015ft\u0131r. D\u00fcnya sava\u015flar\u0131n\u0131n enkaz\u0131ndan hen\u00fcz \u00e7\u0131kan devletler, bir yandan \u00e7\u00f6k\u00fc\u015f\u00fcn yaralar\u0131n\u0131 sararken di\u011fer yandan i\u00e7ine girdi\u011fi yeni d\u00fczene uyum sa\u011flamaya \u00e7al\u0131\u015fm\u0131\u015flard\u0131r. Uluslar aras\u0131nda ger\u00e7ekle\u015fen uzay yar\u0131\u015f\u0131nda yap\u0131lan g\u00fc\u00e7 planlamalar\u0131, devletleri ileri ta\u015f\u0131mak i\u00e7in \u00f6nemli olmakla beraber, g\u00f6klerde kurulacak olan yeni sistemi anlamak, uzay\u0131 do\u011fru tan\u0131mlamak ve gelecekte ortaya \u00e7\u0131kacak olan \u00e7at\u0131\u015fmalarda stratejik hamleleri olu\u015fturmak i\u00e7in son derece gereklidir.21. Y\u00fczy\u0131lda Uzay G\u00fcc\u00fc ve Hava H\u00e2kimiyeti, uzay\u0131n sadece askeri kullan\u0131mlar\u0131 hakk\u0131nda cevap aramamakta \u00fclkelerin d\u0131\u015f politikada verdi\u011fi kararlar \u00fczerindeki rol\u00fcn\u00fc de incelemektedir. Hava ve uzayda konu\u015fland\u0131r\u0131lan ve kullan\u0131lan silahlar\u0131 sadece askeri olarak de\u011fil d\u0131\u015f politikadaki kullan\u0131mlar\u0131 a\u00e7\u0131s\u0131ndan da analiz etmektedir. Jeopolitik teoriler kapsam\u0131nda uygulanan hava h\u00e2kimiyetlerinin uzaya ta\u015f\u0131nmas\u0131n\u0131 ve \u00fclkelerin yeni sistemde neler yapt\u0131klar\u0131na da odaklanan eserde, &#8216;Kara ve deniz sava\u015flar\u0131n\u0131n kendine \u00f6zel y\u00f6ntemleri ile co\u011frafya \u015fekillenirken, yeni jeopolitik tasar\u0131mda uzay, t\u00fcm bunlar\u0131 ortadan kald\u0131rabilir mi?&#8217;,&#8217;K\u00fc\u00e7\u00fck ad\u0131m, insanl\u0131k i\u00e7in b\u00fcy\u00fck bir ad\u0131m olabildi mi?&#8217;, &#8216;B\u00fcy\u00fck g\u00fc\u00e7lerin uzaydaki jeopolitik planlamalar\u0131 neler?&#8217;, &#8216;Hangi \u00fclke hava h\u00e2kimiyeti konusunda daha \u00f6nde?&#8217;, &#8216;Uzay \u00e7a\u011f\u0131nda klasik jeopolitiklere ne olacak?&#8217; gibi bir\u00e7ok g\u00fcncel soruya da cevap aranmaktad\u0131r.<\/p>\n","protected":false},"excerpt":{"rendered":"<p>1957&#8217;de Sovyetler Birli\u011fi taraf\u0131ndan Sputnik&#8217;in f\u0131rlat\u0131lmas\u0131yla ba\u015flayan Uzay \u00c7a\u011f\u0131, uluslararas\u0131 ili\u015fkiler i\u00e7in farkl\u0131 bir d\u00f6nemi ba\u015flatm\u0131\u015ft\u0131r. D\u00fcnya sava\u015flar\u0131n\u0131n enkaz\u0131ndan hen\u00fcz \u00e7\u0131kan devletler, bir yandan \u00e7\u00f6k\u00fc\u015f\u00fcn yaralar\u0131n\u0131<span class=\"excerpt-hellip\"> [\u2026]<\/span><\/p>\n","protected":false},"featured_media":0,"template":"","meta":{"_monsterinsights_skip_tracking":false,"_monsterinsights_sitenote_active":false,"_monsterinsights_sitenote_note":"","_monsterinsights_sitenote_category":0},"product_brand":[],"product_cat":[13005],"product_tag":[],"class_list":{"0":"post-758082","1":"product","2":"type-product","3":"status-publish","5":"product_cat-bilim-muhendislik","6":"pa_cilt-ciltsiz","7":"pa_tur-kitap","8":"pa_yayinevi-ideal-kultur-akademik","9":"pa_yazar-ideal-kultur-kolektif","11":"first","12":"instock","13":"sale","14":"shipping-taxable","15":"purchasable","16":"product-type-simple"},"_links":{"self":[{"href":"https:\/\/roveyayinevi.com.tr\/index.php\/wp-json\/wp\/v2\/product\/758082","targetHints":{"allow":["GET"]}}],"collection":[{"href":"https:\/\/roveyayinevi.com.tr\/index.php\/wp-json\/wp\/v2\/product"}],"about":[{"href":"https:\/\/roveyayinevi.com.tr\/index.php\/wp-json\/wp\/v2\/types\/product"}],"wp:attachment":[{"href":"https:\/\/roveyayinevi.com.tr\/index.php\/wp-json\/wp\/v2\/media?parent=758082"}],"wp:term":[{"taxonomy":"product_brand","embeddable":true,"href":"https:\/\/roveyayinevi.com.tr\/index.php\/wp-json\/wp\/v2\/product_brand?post=758082"},{"taxonomy":"product_cat","embeddable":true,"href":"https:\/\/roveyayinevi.com.tr\/index.php\/wp-json\/wp\/v2\/product_cat?post=758082"},{"taxonomy":"product_tag","embeddable":true,"href":"https:\/\/roveyayinevi.com.tr\/index.php\/wp-json\/wp\/v2\/product_tag?post=758082"}],"curies":[{"name":"wp","href":"https:\/\/api.w.org\/{rel}","templated":true}]}}