{"id":758080,"date":"2025-08-28T07:55:00","date_gmt":"2025-08-28T04:55:00","guid":{"rendered":"https:\/\/roveyayinevi.com.tr\/index.php\/urun\/avarlar\/"},"modified":"2026-04-16T03:11:16","modified_gmt":"2026-04-16T00:11:16","slug":"avarlar","status":"publish","type":"product","link":"https:\/\/roveyayinevi.com.tr\/index.php\/urun\/avarlar\/","title":{"rendered":"Avarlar"},"content":{"rendered":"<p>Anayurt T\u00fcrkistan\u2019dan ba\u015flayan yeni yurtlar, yeni otlaklar bulma gayesi ile birka\u00e7 y\u00fczy\u0131l boyunca bat\u0131ya do\u011fru devam eden g\u00f6\u00e7 hareketi, Karadeniz\u2019in kuzeyi ile Orta ve Do\u011fu Avrupa co\u011frafyas\u0131n\u0131n kaderini derinden etkilemi\u015f, yeniden \u015fekillenmesini sa\u011flam\u0131\u015ft\u0131r.IV. y\u00fczy\u0131l\u0131n son \u00e7eyre\u011finde Hunlar ile ba\u015flayan ve tarihin en b\u00fcy\u00fck ad\u0131mlar\u0131ndan biri olan bu hareket Avrupa\u2019ya do\u011fru devam etmi\u015f ve Avarlar ile zirveye ula\u015fm\u0131\u015ft\u0131r. Avarlar\u0131n Avrupa\u2019da b\u0131rakt\u0131klar\u0131 b\u00fcy\u00fck izleri en \u00e7ok arkeolojik bakiyelerden takip edebiliyoruz. Avarlar\u0131n Avrupa\u2019n\u0131n sosyal ve ekonomik \u00e7ehresinde yaratt\u0131klar\u0131 de\u011fi\u015fim, buluntular\u0131n dilinden anlat\u0131ld\u0131\u011f\u0131nda b\u00fcy\u00fck bir anlam kazanmaktad\u0131r. Avarlar\u0131n T\u00fcrkistan\u2019dan getirdikleri kadim k\u00fclt\u00fcrleri ve Avrupa co\u011frafyas\u0131ndaki farkl\u0131 k\u00fclt\u00fcrlere ait \u00f6\u011feler ile olu\u015fturduklar\u0131 kendilerine \u00f6zg\u00fc sanat anlay\u0131\u015flar\u0131, Do\u011fu ve Bat\u0131\u2019n\u0131n birle\u015fti\u011fi muhte\u015fem bir g\u00f6rsel \u015f\u00f6lenin olu\u015fmas\u0131na neden olmu\u015ftur.<\/p>\n","protected":false},"excerpt":{"rendered":"<p>Anayurt T\u00fcrkistan\u2019dan ba\u015flayan yeni yurtlar, yeni otlaklar bulma gayesi ile birka\u00e7 y\u00fczy\u0131l boyunca bat\u0131ya do\u011fru devam eden g\u00f6\u00e7 hareketi, Karadeniz\u2019in kuzeyi ile Orta ve Do\u011fu Avrupa<span class=\"excerpt-hellip\"> [\u2026]<\/span><\/p>\n","protected":false},"featured_media":0,"template":"","meta":{"_monsterinsights_skip_tracking":false,"_monsterinsights_sitenote_active":false,"_monsterinsights_sitenote_note":"","_monsterinsights_sitenote_category":0},"product_brand":[],"product_cat":[12370,12304],"product_tag":[],"class_list":{"0":"post-758080","1":"product","2":"type-product","3":"status-publish","5":"product_cat-arastirma-inceleme","6":"product_cat-tarih","7":"pa_cilt-ciltsiz","8":"pa_tur-kitap","9":"pa_yayinevi-ideal-kultur-akademik","10":"pa_yazar-f-aysel-ilgin","12":"first","13":"instock","14":"sale","15":"shipping-taxable","16":"purchasable","17":"product-type-simple"},"_links":{"self":[{"href":"https:\/\/roveyayinevi.com.tr\/index.php\/wp-json\/wp\/v2\/product\/758080","targetHints":{"allow":["GET"]}}],"collection":[{"href":"https:\/\/roveyayinevi.com.tr\/index.php\/wp-json\/wp\/v2\/product"}],"about":[{"href":"https:\/\/roveyayinevi.com.tr\/index.php\/wp-json\/wp\/v2\/types\/product"}],"wp:attachment":[{"href":"https:\/\/roveyayinevi.com.tr\/index.php\/wp-json\/wp\/v2\/media?parent=758080"}],"wp:term":[{"taxonomy":"product_brand","embeddable":true,"href":"https:\/\/roveyayinevi.com.tr\/index.php\/wp-json\/wp\/v2\/product_brand?post=758080"},{"taxonomy":"product_cat","embeddable":true,"href":"https:\/\/roveyayinevi.com.tr\/index.php\/wp-json\/wp\/v2\/product_cat?post=758080"},{"taxonomy":"product_tag","embeddable":true,"href":"https:\/\/roveyayinevi.com.tr\/index.php\/wp-json\/wp\/v2\/product_tag?post=758080"}],"curies":[{"name":"wp","href":"https:\/\/api.w.org\/{rel}","templated":true}]}}