{"id":758075,"date":"2025-08-28T07:54:52","date_gmt":"2025-08-28T04:54:52","guid":{"rendered":"https:\/\/roveyayinevi.com.tr\/index.php\/urun\/deli-sansi\/"},"modified":"2026-04-16T03:11:16","modified_gmt":"2026-04-16T00:11:16","slug":"deli-sansi","status":"publish","type":"product","link":"https:\/\/roveyayinevi.com.tr\/index.php\/urun\/deli-sansi\/","title":{"rendered":"Deli \u015eans\u0131"},"content":{"rendered":"<p>Akl\u0131na g\u00fcvenen insan yan\u0131l\u0131r m\u0131?Elbette!\u0130nsan kendince planlar \u00e7izer \u00f6m\u00fcr denen deftere.Ellerinde bir avu\u00e7 umut, hep g\u00fczel g\u00fcnleri arzular.Oysa ak\u0131l bazen tepe taklak eder, harcar insan\u0131.Ne yapsan ne etsen fayda vermez.Zira g\u00f6klerden gelen bir karar vard\u0131r.Ak\u0131l; deve bir yere ka\u00e7mas\u0131n diye aya\u011fa vurulan ba\u011fd\u0131r. Bu y\u00fczdenba\u011flar, dizginler insan\u0131. G\u00fcn olur y\u00fcre\u011fini da\u011flar.Bir ak\u0131ll\u0131n\u0131n saklad\u0131\u011f\u0131 ceset, bir delinin ba\u015f\u0131na talih ku\u015fu diye konar.Ak\u0131ll\u0131; kalem arar, k\u00e2\u011f\u0131t arar, adres sorar da mektup yazmaya, deli;g\u00f6kteki ku\u015flarla haber salar. Ak\u0131l, ku\u015f olup u\u00e7unca dost olur pencereler,kap\u0131lar\u2026 Ard\u0131ndan y\u0131rt\u0131lm\u0131\u015f bir g\u00f6mlek, dost olur.En iyisi g\u00f6nl\u00fc akla yolda\u015f etmek, a\u015fk ile de karde\u015f etmektir.Bu kitapta delilerle kendini ak\u0131ll\u0131 sananlar, kaderin r\u00fczg\u00e2r\u0131ylasavrulanlar, g\u00f6nl\u00fcne s\u00f6z ge\u00e7irip su gibi durulanlar anlat\u0131l\u0131r. O sudakimler yok ki?Kendi \u00e7ocuklu\u011fuyla kar\u015f\u0131la\u015fan bir dervi\u015f, ka\u00e7\u0131p gitmek isteyen bak\u0131rc\u0131Yunus, evlat hasretiyle tutu\u015fan Zekeriya\u2026G\u00f6nl\u00fc a\u015fk ile \u00e7arpanlara\u2026<\/p>\n","protected":false},"excerpt":{"rendered":"<p>Akl\u0131na g\u00fcvenen insan yan\u0131l\u0131r m\u0131?Elbette!\u0130nsan kendince planlar \u00e7izer \u00f6m\u00fcr denen deftere.Ellerinde bir avu\u00e7 umut, hep g\u00fczel g\u00fcnleri arzular.Oysa ak\u0131l bazen tepe taklak eder, harcar insan\u0131.Ne yapsan<span class=\"excerpt-hellip\"> [\u2026]<\/span><\/p>\n","protected":false},"featured_media":0,"template":"","meta":{"_monsterinsights_skip_tracking":false,"_monsterinsights_sitenote_active":false,"_monsterinsights_sitenote_note":"","_monsterinsights_sitenote_category":0},"product_brand":[],"product_cat":[12291,18202],"product_tag":[],"class_list":{"0":"post-758075","1":"product","2":"type-product","3":"status-publish","5":"product_cat-edebiyat","6":"product_cat-hikaye","7":"pa_cilt-ciltsiz","8":"pa_tur-kitap","9":"pa_yayinevi-ideal-kultur-yayincilik","10":"pa_yazar-nursah-karaca","12":"first","13":"instock","14":"sale","15":"shipping-taxable","16":"purchasable","17":"product-type-simple"},"_links":{"self":[{"href":"https:\/\/roveyayinevi.com.tr\/index.php\/wp-json\/wp\/v2\/product\/758075","targetHints":{"allow":["GET"]}}],"collection":[{"href":"https:\/\/roveyayinevi.com.tr\/index.php\/wp-json\/wp\/v2\/product"}],"about":[{"href":"https:\/\/roveyayinevi.com.tr\/index.php\/wp-json\/wp\/v2\/types\/product"}],"wp:attachment":[{"href":"https:\/\/roveyayinevi.com.tr\/index.php\/wp-json\/wp\/v2\/media?parent=758075"}],"wp:term":[{"taxonomy":"product_brand","embeddable":true,"href":"https:\/\/roveyayinevi.com.tr\/index.php\/wp-json\/wp\/v2\/product_brand?post=758075"},{"taxonomy":"product_cat","embeddable":true,"href":"https:\/\/roveyayinevi.com.tr\/index.php\/wp-json\/wp\/v2\/product_cat?post=758075"},{"taxonomy":"product_tag","embeddable":true,"href":"https:\/\/roveyayinevi.com.tr\/index.php\/wp-json\/wp\/v2\/product_tag?post=758075"}],"curies":[{"name":"wp","href":"https:\/\/api.w.org\/{rel}","templated":true}]}}