{"id":758074,"date":"2025-08-28T07:54:50","date_gmt":"2025-08-28T04:54:50","guid":{"rendered":"https:\/\/roveyayinevi.com.tr\/index.php\/urun\/zarif-turk\/"},"modified":"2026-04-16T03:11:16","modified_gmt":"2026-04-16T00:11:16","slug":"zarif-turk","status":"publish","type":"product","link":"https:\/\/roveyayinevi.com.tr\/index.php\/urun\/zarif-turk\/","title":{"rendered":"Zarif T\u00fcrk"},"content":{"rendered":"<p>Uzun m\u00fcddettir i\u00e7imizde par\u00e7alanan bir k\u00fcheylan y\u00fcre\u011fi gibi, mesafeleri a\u015f\u0131p \u015fu \u00e2lemin can damar\u0131na ula\u015fma iste\u011fi var. Bir yandan mill\u00ee ament\u00fcm\u00fcz\u00fc yeniden hat\u0131rlaman\u0131n m\u00fccadelesini veriyor, di\u011fer yandan da, T\u00fcrkl\u00fck \u015fuurunun a\u011f\u0131r y\u00fck\u00fcn\u00fc tahrir ediyoruz.\u0130\u015fte bu kitap, b\u00fcy\u00fck atam\u0131z O\u011fuz Han\u2019dan g\u00fcn\u00fcm\u00fcze de\u011fin T\u00fcrkl\u00fc\u011f\u00fcn ne oldu\u011funu, \u0130sl\u00e2m ile \u015ferefyab olundu\u011funda ne gibi terakkiler kaydetti\u011fini, T\u00fcrk\u00fcn \u0130sl\u00e2ms\u0131z, \u0130sl\u00e2m\u2019\u0131n da T\u00fcrks\u00fcz olamayaca\u011f\u0131n\u0131 tarihi hakikatler \u00fczerinden anlatmak i\u00e7in kaleme al\u0131nm\u0131\u015ft\u0131r.T\u00fcrk milletinin temel zeminini yerinden oynatmak i\u00e7in s\u00fcrekli yanl\u0131\u015f bilgilendirmelere inat, baz\u0131 hususlar kitab\u0131m\u0131zda bilerek ve \u0131srarla tekrar edilmi\u015ftir. \u00d6zellikle omurgas\u0131 k\u0131r\u0131lmak istenilen T\u00fcrkl\u00fc\u011f\u00fcn muhafazas\u0131 i\u00e7in \u0130sl\u00e2m ve t\u00f6renin ehemmiyeti ile her hususun bu iki mefhuma ba\u011fl\u0131l\u0131k \u00fczerinden y\u00fcr\u00fct\u00fclmesi gerekti\u011fi vurgulanm\u0131\u015ft\u0131r.<\/p>\n","protected":false},"excerpt":{"rendered":"<p>Uzun m\u00fcddettir i\u00e7imizde par\u00e7alanan bir k\u00fcheylan y\u00fcre\u011fi gibi, mesafeleri a\u015f\u0131p \u015fu \u00e2lemin can damar\u0131na ula\u015fma iste\u011fi var. Bir yandan mill\u00ee ament\u00fcm\u00fcz\u00fc yeniden hat\u0131rlaman\u0131n m\u00fccadelesini veriyor, di\u011fer<span class=\"excerpt-hellip\"> [\u2026]<\/span><\/p>\n","protected":false},"featured_media":0,"template":"","meta":{"_monsterinsights_skip_tracking":false,"_monsterinsights_sitenote_active":false,"_monsterinsights_sitenote_note":"","_monsterinsights_sitenote_category":0},"product_brand":[],"product_cat":[12777,12291],"product_tag":[],"class_list":{"0":"post-758074","1":"product","2":"type-product","3":"status-publish","5":"product_cat-deneme","6":"product_cat-edebiyat","7":"pa_cilt-ciltsiz","8":"pa_tur-kitap","9":"pa_yayinevi-ideal-kultur-yayincilik","10":"pa_yazar-hm-alper-duran","12":"first","13":"instock","14":"sale","15":"shipping-taxable","16":"purchasable","17":"product-type-simple"},"_links":{"self":[{"href":"https:\/\/roveyayinevi.com.tr\/index.php\/wp-json\/wp\/v2\/product\/758074","targetHints":{"allow":["GET"]}}],"collection":[{"href":"https:\/\/roveyayinevi.com.tr\/index.php\/wp-json\/wp\/v2\/product"}],"about":[{"href":"https:\/\/roveyayinevi.com.tr\/index.php\/wp-json\/wp\/v2\/types\/product"}],"wp:attachment":[{"href":"https:\/\/roveyayinevi.com.tr\/index.php\/wp-json\/wp\/v2\/media?parent=758074"}],"wp:term":[{"taxonomy":"product_brand","embeddable":true,"href":"https:\/\/roveyayinevi.com.tr\/index.php\/wp-json\/wp\/v2\/product_brand?post=758074"},{"taxonomy":"product_cat","embeddable":true,"href":"https:\/\/roveyayinevi.com.tr\/index.php\/wp-json\/wp\/v2\/product_cat?post=758074"},{"taxonomy":"product_tag","embeddable":true,"href":"https:\/\/roveyayinevi.com.tr\/index.php\/wp-json\/wp\/v2\/product_tag?post=758074"}],"curies":[{"name":"wp","href":"https:\/\/api.w.org\/{rel}","templated":true}]}}