{"id":758072,"date":"2025-08-28T07:54:48","date_gmt":"2025-08-28T04:54:48","guid":{"rendered":"https:\/\/roveyayinevi.com.tr\/index.php\/urun\/diplomasi-yazilari\/"},"modified":"2026-04-16T03:11:16","modified_gmt":"2026-04-16T00:11:16","slug":"diplomasi-yazilari","status":"publish","type":"product","link":"https:\/\/roveyayinevi.com.tr\/index.php\/urun\/diplomasi-yazilari\/","title":{"rendered":"Diplomasi Yaz\u0131lar\u0131"},"content":{"rendered":"<p>D\u0131\u015f politika konular\u0131, \u00e7o\u011funlukla son derece karma\u015f\u0131k fakt\u00f6rlerin bir araya geldi\u011fi, karar alma s\u00fcre\u00e7lerinde \u00e7at\u0131\u015fan pek \u00e7ok farkl\u0131 m\u00fclahazan\u0131n birlikte de\u011ferlendirildi\u011fi, al\u0131nan kararlar\u0131n sonu\u00e7lar\u0131n\u0131n k\u0131sa, orta ve uzun d\u00f6nemde farkl\u0131l\u0131k g\u00f6sterebilece\u011fi son derece zor bir alan.Bu \u00e7er\u00e7evede d\u00fc\u015f\u00fcn\u00fcld\u00fc\u011f\u00fcnde Yunanistan, Hindistan, Portekiz ve Avusturya gibi d\u00f6rt ayr\u0131 \u00fclkede T\u00fcrkiye&#8217;yi b\u00fcy\u00fckel\u00e7i olarak temsil eden, en k\u0131demli b\u00fcy\u00fckel\u00e7i olarak 2018&#8217;de emekli olan Ha\u015fan G\u00f6\u011f\u00fc\u015f, \u201cDiplomasi Yaz\u0131lar\u0131\u201dnda d\u0131\u015f politikadaki geli\u015fme ve sorunlar\u0131, yar\u0131m y\u00fczy\u0131la yak\u0131n deneyimi ve kendi tan\u0131kl\u0131\u011f\u0131 \u00fczerinden tartarak, tarihsel bir \u00e7er\u00e7eveye oturtuyor.Geni\u015f bir spektrumla ve yal\u0131n bir anlat\u0131mla kaleme al\u0131nan bu eser, okuyucusunu fikir egzersizlerine davet ederek ona yeni pencereler aral\u0131yor.Diplomasi Yaz\u0131lar\u0131, topluma yans\u0131yan geli\u015fmelerin sa\u011flam bir perspektife oturtulmas\u0131, tarihsel ba\u011flam\u0131 i\u00e7inde do\u011fru bir a\u00e7\u0131yla analiz edilmesi a\u00e7\u0131s\u0131ndan da \u00f6nem arz ediyor.<\/p>\n","protected":false},"excerpt":{"rendered":"<p>D\u0131\u015f politika konular\u0131, \u00e7o\u011funlukla son derece karma\u015f\u0131k fakt\u00f6rlerin bir araya geldi\u011fi, karar alma s\u00fcre\u00e7lerinde \u00e7at\u0131\u015fan pek \u00e7ok farkl\u0131 m\u00fclahazan\u0131n birlikte de\u011ferlendirildi\u011fi, al\u0131nan kararlar\u0131n sonu\u00e7lar\u0131n\u0131n k\u0131sa, orta<span class=\"excerpt-hellip\"> [\u2026]<\/span><\/p>\n","protected":false},"featured_media":0,"template":"","meta":{"_monsterinsights_skip_tracking":false,"_monsterinsights_sitenote_active":false,"_monsterinsights_sitenote_note":"","_monsterinsights_sitenote_category":0},"product_brand":[],"product_cat":[12337],"product_tag":[],"class_list":{"0":"post-758072","1":"product","2":"type-product","3":"status-publish","5":"product_cat-politika-siyaset","6":"pa_cilt-ciltsiz","7":"pa_tur-kitap","8":"pa_yayinevi-ideal-kultur-yayincilik","9":"pa_yazar-hasan-gogus","11":"first","12":"instock","13":"sale","14":"shipping-taxable","15":"purchasable","16":"product-type-simple"},"_links":{"self":[{"href":"https:\/\/roveyayinevi.com.tr\/index.php\/wp-json\/wp\/v2\/product\/758072","targetHints":{"allow":["GET"]}}],"collection":[{"href":"https:\/\/roveyayinevi.com.tr\/index.php\/wp-json\/wp\/v2\/product"}],"about":[{"href":"https:\/\/roveyayinevi.com.tr\/index.php\/wp-json\/wp\/v2\/types\/product"}],"wp:attachment":[{"href":"https:\/\/roveyayinevi.com.tr\/index.php\/wp-json\/wp\/v2\/media?parent=758072"}],"wp:term":[{"taxonomy":"product_brand","embeddable":true,"href":"https:\/\/roveyayinevi.com.tr\/index.php\/wp-json\/wp\/v2\/product_brand?post=758072"},{"taxonomy":"product_cat","embeddable":true,"href":"https:\/\/roveyayinevi.com.tr\/index.php\/wp-json\/wp\/v2\/product_cat?post=758072"},{"taxonomy":"product_tag","embeddable":true,"href":"https:\/\/roveyayinevi.com.tr\/index.php\/wp-json\/wp\/v2\/product_tag?post=758072"}],"curies":[{"name":"wp","href":"https:\/\/api.w.org\/{rel}","templated":true}]}}