{"id":758071,"date":"2025-08-28T07:54:47","date_gmt":"2025-08-28T04:54:47","guid":{"rendered":"https:\/\/roveyayinevi.com.tr\/index.php\/urun\/bozkirdan-sehre\/"},"modified":"2026-04-16T03:11:16","modified_gmt":"2026-04-16T00:11:16","slug":"bozkirdan-sehre","status":"publish","type":"product","link":"https:\/\/roveyayinevi.com.tr\/index.php\/urun\/bozkirdan-sehre\/","title":{"rendered":"Bozk\u0131rdan \u015eehre"},"content":{"rendered":"<p>Sel\u00e7uklular\u0131n te\u015fkilatlanma ve devletle\u015fme s\u00fcre\u00e7leri ayn\u0131 zamanda bir var olma m\u00fccadelesinin neticesidir. T\u00fcrkistan bozk\u0131rlar\u0131nda ba\u015flayan bu m\u00fccadele zamanla \u0130ran, Anadolu, Azerbaycan, Irak ve Suriye co\u011frafyas\u0131n\u0131 kapsayacak kadar b\u00fcy\u00fcm\u00fc\u015f ve elde edilen ba\u015far\u0131lar neticesinde Sel\u00e7uklu devletlerinin kurulmas\u0131 m\u00fcmk\u00fcn olmu\u015ftur. B\u00fcy\u00fck Sel\u00e7uklu Devleti ile ba\u015flayan bu s\u00fcre\u00e7 daha sonraki tarihlerde T\u00fcrkiye Sel\u00e7uklu, Kirman Sel\u00e7uklu, Suriye Sel\u00e7uklu ve Irak Sel\u00e7uklu devletlerinin kurulu\u015fuyla devam etmi\u015ftir. Tarihteki di\u011fer b\u00fcy\u00fck devletler gibi Sel\u00e7uklu devletlerinin kurulu\u015fu da tarihe y\u00f6n veren \u00f6nemli k\u0131r\u0131lma noktalar\u0131ndand\u0131r. \u00dcstelik Sel\u00e7uklular\u0131n T\u00fcrk, \u0130sl\u00e2m ve d\u00fcnya tarihi a\u00e7\u0131s\u0131ndan arz etti\u011fi \u00f6nem g\u00f6z \u00f6n\u00fcne al\u0131nd\u0131\u011f\u0131nda bu kurulu\u015f s\u00fcre\u00e7lerinin ehemmiyeti artmaktad\u0131r.Bozk\u0131rdan \u015eehre isimli bu \u00e7al\u0131\u015fma Sel\u00e7uklu devletlerinin kurulu\u015funu, bunlara imk\u00e2n tan\u0131yan m\u00fccadeleleri, devletle\u015fmeye g\u00f6t\u00fcren sebepleri ve bunlar\u0131n neticelerini incelemekte ve nihayet Sel\u00e7uklu devletlerinin k\u00f6ken ve olu\u015fum s\u00fcre\u00e7lerini b\u00fct\u00fcnc\u00fcl bir anlat\u0131yla okuyucuya sunmaktad\u0131r.<\/p>\n","protected":false},"excerpt":{"rendered":"<p>Sel\u00e7uklular\u0131n te\u015fkilatlanma ve devletle\u015fme s\u00fcre\u00e7leri ayn\u0131 zamanda bir var olma m\u00fccadelesinin neticesidir. T\u00fcrkistan bozk\u0131rlar\u0131nda ba\u015flayan bu m\u00fccadele zamanla \u0130ran, Anadolu, Azerbaycan, Irak ve Suriye co\u011frafyas\u0131n\u0131 kapsayacak<span class=\"excerpt-hellip\"> [\u2026]<\/span><\/p>\n","protected":false},"featured_media":0,"template":"","meta":{"_monsterinsights_skip_tracking":false,"_monsterinsights_sitenote_active":false,"_monsterinsights_sitenote_note":"","_monsterinsights_sitenote_category":0},"product_brand":[],"product_cat":[12304,13650],"product_tag":[],"class_list":{"0":"post-758071","1":"product","2":"type-product","3":"status-publish","5":"product_cat-tarih","6":"product_cat-turk-tarihi-arastirmalari","7":"pa_cilt-ciltsiz","8":"pa_tur-kitap","9":"pa_yayinevi-ideal-kultur-yayincilik","10":"pa_yazar-kazim-uzun","12":"first","13":"instock","14":"sale","15":"shipping-taxable","16":"purchasable","17":"product-type-simple"},"_links":{"self":[{"href":"https:\/\/roveyayinevi.com.tr\/index.php\/wp-json\/wp\/v2\/product\/758071","targetHints":{"allow":["GET"]}}],"collection":[{"href":"https:\/\/roveyayinevi.com.tr\/index.php\/wp-json\/wp\/v2\/product"}],"about":[{"href":"https:\/\/roveyayinevi.com.tr\/index.php\/wp-json\/wp\/v2\/types\/product"}],"wp:attachment":[{"href":"https:\/\/roveyayinevi.com.tr\/index.php\/wp-json\/wp\/v2\/media?parent=758071"}],"wp:term":[{"taxonomy":"product_brand","embeddable":true,"href":"https:\/\/roveyayinevi.com.tr\/index.php\/wp-json\/wp\/v2\/product_brand?post=758071"},{"taxonomy":"product_cat","embeddable":true,"href":"https:\/\/roveyayinevi.com.tr\/index.php\/wp-json\/wp\/v2\/product_cat?post=758071"},{"taxonomy":"product_tag","embeddable":true,"href":"https:\/\/roveyayinevi.com.tr\/index.php\/wp-json\/wp\/v2\/product_tag?post=758071"}],"curies":[{"name":"wp","href":"https:\/\/api.w.org\/{rel}","templated":true}]}}