{"id":758066,"date":"2025-08-28T07:54:39","date_gmt":"2025-08-28T04:54:39","guid":{"rendered":"https:\/\/roveyayinevi.com.tr\/index.php\/urun\/bir-saatligine\/"},"modified":"2026-04-16T03:11:16","modified_gmt":"2026-04-16T00:11:16","slug":"bir-saatligine","status":"publish","type":"product","link":"https:\/\/roveyayinevi.com.tr\/index.php\/urun\/bir-saatligine\/","title":{"rendered":"Bir Saatli\u011fine"},"content":{"rendered":"<p>Emirhan Yeniki, Tatar k\u00fclt\u00fcr\u00fcn\u00fcn kodlar\u0131n\u0131 gelecek ku\u015faklara aktarmay\u0131 kendisine g\u00f6rev addeden, tan\u0131k oldu\u011fu olaylar ile gerek insanlar\u0131 gerek y\u00f6netim politikalar\u0131n\u0131 a\u00e7\u0131k\u00e7a ele\u015ftirebilme cesareti g\u00f6steren ve \u00fcslubu ile kendisinden sonra gelen yazarlara dokuna- bilmeyi ba\u015faran modern Tatar edebiyat\u0131n\u0131n \u00f6nemli isimlerinden biridir. Titizlik ile i\u015fledi\u011fi hikayeleri bildi\u011fimiz ama hayat\u0131n ritmi i\u00e7inde fark\u0131na varamad\u0131\u011f\u0131m\u0131z insanc\u0131l duygular\u0131 yeniden canland\u0131rmakla beraber toplumsal sorunlar\u0131 da i\u015fler. Sat\u0131rlar aras\u0131nda zaman, akrep ve yelkovan aras\u0131na s\u0131\u011fd\u0131r\u0131lan bir s\u00fcreden \u00f6te, mevsimler arac\u0131l\u0131\u011f\u0131yla insan\u0131 kimi zaman h\u00fcz\u00fcn kimi zaman mutluluk atmosferine \u00e7eken bir g\u00fcce; mekan ise karakterleri psikolojileriyle s\u0131nad\u0131\u011f\u0131 alg\u0131sal bir boyuta d\u00f6n\u00fc\u015f\u00fcr.Bir \u00f6zya\u015fam \u00f6yk\u00fcc\u00fcs\u00fc olan yazar\u0131n \u0130kinci D\u00fcnya Sava\u015f\u0131 s\u0131ras\u0131nda yazm\u0131\u015f oldu\u011fu hikayeleri ilk kez bu kitapta bir araya getirildi. Top mermilerinin a\u00e7t\u0131\u011f\u0131 \u00e7ukurda solmamaya direnen \u00e7i\u00e7e\u011fin yan\u0131ndan ge\u00e7en askere sesleni\u015fi, sadece bir saatli\u011fine o\u011fluyla hasret gidermeye \u00e7al\u0131\u015fan annenin sessiz \u00e7\u0131\u011fl\u0131\u011f\u0131, sava\u015f\u0131n en deh\u015fetli an\u0131nda kay\u0131p bir k\u0131z \u00e7ocu\u011funu annesine kavu\u015fturmak i\u00e7in \u00e7\u0131rp\u0131nan askerin kalp \u00e7arp\u0131nt\u0131s\u0131 Yeniki&#8217;nin usta kaleminden sava\u015f\u0131n fiziksel deh\u015fetinin insan\u0131n ruhsal d\u00fcnyas\u0131ndaki tahribat\u0131n\u0131 g\u00f6steren insanl\u0131\u011f\u0131n hikayesi olarak kar\u015f\u0131m\u0131za \u00e7\u0131k\u0131yor.<\/p>\n","protected":false},"excerpt":{"rendered":"<p>Emirhan Yeniki, Tatar k\u00fclt\u00fcr\u00fcn\u00fcn kodlar\u0131n\u0131 gelecek ku\u015faklara aktarmay\u0131 kendisine g\u00f6rev addeden, tan\u0131k oldu\u011fu olaylar ile gerek insanlar\u0131 gerek y\u00f6netim politikalar\u0131n\u0131 a\u00e7\u0131k\u00e7a ele\u015ftirebilme cesareti g\u00f6steren ve \u00fcslubu<span class=\"excerpt-hellip\"> [\u2026]<\/span><\/p>\n","protected":false},"featured_media":0,"template":"","meta":{"_monsterinsights_skip_tracking":false,"_monsterinsights_sitenote_active":false,"_monsterinsights_sitenote_note":"","_monsterinsights_sitenote_category":0},"product_brand":[],"product_cat":[12291,18202],"product_tag":[],"class_list":{"0":"post-758066","1":"product","2":"type-product","3":"status-publish","5":"product_cat-edebiyat","6":"product_cat-hikaye","7":"pa_cilt-ciltsiz","8":"pa_tur-kitap","9":"pa_yayinevi-ideal-kultur-yayincilik","10":"pa_yazar-emirhan-yeniki","12":"first","13":"instock","14":"sale","15":"shipping-taxable","16":"purchasable","17":"product-type-simple"},"_links":{"self":[{"href":"https:\/\/roveyayinevi.com.tr\/index.php\/wp-json\/wp\/v2\/product\/758066","targetHints":{"allow":["GET"]}}],"collection":[{"href":"https:\/\/roveyayinevi.com.tr\/index.php\/wp-json\/wp\/v2\/product"}],"about":[{"href":"https:\/\/roveyayinevi.com.tr\/index.php\/wp-json\/wp\/v2\/types\/product"}],"wp:attachment":[{"href":"https:\/\/roveyayinevi.com.tr\/index.php\/wp-json\/wp\/v2\/media?parent=758066"}],"wp:term":[{"taxonomy":"product_brand","embeddable":true,"href":"https:\/\/roveyayinevi.com.tr\/index.php\/wp-json\/wp\/v2\/product_brand?post=758066"},{"taxonomy":"product_cat","embeddable":true,"href":"https:\/\/roveyayinevi.com.tr\/index.php\/wp-json\/wp\/v2\/product_cat?post=758066"},{"taxonomy":"product_tag","embeddable":true,"href":"https:\/\/roveyayinevi.com.tr\/index.php\/wp-json\/wp\/v2\/product_tag?post=758066"}],"curies":[{"name":"wp","href":"https:\/\/api.w.org\/{rel}","templated":true}]}}