{"id":758065,"date":"2025-08-28T07:54:37","date_gmt":"2025-08-28T04:54:37","guid":{"rendered":"https:\/\/roveyayinevi.com.tr\/index.php\/urun\/firattan-tunaya-1-kut\/"},"modified":"2026-04-16T03:11:16","modified_gmt":"2026-04-16T00:11:16","slug":"firattan-tunaya-1-kut","status":"publish","type":"product","link":"https:\/\/roveyayinevi.com.tr\/index.php\/urun\/firattan-tunaya-1-kut\/","title":{"rendered":"F\u0131rat&#8217;tan Tuna&#8217;ya 1 &#8211; Kut"},"content":{"rendered":"<p>O\u011fuz Ka\u011fan idareyi ele al\u0131r almaz b\u00fct\u00fcn kavimlere el\u00e7iler g\u00f6ndererek, \u201cBen art\u0131k b\u00fct\u00fcn d\u00fcnyan\u0131n hakan\u0131y\u0131m\u201d dedi\u011fi zaman veziri Ulu\u011f-T\u00fcrk de \u201cEy ka\u011fan\u0131m, G\u00f6k-Tanr\u0131 b\u00fct\u00fcn d\u00fcnyay\u0131 sana ba\u011f\u0131\u015flas\u0131n\u201d diye hitap etmi\u015fti. O\u011fuz&#8217;un torunu Tu\u011frul Bey&#8217;e Halife, \u201cdo\u011funun ve bat\u0131n\u0131n h\u00fck\u00fcmdar\u0131\u201d \u00fcnvan\u0131n\u0131 vermi\u015fti. Tu\u011frul Bey&#8217;in karde\u015fi \u00c7a\u011fr\u0131 Bey&#8217;in torunu kendini Melik\u00fc&#8217;d-d\u00fcnya ilan etmi\u015fti. Al\u00e2eddin Keykubat, F\u0131rat&#8217;a kadar her yeri zapt ederek Kay\u0131lara yol vermi\u015fti. Kay\u0131lar ise F\u0131rat&#8217;tan Tuna \u00f6telerine kadar uzanm\u0131\u015ft\u0131. Sadece Tuna m\u0131? T\u00fcrkistan bozk\u0131rlar\u0131ndan ba\u015flayan bu yolculu\u011fun \u015fan\u0131 ve \u015f\u00f6hreti \u00f6nce Tuna, sonra Nil s\u0131n\u0131rlar\u0131n\u0131 a\u015f\u0131p Vist\u00fcl ve Neretva&#8217;ya ula\u015facakt\u0131.F\u0131rat&#8217;tan Tuna&#8217;ya serisinin ilk eseri olan bu romanda, Kay\u0131lar\u0131n Mahan&#8217;dan ba\u015flayan zorlu, bir o kadar macera dolu bu yolculu\u011funun, Anadolu bozk\u0131rlar\u0131nda nas\u0131l bir cihan devletine d\u00f6n\u00fc\u015ft\u00fc\u011f\u00fcn\u00fc okuyacaks\u0131n\u0131z&#8230;<\/p>\n","protected":false},"excerpt":{"rendered":"<p>O\u011fuz Ka\u011fan idareyi ele al\u0131r almaz b\u00fct\u00fcn kavimlere el\u00e7iler g\u00f6ndererek, \u201cBen art\u0131k b\u00fct\u00fcn d\u00fcnyan\u0131n hakan\u0131y\u0131m\u201d dedi\u011fi zaman veziri Ulu\u011f-T\u00fcrk de \u201cEy ka\u011fan\u0131m, G\u00f6k-Tanr\u0131 b\u00fct\u00fcn d\u00fcnyay\u0131 sana<span class=\"excerpt-hellip\"> [\u2026]<\/span><\/p>\n","protected":false},"featured_media":0,"template":"","meta":{"_monsterinsights_skip_tracking":false,"_monsterinsights_sitenote_active":false,"_monsterinsights_sitenote_note":"","_monsterinsights_sitenote_category":0},"product_brand":[],"product_cat":[12291,12745],"product_tag":[],"class_list":{"0":"post-758065","1":"product","2":"type-product","3":"status-publish","5":"product_cat-edebiyat","6":"product_cat-tarihi-roman","7":"pa_cilt-ciltsiz","8":"pa_tur-kitap","9":"pa_yayinevi-ideal-kultur-yayincilik","10":"pa_yazar-selim-hilmi-ozkan","12":"first","13":"instock","14":"sale","15":"shipping-taxable","16":"purchasable","17":"product-type-simple"},"_links":{"self":[{"href":"https:\/\/roveyayinevi.com.tr\/index.php\/wp-json\/wp\/v2\/product\/758065","targetHints":{"allow":["GET"]}}],"collection":[{"href":"https:\/\/roveyayinevi.com.tr\/index.php\/wp-json\/wp\/v2\/product"}],"about":[{"href":"https:\/\/roveyayinevi.com.tr\/index.php\/wp-json\/wp\/v2\/types\/product"}],"wp:attachment":[{"href":"https:\/\/roveyayinevi.com.tr\/index.php\/wp-json\/wp\/v2\/media?parent=758065"}],"wp:term":[{"taxonomy":"product_brand","embeddable":true,"href":"https:\/\/roveyayinevi.com.tr\/index.php\/wp-json\/wp\/v2\/product_brand?post=758065"},{"taxonomy":"product_cat","embeddable":true,"href":"https:\/\/roveyayinevi.com.tr\/index.php\/wp-json\/wp\/v2\/product_cat?post=758065"},{"taxonomy":"product_tag","embeddable":true,"href":"https:\/\/roveyayinevi.com.tr\/index.php\/wp-json\/wp\/v2\/product_tag?post=758065"}],"curies":[{"name":"wp","href":"https:\/\/api.w.org\/{rel}","templated":true}]}}