{"id":758064,"date":"2025-08-28T07:54:36","date_gmt":"2025-08-28T04:54:36","guid":{"rendered":"https:\/\/roveyayinevi.com.tr\/index.php\/urun\/meger-ben-neymisim\/"},"modified":"2026-04-13T03:18:32","modified_gmt":"2026-04-13T00:18:32","slug":"meger-ben-neymisim","status":"publish","type":"product","link":"https:\/\/roveyayinevi.com.tr\/index.php\/urun\/meger-ben-neymisim\/","title":{"rendered":"Me\u011fer Ben Neymi\u015fim"},"content":{"rendered":"<p>\u201cCarl G. Jung&#8217;un Bili\u015fsel \u0130\u015flevleri ve Myers&#8217;\u0131n 16 T\u00fcr\u00fcne Farkl\u0131 Bir Bak\u0131\u015f\u201d\u015eimdiye kadar kendini anlamak, daha iyi ili\u015fkilere sahip olmak, daha ba\u015far\u0131l\u0131 olmak, daha iyi i\u015fler yapmak i\u00e7in bir\u00e7ok y\u00f6ntem denemi\u015f olabilirsin. S\u0131n\u0131rlar\u0131n\u0131 a\u015fmak ve kendini ger\u00e7ekle\u015ftirmek sloganlar\u0131ndan ilham alarak defalarca harekete ge\u00e7mi\u015f olabilirsin.Peki ne durdurdu seni?Neden a\u015famad\u0131n s\u0131n\u0131rlar\u0131n\u0131?Neden ger\u00e7ekle\u015ftiremedin kendini?Belki de hala karars\u0131zs\u0131n, nereden ba\u015flaman gerekti\u011fini bulamad\u0131n hen\u00fcz.D\u00fcnya de\u011fi\u015fiyor, teknoloji ba\u015f d\u00f6nd\u00fcr\u00fcc\u00fc bir h\u0131zla geli\u015fiyor. Hayata bak\u0131\u015f a\u00e7\u0131lar\u0131, hayat\u0131 anlama bi\u00e7imleri, ileti\u015fim ve i\u015f yap\u0131\u015f y\u00f6ntemleri bamba\u015fka bir hal al\u0131yor. Bu de\u011fi\u015fim, senden ayn\u0131 h\u0131zla adapte olman\u0131 istiyor. Beklemek, hareketsiz kalmak, yanl\u0131\u015f ad\u0131mlar atmak i\u00e7in yeterli vakte sahip de\u011filsin, hi\u00e7birimiz de\u011filiz. \u015eimdi ba\u015flang\u0131\u00e7 noktas\u0131na d\u00f6n\u00fcp bakma zaman\u0131. S\u0131n\u0131rlar\u0131n\u0131 a\u015fmak i\u00e7in \u00f6nce s\u0131n\u0131rlar\u0131n\u0131n neler oldu\u011funu bilmelisin, kendini ger\u00e7ekle\u015ftirmek i\u00e7in kendim dedi\u011fin ki\u015finin kim oldu\u011funu \u00f6\u011frenmelisin, daha iyi ili\u015fkiler i\u00e7in kendini ve di\u011fer insanlar\u0131 tan\u0131mal\u0131s\u0131n, daha iyi, daha ba\u015far\u0131l\u0131 i\u015fler yapmak i\u00e7in yeteneklerinin ve t\u00f6kezleme alanlar\u0131n\u0131n fark\u0131nda olmal\u0131s\u0131n.Kendinin en iyi versiyonu olmak istiyorsan, buna ihtiyac\u0131n var!<\/p>\n","protected":false},"excerpt":{"rendered":"<p>\u201cCarl G. Jung&#8217;un Bili\u015fsel \u0130\u015flevleri ve Myers&#8217;\u0131n 16 T\u00fcr\u00fcne Farkl\u0131 Bir Bak\u0131\u015f\u201d\u015eimdiye kadar kendini anlamak, daha iyi ili\u015fkilere sahip olmak, daha ba\u015far\u0131l\u0131 olmak, daha iyi i\u015fler<span class=\"excerpt-hellip\"> [\u2026]<\/span><\/p>\n","protected":false},"featured_media":0,"template":"","meta":{"_monsterinsights_skip_tracking":false,"_monsterinsights_sitenote_active":false,"_monsterinsights_sitenote_note":"","_monsterinsights_sitenote_category":0},"product_brand":[],"product_cat":[12364,12376],"product_tag":[],"class_list":{"0":"post-758064","1":"product","2":"type-product","3":"status-publish","5":"product_cat-genel-konular","6":"product_cat-kisisel-gelisim","7":"pa_cilt-ciltsiz","8":"pa_tur-kitap","9":"pa_yayinevi-ideal-kultur-yayincilik","10":"pa_yazar-ilknur-tunc","12":"first","13":"instock","14":"sale","15":"shipping-taxable","16":"purchasable","17":"product-type-simple"},"_links":{"self":[{"href":"https:\/\/roveyayinevi.com.tr\/index.php\/wp-json\/wp\/v2\/product\/758064","targetHints":{"allow":["GET"]}}],"collection":[{"href":"https:\/\/roveyayinevi.com.tr\/index.php\/wp-json\/wp\/v2\/product"}],"about":[{"href":"https:\/\/roveyayinevi.com.tr\/index.php\/wp-json\/wp\/v2\/types\/product"}],"wp:attachment":[{"href":"https:\/\/roveyayinevi.com.tr\/index.php\/wp-json\/wp\/v2\/media?parent=758064"}],"wp:term":[{"taxonomy":"product_brand","embeddable":true,"href":"https:\/\/roveyayinevi.com.tr\/index.php\/wp-json\/wp\/v2\/product_brand?post=758064"},{"taxonomy":"product_cat","embeddable":true,"href":"https:\/\/roveyayinevi.com.tr\/index.php\/wp-json\/wp\/v2\/product_cat?post=758064"},{"taxonomy":"product_tag","embeddable":true,"href":"https:\/\/roveyayinevi.com.tr\/index.php\/wp-json\/wp\/v2\/product_tag?post=758064"}],"curies":[{"name":"wp","href":"https:\/\/api.w.org\/{rel}","templated":true}]}}