{"id":758063,"date":"2025-08-28T07:54:35","date_gmt":"2025-08-28T04:54:35","guid":{"rendered":"https:\/\/roveyayinevi.com.tr\/index.php\/urun\/terorizm-ve-goc\/"},"modified":"2026-04-16T03:11:16","modified_gmt":"2026-04-16T00:11:16","slug":"terorizm-ve-goc","status":"publish","type":"product","link":"https:\/\/roveyayinevi.com.tr\/index.php\/urun\/terorizm-ve-goc\/","title":{"rendered":"Ter\u00f6rizm ve G\u00f6\u00e7"},"content":{"rendered":"<p>Ter\u00f6r, mazisi \u00e7ok eskilere dayanan, herkes taraf\u0131ndan farkl\u0131 \u015fekillerde tart\u0131\u015f\u0131lan fakat tam anlam\u0131yla anla\u015f\u0131lamayan bir olgudur. Hangi \u00fclkede ya\u015fan\u0131rsa ya\u015fans\u0131n yasal olmayan ama\u00e7lara ula\u015fabilmek ad\u0131na yap\u0131lan ter\u00f6r eylemleri, asl\u0131nda halka \u015fiddet ve d\u00f6k\u00fclen kan olarak geri d\u00f6nmektedir. Ancak ya\u015fanan \u015fiddet suyun \u00fczerinde olu\u015fan halka gibi devletin gerek ekonomik gerek sosyolojik d\u00fczenini bozan bir di\u011fer unsura neden olur: G\u00f6\u00e7. Bu nedenle devletler, \u015fiddeti ve beraberinde gelen g\u00f6\u00e7\u00fc durdurmak ad\u0131na ter\u00f6r gruplar\u0131 ile siyasi bir zeminde uzla\u015fmaya \u00e7al\u0131\u015f\u0131rlar.T\u00fcrkiye ve y\u0131llard\u0131r eylemlerine devam eden PKK ter\u00f6r \u00f6rg\u00fct\u00fc aras\u0131ndaki m\u00fczakere s\u00fcreci de Arap Bahar\u0131 ve sonras\u0131nda Ortado\u011fu&#8217;da ya\u015fanan olaylar neticesinde sona eren olumsuz bir boyut kazanm\u0131\u015ft\u0131r. Temmuz 2015 y\u0131l\u0131nda m\u00fczakere s\u00fcrecinin sona ermesi ile Hendek\/Barikat eylemleri olarak adland\u0131r\u0131lan i\u00e7 \u00e7at\u0131\u015fmalar ya\u015fanm\u0131\u015ft\u0131r.Bu eser, PKK ter\u00f6r \u00f6rg\u00fct\u00fcn\u00fcn ve uzant\u0131lar\u0131n\u0131n G\u00fcneydo\u011fu Anadolu b\u00f6lgesinde \u00f6zy\u00f6netim ilan\u0131nda bulunarak g\u00fcvenlik g\u00fc\u00e7leri ile girdikleri \u00e7at\u0131\u015fmalar nedeniyle g\u00f6\u00e7 etmek zorunda kalan insanlar\u0131n ya\u015fananlara kar\u015f\u0131 bak\u0131\u015f a\u00e7\u0131lar\u0131n\u0131 \u00f6\u011frenmeyi ama\u00e7layan bir ara\u015ft\u0131rmadan yola \u00e7\u0131k\u0131larak haz\u0131rlanm\u0131\u015ft\u0131r. Ter\u00f6r\u00fcn neden oldu\u011fu g\u00f6\u00e7\u00fcn insan hayat\u0131na maddi manevi etkisini net bi\u00e7imde g\u00f6steren nadir \u00e7al\u0131\u015fmalardan biri olma \u00f6zelli\u011fini de ta\u015f\u0131maktad\u0131r.<\/p>\n","protected":false},"excerpt":{"rendered":"<p>Ter\u00f6r, mazisi \u00e7ok eskilere dayanan, herkes taraf\u0131ndan farkl\u0131 \u015fekillerde tart\u0131\u015f\u0131lan fakat tam anlam\u0131yla anla\u015f\u0131lamayan bir olgudur. Hangi \u00fclkede ya\u015fan\u0131rsa ya\u015fans\u0131n yasal olmayan ama\u00e7lara ula\u015fabilmek ad\u0131na yap\u0131lan<span class=\"excerpt-hellip\"> [\u2026]<\/span><\/p>\n","protected":false},"featured_media":0,"template":"","meta":{"_monsterinsights_skip_tracking":false,"_monsterinsights_sitenote_active":false,"_monsterinsights_sitenote_note":"","_monsterinsights_sitenote_category":0},"product_brand":[],"product_cat":[12324],"product_tag":[],"class_list":{"0":"post-758063","1":"product","2":"type-product","3":"status-publish","5":"product_cat-sosyoloji","6":"pa_cilt-ciltsiz","7":"pa_tur-kitap","8":"pa_yayinevi-ideal-kultur-akademik","9":"pa_yazar-murat-sari","11":"first","12":"instock","13":"sale","14":"shipping-taxable","15":"purchasable","16":"product-type-simple"},"_links":{"self":[{"href":"https:\/\/roveyayinevi.com.tr\/index.php\/wp-json\/wp\/v2\/product\/758063","targetHints":{"allow":["GET"]}}],"collection":[{"href":"https:\/\/roveyayinevi.com.tr\/index.php\/wp-json\/wp\/v2\/product"}],"about":[{"href":"https:\/\/roveyayinevi.com.tr\/index.php\/wp-json\/wp\/v2\/types\/product"}],"wp:attachment":[{"href":"https:\/\/roveyayinevi.com.tr\/index.php\/wp-json\/wp\/v2\/media?parent=758063"}],"wp:term":[{"taxonomy":"product_brand","embeddable":true,"href":"https:\/\/roveyayinevi.com.tr\/index.php\/wp-json\/wp\/v2\/product_brand?post=758063"},{"taxonomy":"product_cat","embeddable":true,"href":"https:\/\/roveyayinevi.com.tr\/index.php\/wp-json\/wp\/v2\/product_cat?post=758063"},{"taxonomy":"product_tag","embeddable":true,"href":"https:\/\/roveyayinevi.com.tr\/index.php\/wp-json\/wp\/v2\/product_tag?post=758063"}],"curies":[{"name":"wp","href":"https:\/\/api.w.org\/{rel}","templated":true}]}}