{"id":758060,"date":"2025-08-28T07:54:31","date_gmt":"2025-08-28T04:54:31","guid":{"rendered":"https:\/\/roveyayinevi.com.tr\/index.php\/urun\/ilhami\/"},"modified":"2026-04-16T03:11:16","modified_gmt":"2026-04-16T00:11:16","slug":"ilhami","status":"publish","type":"product","link":"https:\/\/roveyayinevi.com.tr\/index.php\/urun\/ilhami\/","title":{"rendered":"\u0130lhami"},"content":{"rendered":"<p>Osmanl\u0131 hanedan\u0131 mensuplar\u0131 y\u00fczy\u0131llar boyunca T\u00fcrk milletini y\u00f6netmi\u015f bir s\u00fclale olarak yorucu devlet i\u015fleri yan\u0131nda \u015fiir ve edebiyatla da me\u015fgul olmu\u015ftur. Ba\u015fta padi\u015fahlar olmak \u00fczere hanedan mensuplar\u0131n\u0131n kaleme ald\u0131\u011f\u0131 \u015fiirler onlar\u0131n idareci kimliklerinden ziyade farkl\u0131 y\u00f6nlerinin de oldu\u011funu g\u00f6stermekte, adeta g\u00f6n\u00fcl d\u00fcnyalar\u0131na kap\u0131 aralamaktad\u0131r.Elinizdeki kitap Osmanl\u0131 Devleti&#8217;nin 28. padi\u015fah\u0131 olarak \u0130lh\u00e2m\u00ee mahlas\u0131yla \u015fiirler yazan III. Selim&#8217;i bu y\u00f6n\u00fcyle ele almaktad\u0131r. Divan sahibi bir padi\u015fah olarak III. Selim&#8217;in hayat\u0131, edebi ki\u015fili\u011fi ve \u015fiirlerinden se\u00e7kilerin yer ald\u0131\u011f\u0131 \u00e7al\u0131\u015fmada sultan\u0131n 42 \u015fiir ile 7 se\u00e7me beytine yer verilmi\u015f, \u015fiirler g\u00fcn\u00fcm\u00fcz T\u00fcrk\u00e7esine aktar\u0131larak genel de\u011ferlendirmeleri yap\u0131lm\u0131\u015ft\u0131r. \u00c7al\u0131\u015fmam\u0131z \u00f6zellikle \u015fiir ve \u015fark\u0131lar\u0131yla T\u00fcrk k\u00fclt\u00fcr hayat\u0131na b\u00fcy\u00fck katk\u0131lar sunmu\u015f padi\u015fah\u0131m\u0131z\u0131 yeni nesillere tekraren hat\u0131rlatmay\u0131 ama\u00e7lamaktad\u0131r.<\/p>\n","protected":false},"excerpt":{"rendered":"<p>Osmanl\u0131 hanedan\u0131 mensuplar\u0131 y\u00fczy\u0131llar boyunca T\u00fcrk milletini y\u00f6netmi\u015f bir s\u00fclale olarak yorucu devlet i\u015fleri yan\u0131nda \u015fiir ve edebiyatla da me\u015fgul olmu\u015ftur. Ba\u015fta padi\u015fahlar olmak \u00fczere hanedan<span class=\"excerpt-hellip\"> [\u2026]<\/span><\/p>\n","protected":false},"featured_media":0,"template":"","meta":{"_monsterinsights_skip_tracking":false,"_monsterinsights_sitenote_active":false,"_monsterinsights_sitenote_note":"","_monsterinsights_sitenote_category":0},"product_brand":[],"product_cat":[12370,12304],"product_tag":[],"class_list":{"0":"post-758060","1":"product","2":"type-product","3":"status-publish","5":"product_cat-arastirma-inceleme","6":"product_cat-tarih","7":"pa_cilt-ciltsiz","8":"pa_tur-kitap","9":"pa_yayinevi-ideal-kultur-yayincilik","10":"pa_yazar-nusret-gedik","12":"first","13":"instock","14":"sale","15":"shipping-taxable","16":"purchasable","17":"product-type-simple"},"_links":{"self":[{"href":"https:\/\/roveyayinevi.com.tr\/index.php\/wp-json\/wp\/v2\/product\/758060","targetHints":{"allow":["GET"]}}],"collection":[{"href":"https:\/\/roveyayinevi.com.tr\/index.php\/wp-json\/wp\/v2\/product"}],"about":[{"href":"https:\/\/roveyayinevi.com.tr\/index.php\/wp-json\/wp\/v2\/types\/product"}],"wp:attachment":[{"href":"https:\/\/roveyayinevi.com.tr\/index.php\/wp-json\/wp\/v2\/media?parent=758060"}],"wp:term":[{"taxonomy":"product_brand","embeddable":true,"href":"https:\/\/roveyayinevi.com.tr\/index.php\/wp-json\/wp\/v2\/product_brand?post=758060"},{"taxonomy":"product_cat","embeddable":true,"href":"https:\/\/roveyayinevi.com.tr\/index.php\/wp-json\/wp\/v2\/product_cat?post=758060"},{"taxonomy":"product_tag","embeddable":true,"href":"https:\/\/roveyayinevi.com.tr\/index.php\/wp-json\/wp\/v2\/product_tag?post=758060"}],"curies":[{"name":"wp","href":"https:\/\/api.w.org\/{rel}","templated":true}]}}