{"id":758059,"date":"2025-08-28T07:54:30","date_gmt":"2025-08-28T04:54:30","guid":{"rendered":"https:\/\/roveyayinevi.com.tr\/index.php\/urun\/farisi\/"},"modified":"2026-04-16T03:11:16","modified_gmt":"2026-04-16T00:11:16","slug":"farisi","status":"publish","type":"product","link":"https:\/\/roveyayinevi.com.tr\/index.php\/urun\/farisi\/","title":{"rendered":"Farisi"},"content":{"rendered":"<p>Osmanl\u0131y\u0131 di\u011fer hanedanlardan farkl\u0131 k\u0131lan hususlardan biri de padi\u015fah ve \u015fehzadelerin sanat ve edebiyata olan ilgileridir. Ba\u015fta padi\u015fahlarla \u015fehzadeler olmak \u00fczere hanedan mensuplar\u0131 hem sanat ehlini desteklemi\u015fler hem de kendileri de \u015fiir ve musiki ile alakadar olmu\u015flard\u0131r. Memleket meseleleri ve \u00e7eki\u015fmelerle yorulan ruhlar\u0131n\u0131 sanat\u0131n g\u00fcc\u00fc sayesinde din\u00e7le\u015ftirmeyi ama\u00e7lam\u0131\u015flard\u0131r.Bu kitapta umutlarla dolu hayat\u0131 trajedi ile sonlanan ve k\u0131sac\u0131k hayat\u0131nda edebiyat\u0131m\u0131za bir Divan\u00e7e kazand\u0131ran II. Osman&#8217;\u0131n edeb\u00ee y\u00f6n\u00fc ele al\u0131nm\u0131\u015ft\u0131r. Atlar\u0131 \u00e7ok sevdi\u011fi i\u00e7in mahir s\u00fcvari anlam\u0131na gelen F\u00e2ris\u00ee mahlas\u0131n\u0131 kullanan padi\u015fah\u0131n, k\u0131sac\u0131k saltanat\u0131nda hem \u015fairlerin hamisi oldu\u011fu hem de kendisinin bu sanatta kalem oynatt\u0131\u011f\u0131n\u0131n alt\u0131 \u00e7izilmi\u015ftir. Sa\u011flam bir gelenekten beslenmeyen sanat\u0131n payidar olmas\u0131 m\u00fcmk\u00fcn de\u011fildir. Bu y\u00fczden \u00e7al\u0131\u015fmam\u0131zda Gen\u00e7 Osman&#8217;\u0131n \u015fiirlerinin g\u00fcn\u00fcm\u00fcz\u00fcn diline \u00e7evrilmesi hedeflenmi\u015ftir. B\u00f6ylece talihsiz padi\u015fah\u0131n aziz hat\u0131ras\u0131n\u0131n ya\u015fat\u0131lmas\u0131 ama\u00e7lanm\u0131\u015ft\u0131r.<\/p>\n","protected":false},"excerpt":{"rendered":"<p>Osmanl\u0131y\u0131 di\u011fer hanedanlardan farkl\u0131 k\u0131lan hususlardan biri de padi\u015fah ve \u015fehzadelerin sanat ve edebiyata olan ilgileridir. Ba\u015fta padi\u015fahlarla \u015fehzadeler olmak \u00fczere hanedan mensuplar\u0131 hem sanat ehlini<span class=\"excerpt-hellip\"> [\u2026]<\/span><\/p>\n","protected":false},"featured_media":0,"template":"","meta":{"_monsterinsights_skip_tracking":false,"_monsterinsights_sitenote_active":false,"_monsterinsights_sitenote_note":"","_monsterinsights_sitenote_category":0},"product_brand":[],"product_cat":[12370,12304],"product_tag":[],"class_list":{"0":"post-758059","1":"product","2":"type-product","3":"status-publish","5":"product_cat-arastirma-inceleme","6":"product_cat-tarih","7":"pa_cilt-ciltsiz","8":"pa_tur-kitap","9":"pa_yayinevi-ideal-kultur-yayincilik","10":"pa_yazar-ersen-ersoy","12":"first","13":"instock","14":"sale","15":"shipping-taxable","16":"purchasable","17":"product-type-simple"},"_links":{"self":[{"href":"https:\/\/roveyayinevi.com.tr\/index.php\/wp-json\/wp\/v2\/product\/758059","targetHints":{"allow":["GET"]}}],"collection":[{"href":"https:\/\/roveyayinevi.com.tr\/index.php\/wp-json\/wp\/v2\/product"}],"about":[{"href":"https:\/\/roveyayinevi.com.tr\/index.php\/wp-json\/wp\/v2\/types\/product"}],"wp:attachment":[{"href":"https:\/\/roveyayinevi.com.tr\/index.php\/wp-json\/wp\/v2\/media?parent=758059"}],"wp:term":[{"taxonomy":"product_brand","embeddable":true,"href":"https:\/\/roveyayinevi.com.tr\/index.php\/wp-json\/wp\/v2\/product_brand?post=758059"},{"taxonomy":"product_cat","embeddable":true,"href":"https:\/\/roveyayinevi.com.tr\/index.php\/wp-json\/wp\/v2\/product_cat?post=758059"},{"taxonomy":"product_tag","embeddable":true,"href":"https:\/\/roveyayinevi.com.tr\/index.php\/wp-json\/wp\/v2\/product_tag?post=758059"}],"curies":[{"name":"wp","href":"https:\/\/api.w.org\/{rel}","templated":true}]}}