{"id":758055,"date":"2025-08-28T07:54:24","date_gmt":"2025-08-28T04:54:24","guid":{"rendered":"https:\/\/roveyayinevi.com.tr\/index.php\/urun\/muhibbi\/"},"modified":"2026-04-16T03:11:16","modified_gmt":"2026-04-16T00:11:16","slug":"muhibbi","status":"publish","type":"product","link":"https:\/\/roveyayinevi.com.tr\/index.php\/urun\/muhibbi\/","title":{"rendered":"Muhibbi"},"content":{"rendered":"<p>Osmanl\u0131 Devleti&#8217;nin onuncu ve en uzun s\u00fcre tahtta kalan padi\u015fah\u0131 olan Kan\u00fbn\u00ee Sultan S\u00fcleyman, uzun s\u00fcren saltanat y\u0131llar\u0131na zaferleri yan\u0131 s\u0131ra pek \u00e7ok trajik olay\u0131 da s\u0131\u011fd\u0131r\u0131r.\u015eiiri saltanat i\u015flerinin yorucu ve a\u011f\u0131r bask\u0131s\u0131ndan kurtulmak i\u00e7in huzurlu ve e\u011flenceli bir s\u0131\u011f\u0131nak olarak g\u00f6ren Kan\u00fbn\u00ee, Muhibb\u00ee mahlas\u0131yla yazd\u0131\u011f\u0131 \u015fiirlerle en hacimli T\u00fcrk\u00e7e divanlardan birini ortaya koyar ve ayr\u0131ca bir divan\u00e7e olu\u015fturacak kadar da Fars\u00e7a \u015fiir yazar. Osmanl\u0131 hanedan\u0131 i\u00e7inde en fazla \u015fiir yazan sultand\u0131r. Ayn\u0131 zamanda d\u00f6nemindeki \u015fair ve sanatk\u00e2rlar\u0131 da himaye eder.Muhibb\u00ee&#8217;nin \u015fiirlerinden se\u00e7meleri i\u00e7eren ve onun daha \u00e7ok \u015fair y\u00f6n\u00fcn\u00fc ortaya \u00e7\u0131karan elinizdeki bu kitap, cihana h\u00fckmeden bir padi\u015fah\u0131n manevi d\u00fcnyas\u0131na ve g\u00f6n\u00fcl \u00e2lemine \u0131\u015f\u0131k tutacak, onun bu kadar g\u00fc\u00e7l\u00fc olmas\u0131n\u0131n alt\u0131nda yatan psikolojik huzuru nas\u0131l sa\u011flad\u0131\u011f\u0131n\u0131n anla\u015f\u0131lmas\u0131na vesile olacakt\u0131r.<\/p>\n","protected":false},"excerpt":{"rendered":"<p>Osmanl\u0131 Devleti&#8217;nin onuncu ve en uzun s\u00fcre tahtta kalan padi\u015fah\u0131 olan Kan\u00fbn\u00ee Sultan S\u00fcleyman, uzun s\u00fcren saltanat y\u0131llar\u0131na zaferleri yan\u0131 s\u0131ra pek \u00e7ok trajik olay\u0131 da<span class=\"excerpt-hellip\"> [\u2026]<\/span><\/p>\n","protected":false},"featured_media":0,"template":"","meta":{"_monsterinsights_skip_tracking":false,"_monsterinsights_sitenote_active":false,"_monsterinsights_sitenote_note":"","_monsterinsights_sitenote_category":0},"product_brand":[],"product_cat":[12370,12304],"product_tag":[],"class_list":{"0":"post-758055","1":"product","2":"type-product","3":"status-publish","5":"product_cat-arastirma-inceleme","6":"product_cat-tarih","7":"pa_cilt-ciltsiz","8":"pa_tur-kitap","9":"pa_yayinevi-ideal-kultur-yayincilik","10":"pa_yazar-sebahat-deniz","12":"first","13":"instock","14":"sale","15":"shipping-taxable","16":"purchasable","17":"product-type-simple"},"_links":{"self":[{"href":"https:\/\/roveyayinevi.com.tr\/index.php\/wp-json\/wp\/v2\/product\/758055","targetHints":{"allow":["GET"]}}],"collection":[{"href":"https:\/\/roveyayinevi.com.tr\/index.php\/wp-json\/wp\/v2\/product"}],"about":[{"href":"https:\/\/roveyayinevi.com.tr\/index.php\/wp-json\/wp\/v2\/types\/product"}],"wp:attachment":[{"href":"https:\/\/roveyayinevi.com.tr\/index.php\/wp-json\/wp\/v2\/media?parent=758055"}],"wp:term":[{"taxonomy":"product_brand","embeddable":true,"href":"https:\/\/roveyayinevi.com.tr\/index.php\/wp-json\/wp\/v2\/product_brand?post=758055"},{"taxonomy":"product_cat","embeddable":true,"href":"https:\/\/roveyayinevi.com.tr\/index.php\/wp-json\/wp\/v2\/product_cat?post=758055"},{"taxonomy":"product_tag","embeddable":true,"href":"https:\/\/roveyayinevi.com.tr\/index.php\/wp-json\/wp\/v2\/product_tag?post=758055"}],"curies":[{"name":"wp","href":"https:\/\/api.w.org\/{rel}","templated":true}]}}