{"id":758052,"date":"2025-08-28T07:54:21","date_gmt":"2025-08-28T04:54:21","guid":{"rendered":"https:\/\/roveyayinevi.com.tr\/index.php\/urun\/avni\/"},"modified":"2026-04-16T03:11:16","modified_gmt":"2026-04-16T00:11:16","slug":"avni","status":"publish","type":"product","link":"https:\/\/roveyayinevi.com.tr\/index.php\/urun\/avni\/","title":{"rendered":"Avni"},"content":{"rendered":"<p>Osmanl\u0131 Devleti&#8217;ni s\u0131n\u0131rlar\u0131n\u0131 geni\u015fleterek cihan devleti yapan; Avrupal\u0131lar\u0131n k\u0131yamete kadar kimsenin alamayaca\u011f\u0131n\u0131 iddia ettikleri \u0130stanbul&#8217;u fetheden; Hz. Peygamber (sav)&#8217;in kutlu m\u00fcjdesine mazhar olan b\u00fcy\u00fck devlet adam\u0131, b\u00fcy\u00fck kumandan Sultan II. Mehmet (1451-1481) ayn\u0131 zamanda bir \u015fairdir. Avn\u00ee mahlas\u0131yla \u015fiirler yazm\u0131\u015f ilk divan sahibi sultand\u0131r.Elinizdeki bu kitap bir sultan\u0131n d\u00fc\u015f\u00fcncelerini, duygular\u0131n\u0131, a\u015fk\u0131n\u0131, sevgisini, nefretini, ac\u0131lar\u0131n\u0131, hayalini, \u00fcmidini, hedefini&#8230; ortaya koymada en \u00f6nemli verilerden olan \u015fiirlerinin ele al\u0131nd\u0131\u011f\u0131 bir \u00e7al\u0131\u015fmad\u0131r. Sunulan \u00e7al\u0131\u015fmada, Fatih Sultan Mehmet&#8217;in yani Avn\u00ee&#8217;nin Hayat\u0131, Divan\u0131, Edeb\u00ee Ki\u015fili\u011fi, Devrindeki Edeb\u00ee Hayat ele al\u0131nm\u0131\u015f ve \u015eiirlerinden Se\u00e7meler nesre \u00e7evirileriyle birlikte verilmi\u015ftir. \u00c7al\u0131\u015fman\u0131n sonuna \u201cMotifler ve Terimler S\u00f6zl\u00fc\u011f\u00fc\u201d ile \u201cKaynak\u00e7a\u201d ilave edilmi\u015ftir.\u00d6zellikle birinci el kaynak olan yazmalara dayanarak ve daha \u00f6nce yap\u0131lm\u0131\u015f \u00e7al\u0131\u015fmalardan da istifade edilerek haz\u0131rlanan AVN\u00ce adl\u0131 bu kitap, \u015fiirleri \u00fczerinden Fatih Sultan Mehmet&#8217;in duygu, d\u00fc\u015f\u00fcnce, hayal ve hayat anlay\u0131\u015f\u0131na \u0131\u015f\u0131k tutmakta, onu kendi dilinden tan\u0131tmaktad\u0131r.<\/p>\n","protected":false},"excerpt":{"rendered":"<p>Osmanl\u0131 Devleti&#8217;ni s\u0131n\u0131rlar\u0131n\u0131 geni\u015fleterek cihan devleti yapan; Avrupal\u0131lar\u0131n k\u0131yamete kadar kimsenin alamayaca\u011f\u0131n\u0131 iddia ettikleri \u0130stanbul&#8217;u fetheden; Hz. Peygamber (sav)&#8217;in kutlu m\u00fcjdesine mazhar olan b\u00fcy\u00fck devlet adam\u0131,<span class=\"excerpt-hellip\"> [\u2026]<\/span><\/p>\n","protected":false},"featured_media":0,"template":"","meta":{"_monsterinsights_skip_tracking":false,"_monsterinsights_sitenote_active":false,"_monsterinsights_sitenote_note":"","_monsterinsights_sitenote_category":0},"product_brand":[],"product_cat":[12370,12304],"product_tag":[],"class_list":{"0":"post-758052","1":"product","2":"type-product","3":"status-publish","5":"product_cat-arastirma-inceleme","6":"product_cat-tarih","7":"pa_cilt-ciltsiz","8":"pa_tur-kitap","9":"pa_yayinevi-ideal-kultur-yayincilik","10":"pa_yazar-nihat-oztoprak","12":"first","13":"instock","14":"sale","15":"shipping-taxable","16":"purchasable","17":"product-type-simple"},"_links":{"self":[{"href":"https:\/\/roveyayinevi.com.tr\/index.php\/wp-json\/wp\/v2\/product\/758052","targetHints":{"allow":["GET"]}}],"collection":[{"href":"https:\/\/roveyayinevi.com.tr\/index.php\/wp-json\/wp\/v2\/product"}],"about":[{"href":"https:\/\/roveyayinevi.com.tr\/index.php\/wp-json\/wp\/v2\/types\/product"}],"wp:attachment":[{"href":"https:\/\/roveyayinevi.com.tr\/index.php\/wp-json\/wp\/v2\/media?parent=758052"}],"wp:term":[{"taxonomy":"product_brand","embeddable":true,"href":"https:\/\/roveyayinevi.com.tr\/index.php\/wp-json\/wp\/v2\/product_brand?post=758052"},{"taxonomy":"product_cat","embeddable":true,"href":"https:\/\/roveyayinevi.com.tr\/index.php\/wp-json\/wp\/v2\/product_cat?post=758052"},{"taxonomy":"product_tag","embeddable":true,"href":"https:\/\/roveyayinevi.com.tr\/index.php\/wp-json\/wp\/v2\/product_tag?post=758052"}],"curies":[{"name":"wp","href":"https:\/\/api.w.org\/{rel}","templated":true}]}}