{"id":758051,"date":"2025-08-28T07:54:19","date_gmt":"2025-08-28T04:54:19","guid":{"rendered":"https:\/\/roveyayinevi.com.tr\/index.php\/urun\/18-yuzyil-tekirdaginda-bir-aile-sabanzadeler\/"},"modified":"2026-04-16T03:11:16","modified_gmt":"2026-04-16T00:11:16","slug":"18-yuzyil-tekirdaginda-bir-aile-sabanzadeler","status":"publish","type":"product","link":"https:\/\/roveyayinevi.com.tr\/index.php\/urun\/18-yuzyil-tekirdaginda-bir-aile-sabanzadeler\/","title":{"rendered":"18. Y\u00fczy\u0131l Tekirda\u011f&#8217;\u0131nda Bir Aile: \u015eabanzadeler"},"content":{"rendered":"<p>\u015eabano\u011flu Tekirda\u011f&#8217;da bir sokak ad\u0131d\u0131r&#8230; Bu soka\u011fa var\u0131p da sokakla ayn\u0131 ad\u0131 ta\u015f\u0131yan bay\u0131r\u0131 \u00e7\u0131kt\u0131\u011f\u0131n\u0131zda bir \u00e7e\u015fme ile kar\u015f\u0131la\u015f\u0131rs\u0131n\u0131z. \u015eabano\u011flu \u00c7e\u015fmesi ve hemen alt k\u0131s\u0131mda e\u011fer ta\u015f\u0131nmam\u0131\u015f olsayd\u0131 \u015eabano\u011flu Mezarl\u0131\u011f\u0131, y\u0131k\u0131lmam\u0131\u015f olsayd\u0131 C\u00e2misi ve Z\u00e2viyesi sizi kar\u015f\u0131layacakt\u0131&#8230; Peki, kimdi bu \u015eabano\u011fullar\u0131? \u015eabano\u011flu Soka\u011f\u0131 g\u00fcn\u00fcm\u00fczde \u015fehrin sakinleri, misafirleri, gelen-ge\u00e7enler i\u00e7in s\u0131radan bir sokak ismi olabilir, ama ger\u00e7ekte acaba \u00f6yle midir? \u0130lk soru bu olmakla birlikte arkas\u0131ndan gelebilecek ba\u015fka sorular\u0131nda cevaplar\u0131 aranmal\u0131yd\u0131 elbette. Hele arkalar\u0131nda uzun y\u0131llar kullan\u0131lan c\u00e2mi, z\u00e2viye ve \u00e7e\u015fme b\u0131rakan bu \u00f6nemli ve g\u00fc\u00e7l\u00fc bir aileye mensup olan Mehmet A\u011fa ve o\u011flunun 18. y\u00fczy\u0131l\u0131n ikinci yar\u0131s\u0131nda Tekirda\u011f&#8217;da zahire m\u00fcb\u00e2\u015firli\u011fi yapm\u0131\u015f oldu\u011fu biliniyorsa.Bir ailenin ge\u00e7mi\u015fini ara\u015ft\u0131rmak, ya\u015fad\u0131\u011f\u0131 b\u00f6lgenin hatta bir devletin tarihini de ge\u00e7mi\u015fini de ortaya \u00e7\u0131karmakt\u0131r. Eser, \u015eabanz\u00e2deler ailesi \u00fczerinden bir d\u00f6nem tarihi okumak ve anlamak gibi ba\u015fka noktalar\u0131 da ele almaktad\u0131r. \u015eabano\u011flu&#8217;nun bir sokak isminden daha fazlas\u0131 oldu\u011fu ortaya konulmakla beraber ia\u015fe meselesi konusunda k\u0131y\u0131da k\u00f6\u015fede kalm\u0131\u015f zahire m\u00fcba\u015firli\u011fi bu iki kimlik \u00fczerinden can bulmaktad\u0131r.<\/p>\n","protected":false},"excerpt":{"rendered":"<p>\u015eabano\u011flu Tekirda\u011f&#8217;da bir sokak ad\u0131d\u0131r&#8230; Bu soka\u011fa var\u0131p da sokakla ayn\u0131 ad\u0131 ta\u015f\u0131yan bay\u0131r\u0131 \u00e7\u0131kt\u0131\u011f\u0131n\u0131zda bir \u00e7e\u015fme ile kar\u015f\u0131la\u015f\u0131rs\u0131n\u0131z. \u015eabano\u011flu \u00c7e\u015fmesi ve hemen alt k\u0131s\u0131mda e\u011fer<span class=\"excerpt-hellip\"> [\u2026]<\/span><\/p>\n","protected":false},"featured_media":0,"template":"","meta":{"_monsterinsights_skip_tracking":false,"_monsterinsights_sitenote_active":false,"_monsterinsights_sitenote_note":"","_monsterinsights_sitenote_category":0},"product_brand":[],"product_cat":[12370,12304],"product_tag":[],"class_list":{"0":"post-758051","1":"product","2":"type-product","3":"status-publish","5":"product_cat-arastirma-inceleme","6":"product_cat-tarih","7":"pa_cilt-ciltsiz","8":"pa_tur-kitap","9":"pa_yayinevi-ideal-kultur-akademik","10":"pa_yazar-fadimana-fidan","12":"first","13":"instock","14":"sale","15":"shipping-taxable","16":"purchasable","17":"product-type-simple"},"_links":{"self":[{"href":"https:\/\/roveyayinevi.com.tr\/index.php\/wp-json\/wp\/v2\/product\/758051","targetHints":{"allow":["GET"]}}],"collection":[{"href":"https:\/\/roveyayinevi.com.tr\/index.php\/wp-json\/wp\/v2\/product"}],"about":[{"href":"https:\/\/roveyayinevi.com.tr\/index.php\/wp-json\/wp\/v2\/types\/product"}],"wp:attachment":[{"href":"https:\/\/roveyayinevi.com.tr\/index.php\/wp-json\/wp\/v2\/media?parent=758051"}],"wp:term":[{"taxonomy":"product_brand","embeddable":true,"href":"https:\/\/roveyayinevi.com.tr\/index.php\/wp-json\/wp\/v2\/product_brand?post=758051"},{"taxonomy":"product_cat","embeddable":true,"href":"https:\/\/roveyayinevi.com.tr\/index.php\/wp-json\/wp\/v2\/product_cat?post=758051"},{"taxonomy":"product_tag","embeddable":true,"href":"https:\/\/roveyayinevi.com.tr\/index.php\/wp-json\/wp\/v2\/product_tag?post=758051"}],"curies":[{"name":"wp","href":"https:\/\/api.w.org\/{rel}","templated":true}]}}