{"id":758050,"date":"2025-08-28T07:54:18","date_gmt":"2025-08-28T04:54:18","guid":{"rendered":"https:\/\/roveyayinevi.com.tr\/index.php\/urun\/david-lloyd-georgeun-hatiralarinda-sevr-ve-lozana-giden-surec\/"},"modified":"2026-04-16T03:11:16","modified_gmt":"2026-04-16T00:11:16","slug":"david-lloyd-georgeun-hatiralarinda-sevr-ve-lozana-giden-surec","status":"publish","type":"product","link":"https:\/\/roveyayinevi.com.tr\/index.php\/urun\/david-lloyd-georgeun-hatiralarinda-sevr-ve-lozana-giden-surec\/","title":{"rendered":"David Lloyd George&#8217;un Hat\u0131ralar\u0131nda Sevr Ve Lozan&#8217;a Giden S\u00fcre\u00e7"},"content":{"rendered":"<p>Bu eser, 1916-1922 y\u0131llar\u0131 aras\u0131nda \u0130ngiltere\u2019de ba\u015fbakanl\u0131k g\u00f6revini y\u00fcr\u00fcten David Lloyd George\u2019un Birinci D\u00fcnya Sava\u015f\u0131 sonras\u0131 kaleme ald\u0131\u011f\u0131 hat\u0131ralar\u0131n\u0131n T\u00fcrkiye\u2019ye ait b\u00f6l\u00fcmlerini i\u00e7ermektedir.D. Lloyd George, bu kapsaml\u0131 hat\u0131ralar\u0131n\u0131n ilgili b\u00f6l\u00fcmlerinde Osmanl\u0131 Devleti\u2019nin payla\u015f\u0131m\u0131na yer vererek T\u00fcrklerle imzalanacak Sevr Bar\u0131\u015f Antla\u015fmas\u0131 s\u00fcrecinin nas\u0131l ilerledi\u011fine, Lozan Bar\u0131\u015f\u0131\u2019na nas\u0131l gelindi\u011fine ve bu s\u00fcre\u00e7te \u0130ngiltere\u2019nin m\u00fcttefikleri ile hangi noktalarda anla\u015fmazl\u0131\u011fa d\u00fc\u015ft\u00fc\u011f\u00fcne de\u011finmektedir. Sava\u015ftan sonra Arap topraklar\u0131n\u0131n b\u00f6l\u00fc\u015f\u00fcm\u00fcnde M\u00fcttefikler hangi hatalara d\u00fc\u015ft\u00fcler? Ortado\u011fu\u2019yu b\u00f6len Sykes-Picot Antla\u015fmas\u0131\u2019n\u0131 neden \u201crezil bir belge\u201d olarak niteledi? Asla uygulanmamas\u0131 gereken bir belge olarak kabul etti\u011fi bu antla\u015fma, sava\u015ftan sonra hangi politik ve askeri s\u0131k\u0131nt\u0131lara sebebiyet verdi? Filistin\u2019de bir \u0130srail Devleti\u2019nin kurulmas\u0131na y\u00f6nelik faaliyetlerde onun en b\u00fcy\u00fck endi\u015fesi neydi? ABD, bu i\u015fin neresindeydi? Filistin, neden b\u00f6l\u00fcnmemeliydi? gibi sorulara D. Lloyd George, hat\u0131ralar\u0131nda cevaplar vermektedir.Ayr\u0131ca onun T\u00fcrk Mill\u00ee M\u00fccadelesine bak\u0131\u015f a\u00e7\u0131s\u0131n\u0131 da bu hat\u0131ralarda bulacaks\u0131n\u0131z. Ona g\u00f6re, Mustafa Kemal Pa\u015fa, Anadolu\u2019da M\u00fcttefik planlar\u0131n\u0131 nas\u0131l alt \u00fcst etti? Yunanl\u0131lar neden bozguna u\u011frad\u0131? Bu bozgun, \u00f6nlenebilir miydi? Dahas\u0131, \u201cS\u0131rt\u0131m\u0131zdan yedi\u011fimiz ilk han\u00e7er olarak&#8230;\u201d niteledi\u011fi Lozan Bar\u0131\u015f Antla\u015fmas\u0131\u2019n\u0131 M\u00fcttefikler a\u00e7\u0131s\u0131ndan neden bir \u201cfelaket ve ihanet belgesi\u201d olarak kabul etmektedir? gibi sorulara da hat\u0131ralar\u0131n\u0131n ilgili b\u00f6l\u00fcmlerinde D. Lloyd George, detayl\u0131 bir \u015fekilde cevaplar sunmaktad\u0131r.<\/p>\n","protected":false},"excerpt":{"rendered":"<p>Bu eser, 1916-1922 y\u0131llar\u0131 aras\u0131nda \u0130ngiltere\u2019de ba\u015fbakanl\u0131k g\u00f6revini y\u00fcr\u00fcten David Lloyd George\u2019un Birinci D\u00fcnya Sava\u015f\u0131 sonras\u0131 kaleme ald\u0131\u011f\u0131 hat\u0131ralar\u0131n\u0131n T\u00fcrkiye\u2019ye ait b\u00f6l\u00fcmlerini i\u00e7ermektedir.D. Lloyd George, bu<span class=\"excerpt-hellip\"> [\u2026]<\/span><\/p>\n","protected":false},"featured_media":0,"template":"","meta":{"_monsterinsights_skip_tracking":false,"_monsterinsights_sitenote_active":false,"_monsterinsights_sitenote_note":"","_monsterinsights_sitenote_category":0},"product_brand":[],"product_cat":[12291],"product_tag":[],"class_list":{"0":"post-758050","1":"product","2":"type-product","3":"status-publish","5":"product_cat-edebiyat","6":"pa_cilt-ciltsiz","7":"pa_tur-kitap","8":"pa_yayinevi-ideal-kultur-yayincilik","9":"pa_yazar-resul-yavuz","11":"first","12":"instock","13":"sale","14":"shipping-taxable","15":"purchasable","16":"product-type-simple"},"_links":{"self":[{"href":"https:\/\/roveyayinevi.com.tr\/index.php\/wp-json\/wp\/v2\/product\/758050","targetHints":{"allow":["GET"]}}],"collection":[{"href":"https:\/\/roveyayinevi.com.tr\/index.php\/wp-json\/wp\/v2\/product"}],"about":[{"href":"https:\/\/roveyayinevi.com.tr\/index.php\/wp-json\/wp\/v2\/types\/product"}],"wp:attachment":[{"href":"https:\/\/roveyayinevi.com.tr\/index.php\/wp-json\/wp\/v2\/media?parent=758050"}],"wp:term":[{"taxonomy":"product_brand","embeddable":true,"href":"https:\/\/roveyayinevi.com.tr\/index.php\/wp-json\/wp\/v2\/product_brand?post=758050"},{"taxonomy":"product_cat","embeddable":true,"href":"https:\/\/roveyayinevi.com.tr\/index.php\/wp-json\/wp\/v2\/product_cat?post=758050"},{"taxonomy":"product_tag","embeddable":true,"href":"https:\/\/roveyayinevi.com.tr\/index.php\/wp-json\/wp\/v2\/product_tag?post=758050"}],"curies":[{"name":"wp","href":"https:\/\/api.w.org\/{rel}","templated":true}]}}