{"id":758047,"date":"2025-08-28T07:54:13","date_gmt":"2025-08-28T04:54:13","guid":{"rendered":"https:\/\/roveyayinevi.com.tr\/index.php\/urun\/egitim-bilimlerine-giris-3\/"},"modified":"2026-04-16T03:11:16","modified_gmt":"2026-04-16T00:11:16","slug":"egitim-bilimlerine-giris-3","status":"publish","type":"product","link":"https:\/\/roveyayinevi.com.tr\/index.php\/urun\/egitim-bilimlerine-giris-3\/","title":{"rendered":"E\u011fitim Bilimlerine Giri\u015f"},"content":{"rendered":"<p>E\u011fitim, bir y\u00f6n\u00fcyle ki\u015finin kendini tan\u0131ma s\u00fcrecidir. Son \u00e7eyrek y\u00fczy\u0131lda e\u011fitim bilimleri ve \u00f6\u011fretmen yeti\u015ftirme alan\u0131ndaki temel ders kitaplar\u0131 say\u0131s\u0131nda art\u0131\u015f g\u00f6r\u00fclmektedir. Dr. \u00d6\u011fretim \u00dcyesi Ahmet Avc\u0131 taraf\u0131ndan haz\u0131rlanan bu \u00e7al\u0131\u015fma, gerek \u00f6zg\u00fcn \u00f6rnekler gerek ise kullan\u0131lan dil bak\u0131m\u0131ndan benzerlerinden ayr\u0131lmaktad\u0131r. Zengin kaynak\u00e7as\u0131, kapsaml\u0131 i\u00e7eri\u011fi ile sadece ders kitab\u0131 olarak de\u011fil akademisyenler i\u00e7in bir referans ve toplumun bir\u00e7ok kesimi taraf\u0131ndan da rahatl\u0131kla istifade edilebilecek bir eser olma \u00f6zelli\u011fini ta\u015f\u0131maktad\u0131r.<\/p>\n","protected":false},"excerpt":{"rendered":"<p>E\u011fitim, bir y\u00f6n\u00fcyle ki\u015finin kendini tan\u0131ma s\u00fcrecidir. Son \u00e7eyrek y\u00fczy\u0131lda e\u011fitim bilimleri ve \u00f6\u011fretmen yeti\u015ftirme alan\u0131ndaki temel ders kitaplar\u0131 say\u0131s\u0131nda art\u0131\u015f g\u00f6r\u00fclmektedir. Dr. \u00d6\u011fretim \u00dcyesi Ahmet<span class=\"excerpt-hellip\"> [\u2026]<\/span><\/p>\n","protected":false},"featured_media":0,"template":"","meta":{"_monsterinsights_skip_tracking":false,"_monsterinsights_sitenote_active":false,"_monsterinsights_sitenote_note":"","_monsterinsights_sitenote_category":0},"product_brand":[],"product_cat":[12573,12566],"product_tag":[],"class_list":{"0":"post-758047","1":"product","2":"type-product","3":"status-publish","5":"product_cat-akademik-kitaplar","6":"product_cat-egitim","7":"pa_cilt-ciltsiz","8":"pa_tur-kitap","9":"pa_yayinevi-ideal-kultur-akademik","10":"pa_yazar-ahmet-avci","12":"first","13":"instock","14":"sale","15":"shipping-taxable","16":"purchasable","17":"product-type-simple"},"_links":{"self":[{"href":"https:\/\/roveyayinevi.com.tr\/index.php\/wp-json\/wp\/v2\/product\/758047","targetHints":{"allow":["GET"]}}],"collection":[{"href":"https:\/\/roveyayinevi.com.tr\/index.php\/wp-json\/wp\/v2\/product"}],"about":[{"href":"https:\/\/roveyayinevi.com.tr\/index.php\/wp-json\/wp\/v2\/types\/product"}],"wp:attachment":[{"href":"https:\/\/roveyayinevi.com.tr\/index.php\/wp-json\/wp\/v2\/media?parent=758047"}],"wp:term":[{"taxonomy":"product_brand","embeddable":true,"href":"https:\/\/roveyayinevi.com.tr\/index.php\/wp-json\/wp\/v2\/product_brand?post=758047"},{"taxonomy":"product_cat","embeddable":true,"href":"https:\/\/roveyayinevi.com.tr\/index.php\/wp-json\/wp\/v2\/product_cat?post=758047"},{"taxonomy":"product_tag","embeddable":true,"href":"https:\/\/roveyayinevi.com.tr\/index.php\/wp-json\/wp\/v2\/product_tag?post=758047"}],"curies":[{"name":"wp","href":"https:\/\/api.w.org\/{rel}","templated":true}]}}