{"id":758044,"date":"2025-08-28T07:54:09","date_gmt":"2025-08-28T04:54:09","guid":{"rendered":"https:\/\/roveyayinevi.com.tr\/index.php\/urun\/oncu-ogretmen\/"},"modified":"2026-04-16T03:11:16","modified_gmt":"2026-04-16T00:11:16","slug":"oncu-ogretmen","status":"publish","type":"product","link":"https:\/\/roveyayinevi.com.tr\/index.php\/urun\/oncu-ogretmen\/","title":{"rendered":"\u00d6nc\u00fc \u00d6\u011fretmen"},"content":{"rendered":"<p>\u00d6\u011fretmenlik, her \u015feyden \u00f6nce bir hizmet, bir \u00f6zveri, bir ideal mesle\u011fidir. \u0130dealist bir \u00f6\u011fretmen her ortamda ve her \u015fartta idealizmini koruyarak \u00f6n\u00fcne \u00e7\u0131kan engeller kar\u015f\u0131s\u0131nda y\u0131lmamal\u0131, mesle\u011fine olan sevgisini yitirmemeli ve en \u00f6nemlisi kendine olan g\u00fcvenini zedelememelidir. Bu nedenle bu yolculuk s\u00fcresince sadece i\u00e7indeki d\u00f6n\u00fc\u015ft\u00fcr\u00fcc\u00fc g\u00fcc\u00fcn de\u011fil mesle\u011finin sorumluluklar\u0131n\u0131 yerine getirirken kar\u015f\u0131la\u015faca\u011f\u0131 engellerin de fark\u0131nda olmal\u0131d\u0131r.\u00d6nc\u00fc \u00d6\u011fretmen kitab\u0131 i\u00e7in yirmi be\u015f y\u0131ll\u0131k \u00f6\u011fretmenlik deneyiminin bir nevi \u00f6zeti diyebiliriz. Bu \u00f6zeti sunabilmek ad\u0131na yazar, bazen \u00f6\u011fretmeni, bazen okullar\u0131, bazen sistemi, bazen de toplumsal durumu sorgularken ayn\u0131 zamanda \u00e7\u00f6z\u00fcm aray\u0131\u015f\u0131 i\u00e7erisinde e\u011fitimsel uygulamalar\u0131, yeri geldi\u011finde de sosyal geli\u015fmeleri ve medyay\u0131 irdelemektedir. E\u011fitim d\u00fcnyas\u0131nda hem bug\u00fcn\u00fcn hem de gelece\u011fin sorunlar\u0131 hakk\u0131nda \u00f6zg\u00fcn tespitlerin sunuldu\u011fu \u00d6nc\u00fc \u00d6\u011fretmen, bir \u00f6\u011fretmenin icra etti\u011fi mesle\u011fi ele\u015ftirel bak\u0131\u015f a\u00e7\u0131s\u0131 ile t\u00fcm y\u00f6nleriyle ele almaktad\u0131r.<\/p>\n","protected":false},"excerpt":{"rendered":"<p>\u00d6\u011fretmenlik, her \u015feyden \u00f6nce bir hizmet, bir \u00f6zveri, bir ideal mesle\u011fidir. \u0130dealist bir \u00f6\u011fretmen her ortamda ve her \u015fartta idealizmini koruyarak \u00f6n\u00fcne \u00e7\u0131kan engeller kar\u015f\u0131s\u0131nda y\u0131lmamal\u0131,<span class=\"excerpt-hellip\"> [\u2026]<\/span><\/p>\n","protected":false},"featured_media":0,"template":"","meta":{"_monsterinsights_skip_tracking":false,"_monsterinsights_sitenote_active":false,"_monsterinsights_sitenote_note":"","_monsterinsights_sitenote_category":0},"product_brand":[],"product_cat":[12777,12291],"product_tag":[],"class_list":{"0":"post-758044","1":"product","2":"type-product","3":"status-publish","5":"product_cat-deneme","6":"product_cat-edebiyat","7":"pa_cilt-ciltsiz","8":"pa_tur-kitap","9":"pa_yayinevi-ideal-kultur-yayincilik","10":"pa_yazar-adem-keven","12":"first","13":"instock","14":"sale","15":"shipping-taxable","16":"purchasable","17":"product-type-simple"},"_links":{"self":[{"href":"https:\/\/roveyayinevi.com.tr\/index.php\/wp-json\/wp\/v2\/product\/758044","targetHints":{"allow":["GET"]}}],"collection":[{"href":"https:\/\/roveyayinevi.com.tr\/index.php\/wp-json\/wp\/v2\/product"}],"about":[{"href":"https:\/\/roveyayinevi.com.tr\/index.php\/wp-json\/wp\/v2\/types\/product"}],"wp:attachment":[{"href":"https:\/\/roveyayinevi.com.tr\/index.php\/wp-json\/wp\/v2\/media?parent=758044"}],"wp:term":[{"taxonomy":"product_brand","embeddable":true,"href":"https:\/\/roveyayinevi.com.tr\/index.php\/wp-json\/wp\/v2\/product_brand?post=758044"},{"taxonomy":"product_cat","embeddable":true,"href":"https:\/\/roveyayinevi.com.tr\/index.php\/wp-json\/wp\/v2\/product_cat?post=758044"},{"taxonomy":"product_tag","embeddable":true,"href":"https:\/\/roveyayinevi.com.tr\/index.php\/wp-json\/wp\/v2\/product_tag?post=758044"}],"curies":[{"name":"wp","href":"https:\/\/api.w.org\/{rel}","templated":true}]}}